{"id":2012,"date":"2025-12-11T10:00:39","date_gmt":"2025-12-11T10:00:39","guid":{"rendered":"https:\/\/marmolesmoya.com\/?page_id=2012"},"modified":"2025-12-11T11:48:13","modified_gmt":"2025-12-11T11:48:13","slug":"contacto-marmoles-en-mallorca-2","status":"publish","type":"page","link":"https:\/\/marmolesmoya.com\/en\/contacto-marmoles-en-mallorca-2\/","title":{"rendered":"Sustainability Plan"},"content":{"rendered":"<div class=\"fusion-fullwidth fullwidth-box fusion-builder-row-1 fusion-parallax-none nonhundred-percent-fullwidth non-hundred-percent-height-scrolling\" style=\"background-color: rgba(255,255,255,0);background-image: url(&quot;http:\/\/marmolesmoya.com\/wp-content\/uploads\/2025\/12\/FOTO-PLACAS-TALLER.jpg&quot;);background-position: center center;background-repeat: no-repeat;padding-top:110px;padding-right:6%;padding-bottom:140px;padding-left:6%;margin-bottom: 0px;margin-top: 0px;border-width: 0px 0px 0px 0px;border-color:#eae9e9;border-style:solid;-webkit-background-size:cover;-moz-background-size:cover;-o-background-size:cover;background-size:cover;\" ><\/p>\n<div class=\"fusion-builder-row fusion-row\">\n<div class=\"fusion-layout-column fusion_builder_column fusion-builder-column-0 fusion_builder_column_1_1 1_1 fusion-one-full fusion-column-first fusion-column-last fusion-column-no-min-height\" style=\"margin-top:0px;margin-bottom:0px;\"><div class=\"fusion-column-wrapper fusion-flex-column-wrapper-legacy\" style=\"background-position:left top;background-repeat:no-repeat;-webkit-background-size:cover;-moz-background-size:cover;-o-background-size:cover;background-size:cover;padding: 0px 0px 0px 0px;\">\n<div class=\"fusion-text fusion-text-1\"><h1 style=\"text-align: center;\">Sustainability Plan<\/h1>\n<\/div>\n<div class=\"fusion-sep-clear\"><\/div><div class=\"fusion-separator hrleft\" style=\"margin-left: auto;margin-right: auto;margin-top:20px;margin-bottom:20px;width:100%;max-width:170px;\"><div class=\"fusion-separator-border sep-single sep-solid\" style=\"border-color:#e69efa;border-top-width:1px;\"><\/div><\/div><div class=\"fusion-sep-clear\"><\/div>\n<div class=\"fusion-clearfix\"><\/div><\/div><\/div>\n<\/div>\n<p><\/div>\n<div class=\"fusion-builder-row fusion-row\"><\/p>\n<div class=\"fusion-layout-column fusion_builder_column fusion-builder-column-1 fusion_builder_column_1_1 1_1 fusion-one-full fusion-column-first fusion-column-last\" style=\"width:100%;margin-top:0px;margin-bottom:0px;\"><div class=\"fusion-column-wrapper fusion-flex-column-wrapper-legacy\" style=\"background-position:left top;background-repeat:no-repeat;-webkit-background-size:cover;-moz-background-size:cover;-o-background-size:cover;background-size:cover;padding: 0px 0px 0px 0px;\"><div class=\"fusion-column-content-centered\"><div class=\"fusion-column-content\">\n&nbsp;&nbsp;<div class=\"fusion-text fusion-text-2\"><div style=\"text-align: left;\">\n<p>In our ongoing commitment to sustainability and respect for the environment, we have carried out two installations located at:<\/p>\n<ul style=\"display: inline-block; text-align: left;\">\n<li>Calle Fusters, lots 59-60, Unit 1 \u2013 Lloseta. With 74 solar panels of 595 Wp, which generate a total of 44,030 Wp of clean energy. This project was made possible thanks to an investment of \u20ac34,447.00, partially subsidized with \u20ac19,750.20.<\/li>\n<li>Calle Sabaters, lot 56 \u2013 Lloseta. With 168 solar panels of 595 Wp, which generate a total of 99,960 Wp of clean energy. This project was made possible thanks to an investment of \u20ac71,005.00, partially subsidized with \u20ac41,982.00.<\/li>\n<\/ul>\n<p>With this action, we take another step towards reducing our carbon footprint and responsibly using energy resources.\n<\/p>\n<\/div>\n<div style=\"text-align:center; margin-top:25px;\"> <a href=\"http:\/\/marmolesmoya.com\/wp-content\/uploads\/2025\/12\/AF_CARTEL_Illes_Balears_v2_20242.pdf\" target=\"_blank\" style=\"color:#e69efa; font-size:18px; text-decoration:none;\" rel=\"noopener\"> \ud83d\udcc4 View document 1 (PDF) <\/a> <\/p>\n<p> <a href=\"http:\/\/marmolesmoya.com\/wp-content\/uploads\/2025\/12\/AF_CARTEL_Illes_Balears_v2_2024.pdf\" target=\"_blank\" style=\"color:#e69efa; font-size:18px; text-decoration:none;\" rel=\"noopener\"> \ud83d\udcc4 View document 2 (PDF) <\/a> <\/div>\n<\/div>\n<\/div><\/div><div class=\"fusion-clearfix\"><\/div><\/div><\/div>\n<p><\/div>\n<p><div class=\"fusion-fullwidth fullwidth-box fusion-builder-row-2 nonhundred-percent-fullwidth non-hundred-percent-height-scrolling fusion-equal-height-columns\" style=\"background-color: #313539;background-position: left top;background-repeat: no-repeat;padding-top:130px;padding-right:6%;padding-bottom:130px;padding-left:6%;margin-bottom: 0px;margin-top: 0px;border-width: 0px 0px 0px 0px;border-color:#eae9e9;border-style:solid;\" ><\/div><div class=\"fusion-builder-row fusion-row\"><\/div><div class=\"fusion-layout-column fusion_builder_column fusion-builder-column-2 fusion_builder_column_1_1 1_1 fusion-one-full fusion-column-first fusion-column-last\" style=\"width:100%;margin-top:0px;margin-bottom:0px;\"><div class=\"fusion-column-wrapper fusion-flex-column-wrapper-legacy\" style=\"background-position:left top;background-repeat:no-repeat;-webkit-background-size:cover;-moz-background-size:cover;-o-background-size:cover;background-size:cover;padding: 0px 0px 0px 0px;\"><div class=\"fusion-clearfix\"><\/div><\/div><\/div><\/p>\n<div class=\"fusion-fullwidth fullwidth-box fusion-builder-row-3 nonhundred-percent-fullwidth non-hundred-percent-height-scrolling\" style=\"background-color: #313539;background-position: left top;background-repeat: no-repeat;padding-top:130px;padding-right:6%;padding-bottom:130px;padding-left:6%;margin-bottom: 0px;margin-top: 0px;border-width: 0px 0px 0px 0px;border-color:#eae9e9;border-style:solid;\" ><\/div>\n","protected":false},"excerpt":{"rendered":"","protected":false},"author":4,"featured_media":0,"parent":0,"menu_order":0,"comment_status":"closed","ping_status":"closed","template":"100-width.php","meta":[],"yoast_head":"<!-- This site is optimized with the Yoast SEO plugin v16.3 - https:\/\/yoast.com\/wordpress\/plugins\/seo\/ -->\n<title>Sustainability Plan | M\u00e1rmoles Moy\u00e0 | M\u00e1rmoles en Mallorca M\u00e1rmol<\/title>\n<meta name=\"description\" content=\"We have carried out two installations, reducing our carbon footprint and promoting the responsible use of energy resources.\" \/>\n<meta name=\"robots\" content=\"index, follow, max-snippet:-1, max-image-preview:large, max-video-preview:-1\" \/>\n<link rel=\"canonical\" href=\"https:\/\/marmolesmoya.com\/en\/contacto-marmoles-en-mallorca-2\/\" \/>\n<meta property=\"og:locale\" content=\"en_US\" \/>\n<meta property=\"og:type\" content=\"article\" \/>\n<meta property=\"og:title\" content=\"Sustainability Plan | M\u00e1rmoles Moy\u00e0 | M\u00e1rmoles en Mallorca M\u00e1rmol\" \/>\n<meta property=\"og:description\" content=\"We have carried out two installations, reducing our carbon footprint and promoting the responsible use of energy resources.\" \/>\n<meta property=\"og:url\" content=\"https:\/\/marmolesmoya.com\/en\/contacto-marmoles-en-mallorca-2\/\" \/>\n<meta property=\"og:site_name\" content=\"Marmoles Moy\u00e1\" \/>\n<meta property=\"article:modified_time\" content=\"2025-12-11T11:48:13+00:00\" \/>\n<meta name=\"twitter:card\" content=\"summary\" \/>\n<meta name=\"twitter:label1\" content=\"Est. reading time\">\n\t<meta name=\"twitter:data1\" content=\"3 minutes\">\n<script type=\"application\/ld+json\" class=\"yoast-schema-graph\">{\"@context\":\"https:\/\/schema.org\",\"@graph\":[{\"@type\":\"WebSite\",\"@id\":\"https:\/\/marmolesmoya.com\/#website\",\"url\":\"https:\/\/marmolesmoya.com\/\",\"name\":\"Marmoles Moy\\u00e1\",\"description\":\"Materiales y suministros\",\"potentialAction\":[{\"@type\":\"SearchAction\",\"target\":\"https:\/\/marmolesmoya.com\/?s={search_term_string}\",\"query-input\":\"required name=search_term_string\"}],\"inLanguage\":\"en-US\"},{\"@type\":\"WebPage\",\"@id\":\"https:\/\/marmolesmoya.com\/en\/contacto-marmoles-en-mallorca-2\/#webpage\",\"url\":\"https:\/\/marmolesmoya.com\/en\/contacto-marmoles-en-mallorca-2\/\",\"name\":\"Sustainability Plan | M\\u00e1rmoles Moy\\u00e0 | M\\u00e1rmoles en Mallorca M\\u00e1rmol\",\"isPartOf\":{\"@id\":\"https:\/\/marmolesmoya.com\/#website\"},\"datePublished\":\"2025-12-11T10:00:39+00:00\",\"dateModified\":\"2025-12-11T11:48:13+00:00\",\"description\":\"We have carried out two installations, reducing our carbon footprint and promoting the responsible use of energy resources.\",\"breadcrumb\":{\"@id\":\"https:\/\/marmolesmoya.com\/en\/contacto-marmoles-en-mallorca-2\/#breadcrumb\"},\"inLanguage\":\"en-US\",\"potentialAction\":[{\"@type\":\"ReadAction\",\"target\":[\"https:\/\/marmolesmoya.com\/en\/contacto-marmoles-en-mallorca-2\/\"]}]},{\"@type\":\"BreadcrumbList\",\"@id\":\"https:\/\/marmolesmoya.com\/en\/contacto-marmoles-en-mallorca-2\/#breadcrumb\",\"itemListElement\":[{\"@type\":\"ListItem\",\"position\":1,\"item\":{\"@type\":\"WebPage\",\"@id\":\"https:\/\/marmolesmoya.com\/\",\"url\":\"https:\/\/marmolesmoya.com\/\",\"name\":\"Portada\"}},{\"@type\":\"ListItem\",\"position\":2,\"item\":{\"@id\":\"https:\/\/marmolesmoya.com\/en\/contacto-marmoles-en-mallorca-2\/#webpage\"}}]}]}<\/script>\n<!-- \/ Yoast SEO plugin. -->","_links":{"self":[{"href":"https:\/\/marmolesmoya.com\/en\/wp-json\/wp\/v2\/pages\/2012"}],"collection":[{"href":"https:\/\/marmolesmoya.com\/en\/wp-json\/wp\/v2\/pages"}],"about":[{"href":"https:\/\/marmolesmoya.com\/en\/wp-json\/wp\/v2\/types\/page"}],"author":[{"embeddable":true,"href":"https:\/\/marmolesmoya.com\/en\/wp-json\/wp\/v2\/users\/4"}],"replies":[{"embeddable":true,"href":"https:\/\/marmolesmoya.com\/en\/wp-json\/wp\/v2\/comments?post=2012"}],"version-history":[{"count":8,"href":"https:\/\/marmolesmoya.com\/en\/wp-json\/wp\/v2\/pages\/2012\/revisions"}],"predecessor-version":[{"id":2090,"href":"https:\/\/marmolesmoya.com\/en\/wp-json\/wp\/v2\/pages\/2012\/revisions\/2090"}],"wp:attachment":[{"href":"https:\/\/marmolesmoya.com\/en\/wp-json\/wp\/v2\/media?parent=2012"}],"curies":[{"name":"wp","href":"https:\/\/api.w.org\/{rel}","templated":true}]}}