{"id":1707,"date":"2024-06-03T13:23:20","date_gmt":"2024-06-03T13:23:20","guid":{"rendered":"https:\/\/marmolesmoya.com\/?page_id=1707"},"modified":"2024-06-03T15:14:17","modified_gmt":"2024-06-03T15:14:17","slug":"privacy-policy-2","status":"publish","type":"page","link":"https:\/\/marmolesmoya.com\/en\/privacy-policy-2\/","title":{"rendered":"Privacy Policy"},"content":{"rendered":"<div class=\"fusion-fullwidth fullwidth-box fusion-builder-row-1 nonhundred-percent-fullwidth non-hundred-percent-height-scrolling\" style=\"background-color: rgba(255,255,255,0);background-position: left top;background-repeat: no-repeat;padding-top:20px;padding-right:0px;padding-bottom:20px;padding-left:0px;margin-bottom: 0px;margin-top: 0px;border-width: 0px 0px 0px 0px;border-color:#eae9e9;border-style:solid;\" ><div class=\"fusion-builder-row fusion-row\"><div class=\"fusion-layout-column fusion_builder_column fusion-builder-column-0 fusion_builder_column_1_1 1_1 fusion-one-full fusion-column-first fusion-column-last fusion-column-no-min-height\" style=\"margin-top:0px;margin-bottom:0px;\"><div class=\"fusion-column-wrapper fusion-flex-column-wrapper-legacy\" style=\"background-position:left top;background-repeat:no-repeat;-webkit-background-size:cover;-moz-background-size:cover;-o-background-size:cover;background-size:cover;padding: 0px 0px 0px 0px;\"><div class=\"fusion-text fusion-text-1\"><h1>Privacy Policy<\/h1>\n<h1><\/h1>\n<h1>Website owner details:<\/h1>\n<table>\n<tbody>\n<tr>\n<td width=\"174\"><b>BUSSINESS NAME<\/b><\/td>\n<td width=\"407\">MARMOLES MOYA E HIJOS SL<\/td>\n<\/tr>\n<tr>\n<td width=\"174\"><strong>NIF<\/strong><\/td>\n<td width=\"407\">B57226128<\/td>\n<\/tr>\n<tr>\n<td width=\"174\"><strong>DOMAIN<\/strong><\/td>\n<td width=\"407\"><a href=\"http:\/\/marmolesmoya.com\/\">http:\/\/marmolesmoya.com\/<\/a><\/td>\n<\/tr>\n<tr>\n<td width=\"174\"><b>ADDRESS<\/b><\/td>\n<td width=\"407\">POLIG. P-3 &#8211; C\/ SABATERS, 10,07360 LLOSETA(ILLES BALEARS)<\/td>\n<\/tr>\n<tr>\n<td width=\"174\"><b>MAIL<\/b><\/td>\n<td width=\"407\"><a href=\"mailto:ADMINISTRACION@MARMOLESMOYA.COM\">ADMINISTRACION@MARMOLESMOYA.COM<\/a><\/td>\n<\/tr>\n<tr>\n<td width=\"174\"><strong>PHONE<\/strong><\/td>\n<td width=\"407\">971514323<\/td>\n<\/tr>\n<tr>\n<td width=\"174\"><strong>REGISTRATION N\u00ba.\/ ADDITIONAL DATA<\/strong><\/td>\n<td width=\"407\"><\/td>\n<\/tr>\n<\/tbody>\n<\/table>\n<p><strong>\u00a0<\/strong><\/p>\n<p><strong>\u00a0<\/strong><\/p>\n<p><strong>\u00a0<\/strong><\/p>\n<p id=\"tw-target-text\" class=\"tw-data-text tw-text-large tw-ta\" dir=\"ltr\" data-placeholder=\"Traducci\u00f3n\" aria-label=\"Texto traducido\" data-ved=\"2ahUKEwjgqoOxw7-GAxWu-gIHHcCaBbcQ3ewLegQIChAU\"><strong><span class=\"Y2IQFc\" lang=\"en\">Data Protection<\/span><\/strong><\/p>\n<p><strong>\u00a0<\/strong><\/p>\n<p id=\"tw-target-text\" class=\"tw-data-text tw-text-large tw-ta\" dir=\"ltr\" data-placeholder=\"Traducci\u00f3n\" aria-label=\"Texto traducido\" data-ved=\"2ahUKEwjgqoOxw7-GAxWu-gIHHcCaBbcQ3ewLegQIChAU\"><span class=\"Y2IQFc\" lang=\"en\">In accordance with current and applicable regulations on the protection of personal data, we inform you that your data will be incorporated into the processing system owned by MARMOLES MOYA E HIJOS SL with NIF B57226128 and registered office in POLIG. P-3 &#8211; C\/ SABATERS, 10,07360 LLOSETA (ILLES BALEARS). Below, we indicate the most notable aspects of the treatments performed:<\/span><\/p>\n<p>&nbsp;<\/p>\n<table>\n<tbody>\n<tr>\n<td colspan=\"2\" width=\"582\"><strong>TREATMENTS PERFORMED<\/strong><\/td>\n<\/tr>\n<tr>\n<td width=\"138\">&nbsp;<\/p>\n<p>&nbsp;<\/p>\n<p id=\"tw-target-text\" class=\"tw-data-text tw-text-large tw-ta\" dir=\"ltr\" data-placeholder=\"Traducci\u00f3n\" aria-label=\"Texto traducido\" data-ved=\"2ahUKEwjgqoOxw7-GAxWu-gIHHcCaBbcQ3ewLegQIChAU\"><span class=\"Y2IQFc\" lang=\"en\">Commercial actions web form<\/span><\/p>\n<\/td>\n<td width=\"443\">\n<p id=\"tw-target-text\" class=\"tw-data-text tw-text-large tw-ta\" dir=\"ltr\" data-placeholder=\"Traducci\u00f3n\" aria-label=\"Texto traducido\" data-ved=\"2ahUKEwjgqoOxw7-GAxWu-gIHHcCaBbcQ3ewLegQIChAU\"><span class=\"Y2IQFc\" lang=\"en\"><strong>Purpose:<\/strong> Collection, registration and processing of data for the purposes of responding to your queries and\/or requests, as well as advertising and commercial prospecting.<\/span><\/p>\n<p id=\"tw-target-text\" class=\"tw-data-text tw-text-large tw-ta\" dir=\"ltr\" data-placeholder=\"Traducci\u00f3n\" aria-label=\"Texto traducido\" data-ved=\"2ahUKEwjgqoOxw7-GAxWu-gIHHcCaBbcQ3ewLegQIChAU\"><span class=\"Y2IQFc\" lang=\"en\"><strong>Conservation period:<\/strong> as long as the consent given is maintained, except legal obligation.<\/span><\/p>\n<p id=\"tw-target-text\" class=\"tw-data-text tw-text-large tw-ta\" dir=\"ltr\" data-placeholder=\"Traducci\u00f3n\" aria-label=\"Texto traducido\" data-ved=\"2ahUKEwjgqoOxw7-GAxWu-gIHHcCaBbcQ3ewLegQIChAU\"><span class=\"Y2IQFc\" lang=\"en\"><strong>Legitimate basis:<\/strong> The consent of the interested party.<\/span><\/p>\n<p id=\"tw-target-text\" class=\"tw-data-text tw-text-large tw-ta\" dir=\"ltr\" data-placeholder=\"Traducci\u00f3n\" aria-label=\"Texto traducido\" data-ved=\"2ahUKEwjgqoOxw7-GAxWu-gIHHcCaBbcQ3ewLegQIChAU\"><strong><span class=\"Y2IQFc\" lang=\"en\">Data Typology:<\/span><\/strong><\/p>\n<p><strong>Basic data: <\/strong><span class=\"Y2IQFc\" lang=\"en\">Name and surname, Email address<\/span><\/td>\n<\/tr>\n<tr>\n<td width=\"138\">&nbsp;<\/p>\n<p>&nbsp;<\/p>\n<p id=\"tw-target-text\" class=\"tw-data-text tw-text-large tw-ta\" dir=\"ltr\" data-placeholder=\"Traducci\u00f3n\" aria-label=\"Texto traducido\" data-ved=\"2ahUKEwjgqoOxw7-GAxWu-gIHHcCaBbcQ3ewLegQIChAU\"><span class=\"Y2IQFc\" lang=\"en\">Web user management<\/span><\/p>\n<\/td>\n<td width=\"443\"><strong>Purpose: <\/strong><span class=\"Y2IQFc\" lang=\"en\">Collection, registration and processing of user data.<\/span><\/p>\n<p><strong>Conservation period: <\/strong><span class=\"Y2IQFc\" lang=\"en\">as long as the consent given is maintained, except legal obligation.<\/span><\/p>\n<p class=\"tw-data-text tw-text-large tw-ta\" dir=\"ltr\" data-placeholder=\"Traducci\u00f3n\" aria-label=\"Texto traducido\" data-ved=\"2ahUKEwjgqoOxw7-GAxWu-gIHHcCaBbcQ3ewLegQIChAU\"><strong><span class=\"Y2IQFc\" lang=\"en\">Legitimate basis:<\/span><\/strong><span class=\"Y2IQFc\" lang=\"en\">The consent of the interested party.<\/span><\/p>\n<p><strong><span class=\"Y2IQFc\" lang=\"en\">Data Typology:<\/span><\/strong><\/p>\n<p><strong>Basic data: <\/strong><span class=\"Y2IQFc\" lang=\"en\">Name and surname, Email address<\/span><\/td>\n<\/tr>\n<tr>\n<td width=\"138\">&nbsp;<\/p>\n<p>&nbsp;<\/p>\n<p>Newsletter<\/td>\n<td width=\"443\"><strong>Purpose: <\/strong><span class=\"Y2IQFc\" lang=\"en\">Management of subscription to the newsletter, to make the corresponding shipments.<\/span><\/p>\n<p><strong>Conservation period: <\/strong>as long as the consent given is maintained.<strong><span class=\"Y2IQFc\" lang=\"en\">Legitimate basis:<\/span> <\/strong><span class=\"Y2IQFc\" lang=\"en\">The consent of the interested party.<\/span><\/p>\n<p><strong><span class=\"Y2IQFc\" lang=\"en\">Data Typology:<\/span><\/strong><\/p>\n<p><strong>Basic data: <\/strong><span class=\"Y2IQFc\" lang=\"en\">Name and surname, Email address<\/span><\/td>\n<\/tr>\n<tr>\n<td width=\"138\">&nbsp;<\/p>\n<p>&nbsp;<\/p>\n<p id=\"tw-target-text\" class=\"tw-data-text tw-text-large tw-ta\" dir=\"ltr\" data-placeholder=\"Traducci\u00f3n\" aria-label=\"Texto traducido\" data-ved=\"2ahUKEwjgqoOxw7-GAxWu-gIHHcCaBbcQ3ewLegQIChAU\"><span class=\"Y2IQFc\" lang=\"en\">Cookie installation<\/span><\/p>\n<\/td>\n<td width=\"443\"><strong>Purpose: <\/strong><span class=\"Y2IQFc\" lang=\"en\">Management and installation of cookies.<\/span><strong>Conservation period: <\/strong>as long as the consent given is maintained.<\/p>\n<p><strong><span class=\"Y2IQFc\" lang=\"en\">Legitimate basis:<\/span> <\/strong><span class=\"Y2IQFc\" lang=\"en\">The consent of the interested party.<\/span><\/p>\n<p><strong><span class=\"Y2IQFc\" lang=\"en\">Data Typology:<\/span><\/strong><\/p>\n<p><strong>Basic data: <\/strong><span class=\"Y2IQFc\" lang=\"en\">Email address, IP address<\/span><\/td>\n<\/tr>\n<\/tbody>\n<\/table>\n<p>&nbsp;<\/p>\n<p>&nbsp;<\/p>\n<table>\n<tbody>\n<tr>\n<td width=\"138\">&nbsp;<\/p>\n<p id=\"tw-target-text\" class=\"tw-data-text tw-text-large tw-ta\" dir=\"ltr\" data-placeholder=\"Traducci\u00f3n\" aria-label=\"Texto traducido\" data-ved=\"2ahUKEwjgqoOxw7-GAxWu-gIHHcCaBbcQ3ewLegQIChAU\"><span class=\"Y2IQFc\" lang=\"en\">Web Form Management<\/span><\/p>\n<\/td>\n<td width=\"443\"><strong>Purpose: <\/strong><span class=\"Y2IQFc\" lang=\"en\">Respond to your queries and\/or requests.<\/span><\/p>\n<p><strong>Conservation period: <\/strong>as long as the consent given is maintained.<\/p>\n<p><strong><span class=\"Y2IQFc\" lang=\"en\">Legitimate basis:<\/span> <\/strong>T<span class=\"Y2IQFc\" lang=\"en\">he consent of the interested party.<\/span><\/p>\n<p><strong><span class=\"Y2IQFc\" lang=\"en\">Data Typology:<\/span><\/strong><\/p>\n<p><strong>Basic data: <\/strong><span class=\"Y2IQFc\" lang=\"en\">Name and surname, Email address<\/span><\/td>\n<\/tr>\n<tr>\n<td width=\"138\"><\/td>\n<td width=\"443\"><\/td>\n<\/tr>\n<\/tbody>\n<\/table>\n<p>&nbsp;<\/p>\n<p>&nbsp;<\/p>\n<p>&nbsp;<\/p>\n<table>\n<tbody>\n<tr>\n<td width=\"214\">\n<table width=\"100%\">\n<tbody>\n<tr>\n<td>&#8230;&#8230;&#8230;&#8230;&#8230;&#8230;&#8230;&#8230;&#8230;&#8230;&#8230;&#8230;&#8230;&#8230;&#8230;&#8230;&#8230;&#8230;&#8230;&#8230;.<\/td>\n<\/tr>\n<\/tbody>\n<\/table>\n<\/td>\n<\/tr>\n<\/tbody>\n<\/table>\n<p id=\"tw-target-text\" class=\"tw-data-text tw-text-large tw-ta\" dir=\"ltr\" data-placeholder=\"Traducci\u00f3n\" aria-label=\"Texto traducido\" data-ved=\"2ahUKEwjgqoOxw7-GAxWu-gIHHcCaBbcQ3ewLegQIChAU\"><span class=\"Y2IQFc\" lang=\"en\">At the same time, we inform you that you can contact the Data Protection Officer, by contacting<\/span><\/p>\n<p>&nbsp;<\/p>\n<table>\n<tbody>\n<tr>\n<td width=\"209\">\n<table width=\"100%\">\n<tbody>\n<tr>\n<td>&#8230;&#8230;&#8230;&#8230;&#8230;&#8230;&#8230;&#8230;&#8230;&#8230;&#8230;&#8230;&#8230;&#8230;&#8230;&#8230;&#8230;&#8230;&#8230;&#8230;.<\/td>\n<\/tr>\n<\/tbody>\n<\/table>\n<\/td>\n<\/tr>\n<\/tbody>\n<\/table>\n<p id=\"tw-target-text\" class=\"tw-data-text tw-text-large tw-ta\" dir=\"ltr\" data-placeholder=\"Traducci\u00f3n\" aria-label=\"Texto traducido\" data-ved=\"2ahUKEwjgqoOxw7-GAxWu-gIHHcCaBbcQ3ewLegQIChAU\"><span class=\"Y2IQFc\" lang=\"en\">written\u00a0\u00a0\u00a0\u00a0\u00a0 to\u00a0\u00a0\u00a0\u00a0\u00a0 the\u00a0\u00a0\u00a0\u00a0\u00a0 e-mail address<\/span><\/p>\n<p>POLIG. P-3 &#8211; C\/ SABATERS, 10,07360 LLOSETA(ILLES BALEARS)<\/p>\n<p id=\"tw-target-text\" class=\"tw-data-text tw-text-large tw-ta\" dir=\"ltr\" data-placeholder=\"Traducci\u00f3n\" aria-label=\"Texto traducido\" data-ved=\"2ahUKEwjgqoOxw7-GAxWu-gIHHcCaBbcQ3ewLegQIChAU\"><span class=\"Y2IQFc\" lang=\"en\">or\u00a0\u00a0\u00a0\u00a0\u00a0 on the\u00a0\u00a0\u00a0\u00a0\u00a0 phone<\/span><\/p>\n<p>&nbsp;<\/p>\n<p>&nbsp;<\/p>\n<p>&nbsp;<\/p>\n<h1 id=\"tw-target-text\" class=\"tw-data-text tw-text-large tw-ta\" dir=\"ltr\" data-placeholder=\"Traducci\u00f3n\" aria-label=\"Texto traducido\" data-ved=\"2ahUKEwjgqoOxw7-GAxWu-gIHHcCaBbcQ3ewLegQIChAU\"><span class=\"Y2IQFc\" lang=\"en\">Rights of interested parties<\/span><\/h1>\n<p><strong>\u00a0<\/strong><\/p>\n<p id=\"tw-target-text\" class=\"tw-data-text tw-text-large tw-ta\" dir=\"ltr\" data-placeholder=\"Traducci\u00f3n\" aria-label=\"Texto traducido\" data-ved=\"2ahUKEwjgqoOxw7-GAxWu-gIHHcCaBbcQ3ewLegQIChAU\"><span class=\"Y2IQFc\" lang=\"en\">MARMOLES MOYA E HIJOS SL informs Users that they may exercise the rights of access, rectification, limitation, deletion, portability, opposition to the processing of their personal data and the right not to be subject to automated decisions, including the preparation of profiles, before the Data Controller, as well as the withdrawal of the consent given.<\/span><\/p>\n<p>&nbsp;<\/p>\n<p class=\"tw-data-text tw-text-large tw-ta\" dir=\"ltr\" data-placeholder=\"Traducci\u00f3n\" aria-label=\"Texto traducido\" data-ved=\"2ahUKEwjgqoOxw7-GAxWu-gIHHcCaBbcQ3ewLegQIChAU\"><strong><span class=\"Y2IQFc\" lang=\"en\">Right of access: <\/span><\/strong><span class=\"Y2IQFc\" lang=\"en\">It is the right of the user to obtain confirmation as to whether their data is being processed and, in such case, the specific personal data processed and the legal information of the processing (purposes, legitimizing basis, conservation periods, transfers, origin of the data, etc.). .).<\/span><\/p>\n<p>&nbsp;<\/p>\n<p class=\"tw-data-text tw-text-large tw-ta\" dir=\"ltr\" data-placeholder=\"Traducci\u00f3n\" aria-label=\"Texto traducido\" data-ved=\"2ahUKEwjgqoOxw7-GAxWu-gIHHcCaBbcQ3ewLegQIChAU\"><strong><span class=\"Y2IQFc\" lang=\"en\">Right of Rectification: <\/span><\/strong><span class=\"Y2IQFc\" lang=\"en\">It is the right of the affected party to have the data that turns out to be inaccurate or incomplete modified. In relation to the website, it can only be satisfied in relation to that information that is under the control of the website, for example, eliminating comments published on the page itself, images or web content that contain personal data of the user.<\/span><\/p>\n<p>&nbsp;<\/p>\n<p class=\"tw-data-text tw-text-large tw-ta\" dir=\"ltr\" data-placeholder=\"Traducci\u00f3n\" aria-label=\"Texto traducido\" data-ved=\"2ahUKEwjgqoOxw7-GAxWu-gIHHcCaBbcQ3ewLegQIChAU\"><strong><span class=\"Y2IQFc\" lang=\"en\">Right to Limitation of treatment:<\/span><\/strong><span class=\"Y2IQFc\" lang=\"en\">It is the right to limit the purposes of the treatment originally planned by the person responsible for the treatment in certain cases.<\/span><\/p>\n<p>&nbsp;<\/p>\n<p><strong>Right of Deletion: <\/strong><span class=\"Y2IQFc\" lang=\"en\">It is the right to delete the user&#8217;s personal data, except as provided in the RGPD itself (freedom of expression and information, conservation obligations, formulation, exercise or defense of claims, etc.).<\/span><\/p>\n<p>&nbsp;<\/p>\n<p><strong>Right \u00a0to \u00a0Portability: <\/strong><span class=\"Y2IQFc\" lang=\"en\">The \u00a0right \u00a0to \u00a0receive \u00a0the \u00a0personal \u00a0data \u00a0that \u00a0the \u00a0user \u00a0has \u00a0provided, \u00a0in \u00a0a \u00a0structured \u00a0format, \u00a0common \u00a0use \u00a0and \u00a0machine \u00a0readable, \u00a0and \u00a0to \u00a0transmit \u00a0them \u00a0to \u00a0another \u00a0controller \u00a0when \u00a0the \u00a0treatment \u00a0is \u00a0based \u00a0on \u00a0consent \u00a0or \u00a0on \u00a0the \u00a0execution \u00a0of \u00a0a \u00a0contract \u00a0and \u00a0is \u00a0carried \u00a0out \u00a0by \u00a0mechanical \u00a0means. automated.<\/span><\/p>\n<p>&nbsp;<\/p>\n<p class=\"tw-data-text tw-text-large tw-ta\" dir=\"ltr\" data-placeholder=\"Traducci\u00f3n\" aria-label=\"Texto traducido\" data-ved=\"2ahUKEwjgqoOxw7-GAxWu-gIHHcCaBbcQ3ewLegQIChAU\"><strong><span class=\"Y2IQFc\" lang=\"en\">Right of Opposition:<\/span><\/strong><span class=\"Y2IQFc\" lang=\"en\">It is the user&#8217;s right not to have their personal data processed or to cease their processing by the website when the processing is based on legitimate interest or public interest or when the processing is of direct marketing treatments.<\/span><\/p>\n<p>&nbsp;<\/p>\n<p class=\"tw-data-text tw-text-large tw-ta\" dir=\"ltr\" data-placeholder=\"Traducci\u00f3n\" aria-label=\"Texto traducido\" data-ved=\"2ahUKEwjgqoOxw7-GAxWu-gIHHcCaBbcQ3ewLegQIChAU\"><strong><span class=\"Y2IQFc\" lang=\"en\">Right not to be subject to automated decisions, including profiling: <\/span><\/strong><span class=\"Y2IQFc\" lang=\"en\">When the processing is not necessary for the conclusion or performance of a contract, nor is it authorized by the law of the European Union or the Member States nor is it based on consent, you have the right not to be subject to a decision based solely on the automated processing, including profiling, that produces legal effects or similarly significantly affects you.<\/span><\/p>\n<p>&nbsp;<\/p>\n<p class=\"tw-data-text tw-text-large tw-ta\" dir=\"ltr\" data-placeholder=\"Traducci\u00f3n\" aria-label=\"Texto traducido\" data-ved=\"2ahUKEwjgqoOxw7-GAxWu-gIHHcCaBbcQ3ewLegQIChAU\"><strong><span class=\"Y2IQFc\" lang=\"en\">Right to withdraw consent: <\/span><\/strong><span class=\"Y2IQFc\" lang=\"en\">For any processing based on your consent, you have the right to withdraw it, at any time and free of charge.<\/span><\/p>\n<p>To exercise any of the data protection rights described above, you must follow the following instructions:<\/p>\n<p><span class=\"Y2IQFc\" lang=\"en\">Presentation of a writing to the address<\/span> \u00a0POLIG.\u00a0 \u00a0P-3\u00a0 \u00a0&#8211;\u00a0 \u00a0C\/\u00a0 \u00a0SABATERS,\u00a0 \u00a010,07360 LLOSETA(ILLES BALEARS) (<span class=\"Y2IQFc\" lang=\"en\">for the attention of <\/span>MARMOLES MOYA E HIJOS SL) <span class=\"Y2IQFc\" lang=\"en\">or via email to by email to\u00a0<\/span><a href=\"mailto:ADMINISTRACION@MARMOLESMOYA.COM\">ADMINISTRACION@MARMOLESMOYA.COM<\/a> .<\/p>\n<p>&nbsp;<\/p>\n<p id=\"tw-target-text\" class=\"tw-data-text tw-text-large tw-ta\" dir=\"ltr\" data-placeholder=\"Traducci\u00f3n\" aria-label=\"Texto traducido\" data-ved=\"2ahUKEwjgqoOxw7-GAxWu-gIHHcCaBbcQ3ewLegQIChAU\"><span class=\"Y2IQFc\" lang=\"en\">The letter sent by the owner of the personal data (interested party) requesting the exercise of rights must take into account the following:<\/span><\/p>\n<p>&nbsp;<\/p>\n<ul>\n<li>\n<p id=\"tw-target-text\" class=\"tw-data-text tw-text-large tw-ta\" dir=\"ltr\" data-placeholder=\"Traducci\u00f3n\" aria-label=\"Texto traducido\" data-ved=\"2ahUKEwjgqoOxw7-GAxWu-gIHHcCaBbcQ3ewLegQIChAU\"><span class=\"Y2IQFc\" lang=\"en\">You must identify yourself reliably and, in the event that there are doubts about the identity of the applicant, you will be asked to correct the request (e.g. requesting more information, such as the DNI number, the DNI document, the email address provided, etc. .)<\/span><\/p>\n<\/li>\n<\/ul>\n<p>&nbsp;<\/p>\n<ul>\n<li>\n<p id=\"tw-target-text\" class=\"tw-data-text tw-text-large tw-ta\" dir=\"ltr\" data-placeholder=\"Traducci\u00f3n\" aria-label=\"Texto traducido\" data-ved=\"2ahUKEwjgqoOxw7-GAxWu-gIHHcCaBbcQ3ewLegQIChAU\"><span class=\"Y2IQFc\" lang=\"en\">The request can be made by the representative, legal or voluntary, when he is duly identified and authorized by the owner of the data (through express authorization from the owner to exercise the very personal rights regulated in the regulations on the protection of personal data).<\/span><\/p>\n<\/li>\n<\/ul>\n<p>&nbsp;<\/p>\n<ul>\n<li>\n<p id=\"tw-target-text\" class=\"tw-data-text tw-text-large tw-ta\" dir=\"ltr\" data-placeholder=\"Traducci\u00f3n\" aria-label=\"Texto traducido\" data-ved=\"2ahUKEwjgqoOxw7-GAxWu-gIHHcCaBbcQ3ewLegQIChAU\"><span class=\"Y2IQFc\" lang=\"en\">Petition in which the request is specified (Right\/s that are intended to be exercised). If you do not refer to a specific treatment, you will be provided with a response in relation to all the treatments that affect your personal data. If you request information about a specific treatment, only the information about it. If you request it by phone, you will be instructed to do so in writing and you will be informed how you can do it and the address to which you must send it. You will never be given information over the phone.<\/span><\/p>\n<\/li>\n<li>\n<p id=\"tw-target-text\" class=\"tw-data-text tw-text-large tw-ta\" dir=\"ltr\" data-placeholder=\"Traducci\u00f3n\" aria-label=\"Texto traducido\" data-ved=\"2ahUKEwjgqoOxw7-GAxWu-gIHHcCaBbcQ3ewLegQIChAU\"><span class=\"Y2IQFc\" lang=\"en\">Postal or electronic address for the purposes of<\/span><\/p>\n<\/li>\n<\/ul>\n<p>&nbsp;<\/p>\n<ul>\n<li>\n<p id=\"tw-target-text\" class=\"tw-data-text tw-text-large tw-ta\" dir=\"ltr\" data-placeholder=\"Traducci\u00f3n\" aria-label=\"Texto traducido\" data-ved=\"2ahUKEwjgqoOxw7-GAxWu-gIHHcCaBbcQ3ewLegQIChAU\"><span class=\"Y2IQFc\" lang=\"en\">Documents accrediting the request you make, if they are<\/span><\/p>\n<\/li>\n<\/ul>\n<p>&nbsp;<\/p>\n<ul>\n<li>La persona solicitante debe utilizar cualquier medio que permita acreditar el env\u00edo y la recepci\u00f3n de la<\/li>\n<\/ul>\n<p>&nbsp;<\/p>\n<p>Por \u00faltimo, le informamos que tiene derecho a presentar una reclamaci\u00f3n ante la Agencia Espa\u00f1ola de Protecci\u00f3n de Datos en caso de que tenga conocimiento o considere que un hecho pueda suponer un incumplimiento de la normativa aplicable en materia de protecci\u00f3n de datos.<\/p>\n<p>&nbsp;<\/p>\n<p>MARMOLES MOYA E HIJOS SL se compromete a adoptar las medidas t\u00e9cnicas y organizativas necesarias, acorde al nivel de riesgos que acompa\u00f1an los tratamientos realizados por \u00e9stas e indicados en el apartado de los t\u00e9rminos y condiciones de uso, de forma que garanticen su integridad, confidencialidad y disponibilidad.<\/p>\n<p>&nbsp;<\/p>\n<p><strong>\u00daltima actualizaci\u00f3n: <\/strong>5 de julio de 2023<\/p>\n<div class=\"page\" title=\"Page 2\">\n<div class=\"section\">\n<div class=\"layoutArea\">\n<div class=\"column\">\n<p>A continuacio\u0301n detallamos el enlace a la poli\u0301tica de privacidad de la Red Social: Facebook: https:\/\/www.facebook.com\/help\/323540651073243\/<\/p>\n<\/div>\n<\/div>\n<\/div>\n<\/div>\n<\/div><div class=\"fusion-clearfix\"><\/div><\/div><\/div><\/div><\/div>\n","protected":false},"excerpt":{"rendered":"","protected":false},"author":4,"featured_media":0,"parent":0,"menu_order":0,"comment_status":"closed","ping_status":"closed","template":"","meta":[],"yoast_head":"<!-- This site is optimized with the Yoast SEO plugin v16.3 - https:\/\/yoast.com\/wordpress\/plugins\/seo\/ -->\n<title>Legal Notice | Moy\u00e0 Marbles | Lloseta Marble<\/title>\n<meta name=\"description\" content=\"We have our own Mallorcan stone quarry and 4000m2 of facilities with the best machinery. Marbles in Mallorca | Lloseta Marble | Marble\" \/>\n<meta name=\"robots\" content=\"index, follow, max-snippet:-1, max-image-preview:large, max-video-preview:-1\" \/>\n<link rel=\"canonical\" href=\"https:\/\/marmolesmoya.com\/en\/politica-de-privacidad\/\" \/>\n<meta property=\"og:locale\" content=\"en_US\" \/>\n<meta property=\"og:type\" content=\"article\" \/>\n<meta property=\"og:title\" content=\"Legal Notice | Moy\u00e0 Marbles | Lloseta Marble\" \/>\n<meta property=\"og:description\" content=\"We have our own Mallorcan stone quarry and 4000m2 of facilities with the best machinery. Marbles in Mallorca | Lloseta Marble | Marble\" \/>\n<meta property=\"og:url\" content=\"https:\/\/marmolesmoya.com\/politica-de-privacidad\/\" \/>\n<meta property=\"og:site_name\" content=\"Marmoles Moy\u00e1\" \/>\n<meta property=\"article:modified_time\" content=\"2024-06-03T15:14:17+00:00\" \/>\n<meta name=\"twitter:card\" content=\"summary\" \/>\n<meta name=\"twitter:label1\" content=\"Est. reading time\">\n\t<meta name=\"twitter:data1\" content=\"6 minutes\">\n<script type=\"application\/ld+json\" class=\"yoast-schema-graph\">{\"@context\":\"https:\/\/schema.org\",\"@graph\":[{\"@type\":\"WebSite\",\"@id\":\"https:\/\/marmolesmoya.com\/#website\",\"url\":\"https:\/\/marmolesmoya.com\/\",\"name\":\"Marmoles Moy\\u00e1\",\"description\":\"Materiales y suministros\",\"potentialAction\":[{\"@type\":\"SearchAction\",\"target\":\"https:\/\/marmolesmoya.com\/?s={search_term_string}\",\"query-input\":\"required name=search_term_string\"}],\"inLanguage\":\"en-US\"},{\"@type\":\"WebPage\",\"@id\":\"https:\/\/marmolesmoya.com\/politica-de-privacidad\/#webpage\",\"url\":\"https:\/\/marmolesmoya.com\/politica-de-privacidad\/\",\"name\":\"Legal Notice | Moy\\u00e0 Marbles | Lloseta Marble\",\"isPartOf\":{\"@id\":\"https:\/\/marmolesmoya.com\/#website\"},\"datePublished\":\"2024-06-03T13:23:20+00:00\",\"dateModified\":\"2024-06-03T15:14:17+00:00\",\"description\":\"We have our own Mallorcan stone quarry and 4000m2 of facilities with the best machinery. Marbles in Mallorca | Lloseta Marble | Marble\",\"breadcrumb\":{\"@id\":\"https:\/\/marmolesmoya.com\/politica-de-privacidad\/#breadcrumb\"},\"inLanguage\":\"en-US\",\"potentialAction\":[{\"@type\":\"ReadAction\",\"target\":[\"https:\/\/marmolesmoya.com\/politica-de-privacidad\/\"]}]},{\"@type\":\"BreadcrumbList\",\"@id\":\"https:\/\/marmolesmoya.com\/politica-de-privacidad\/#breadcrumb\",\"itemListElement\":[{\"@type\":\"ListItem\",\"position\":1,\"item\":{\"@type\":\"WebPage\",\"@id\":\"https:\/\/marmolesmoya.com\/\",\"url\":\"https:\/\/marmolesmoya.com\/\",\"name\":\"Portada\"}},{\"@type\":\"ListItem\",\"position\":2,\"item\":{\"@id\":\"https:\/\/marmolesmoya.com\/politica-de-privacidad\/#webpage\"}}]}]}<\/script>\n<!-- \/ Yoast SEO plugin. -->","_links":{"self":[{"href":"https:\/\/marmolesmoya.com\/en\/wp-json\/wp\/v2\/pages\/1707"}],"collection":[{"href":"https:\/\/marmolesmoya.com\/en\/wp-json\/wp\/v2\/pages"}],"about":[{"href":"https:\/\/marmolesmoya.com\/en\/wp-json\/wp\/v2\/types\/page"}],"author":[{"embeddable":true,"href":"https:\/\/marmolesmoya.com\/en\/wp-json\/wp\/v2\/users\/4"}],"replies":[{"embeddable":true,"href":"https:\/\/marmolesmoya.com\/en\/wp-json\/wp\/v2\/comments?post=1707"}],"version-history":[{"count":6,"href":"https:\/\/marmolesmoya.com\/en\/wp-json\/wp\/v2\/pages\/1707\/revisions"}],"predecessor-version":[{"id":1978,"href":"https:\/\/marmolesmoya.com\/en\/wp-json\/wp\/v2\/pages\/1707\/revisions\/1978"}],"wp:attachment":[{"href":"https:\/\/marmolesmoya.com\/en\/wp-json\/wp\/v2\/media?parent=1707"}],"curies":[{"name":"wp","href":"https:\/\/api.w.org\/{rel}","templated":true}]}}