{"id":1546,"date":"2017-01-12T09:01:57","date_gmt":"2017-01-12T09:01:57","guid":{"rendered":"http:\/\/marmolesmoya.com\/politica-de-privacidad-redes-sociales-2\/"},"modified":"2024-05-23T14:59:15","modified_gmt":"2024-05-23T14:59:15","slug":"privacy-policy","status":"publish","type":"page","link":"https:\/\/marmolesmoya.com\/en\/privacy-policy\/","title":{"rendered":"Privacy Policy"},"content":{"rendered":"<div class=\"fusion-fullwidth fullwidth-box fusion-builder-row-1 nonhundred-percent-fullwidth non-hundred-percent-height-scrolling\" style=\"background-color: rgba(255,255,255,0);background-position: left top;background-repeat: no-repeat;padding-top:20px;padding-right:0px;padding-bottom:20px;padding-left:0px;margin-bottom: 0px;margin-top: 0px;border-width: 0px 0px 0px 0px;border-color:#eae9e9;border-style:solid;\" ><div class=\"fusion-builder-row fusion-row\"><div class=\"fusion-layout-column fusion_builder_column fusion-builder-column-0 fusion_builder_column_1_1 1_1 fusion-one-full fusion-column-first fusion-column-last fusion-column-no-min-height\" style=\"margin-top:0px;margin-bottom:0px;\"><div class=\"fusion-column-wrapper fusion-flex-column-wrapper-legacy\" style=\"background-position:left top;background-repeat:no-repeat;-webkit-background-size:cover;-moz-background-size:cover;-o-background-size:cover;background-size:cover;padding: 0px 0px 0px 0px;\"><div class=\"fusion-text fusion-text-1\"><h1>POL\u00cdTICA DE PRIVACIDAD<\/h1>\n<h1><\/h1>\n<h1>Datos del propietario de la web:<\/h1>\n<table>\n<tbody>\n<tr>\n<td width=\"174\"><strong>RAZ\u00d3N<\/strong><strong> SOCIAL<\/strong><\/td>\n<td width=\"407\">MARMOLES MOYA E HIJOS SL<\/td>\n<\/tr>\n<tr>\n<td width=\"174\"><strong>NIF<\/strong><\/td>\n<td width=\"407\">B57226128<\/td>\n<\/tr>\n<tr>\n<td width=\"174\"><strong>DOMINIO<\/strong><\/td>\n<td width=\"407\"><a href=\"http:\/\/marmolesmoya.com\/\">http:\/\/marmolesmoya.com\/<\/a><\/td>\n<\/tr>\n<tr>\n<td width=\"174\"><strong>DIRECCI\u00d3N<\/strong><strong> POSTAL<\/strong><\/td>\n<td width=\"407\">POLIG. P-3 &#8211; C\/ SABATERS, 10,07360 LLOSETA(ILLES BALEARS)<\/td>\n<\/tr>\n<tr>\n<td width=\"174\"><strong>DIRECCI\u00d3N<\/strong><strong> ELECTR\u00d3NICA<\/strong><\/td>\n<td width=\"407\"><a href=\"mailto:ADMINISTRACION@MARMOLESMOYA.COM\">ADMINISTRACION@MARMOLESMOYA.COM<\/a><\/td>\n<\/tr>\n<tr>\n<td width=\"174\"><strong>TEL\u00c9FONOS<\/strong><\/td>\n<td width=\"407\">971514323<\/td>\n<\/tr>\n<tr>\n<td width=\"174\"><strong>N\u00ba REGISTRO\/ DATOS ADICIONALES<\/strong><\/td>\n<td width=\"407\">&nbsp;<\/td>\n<\/tr>\n<\/tbody>\n<\/table>\n<p><strong>\u00a0<\/strong><\/p>\n<p><strong>\u00a0<\/strong><\/p>\n<p><strong>\u00a0<\/strong><\/p>\n<p><strong>Protecci\u00f3n<\/strong><strong> de datos<\/strong><\/p>\n<p><strong>\u00a0<\/strong><\/p>\n<p>De conformidad con la normativa vigente y aplicable en protecci\u00f3n de datos de car\u00e1cter personal, le informamos que sus datos ser\u00e1n incorporados al sistema de tratamiento titularidad de MARMOLES MOYA E HIJOS SL con NIF B57226128 y domicilio social sito en POLIG. P-3 &#8211; C\/ SABATERS, 10,07360 LLOSETA(ILLES BALEARS). A continuaci\u00f3n, le indicamos los aspectos m\u00e1s destacables de los tratamientos realizados:<\/p>\n<p>&nbsp;<\/p>\n<table>\n<tbody>\n<tr>\n<td colspan=\"2\" width=\"582\"><strong>TRATAMIENTOS<\/strong><strong> REALIZADOS<\/strong><\/td>\n<\/tr>\n<tr>\n<td width=\"138\">&nbsp;<\/p>\n<p>&nbsp;<\/p>\n<p>Acciones comerciales formulario web<\/td>\n<td width=\"443\"><strong>Finalidad:<\/strong> Captaci\u00f3n, registro y tratamiento de datos con finalidades de atender sus consultas y\/o solicitudes, as\u00ed como de publicidad y prospecci\u00f3n comercial. <strong>Plazo de conservaci\u00f3n: <\/strong>mientras se mantenga el consentimiento prestado, salvo obligaci\u00f3n legal.<\/p>\n<p><strong>Base<\/strong><strong> leg\u00edtima: <\/strong>El consentimiento del interesado.<\/p>\n<p><strong>Tipolog\u00eda<\/strong><strong> de Datos:<\/strong><\/p>\n<p><strong>Datos<\/strong><strong> b\u00e1sicos: <\/strong>Nombre y apellidos, Direcci\u00f3n electr\u00f3nica<\/td>\n<\/tr>\n<tr>\n<td width=\"138\">&nbsp;<\/p>\n<p>&nbsp;<\/p>\n<p>Gesti\u00f3n usuarios web<\/td>\n<td width=\"443\"><strong>Finalidad:<\/strong> Captaci\u00f3n, registro y tratamiento de datos del usuario.<\/p>\n<p><strong>Plazo de conservaci\u00f3n: <\/strong>mientras se mantenga el consentimiento prestado, salvo obligaci\u00f3n legal.<\/p>\n<p><strong>Base<\/strong><strong> leg\u00edtima: <\/strong>El consentimiento del interesado.<\/p>\n<p><strong>Tipolog\u00eda<\/strong><strong> de Datos:<\/strong><\/p>\n<p><strong>Datos<\/strong><strong> b\u00e1sicos: <\/strong>Nombre y apellidos, Direcci\u00f3n electr\u00f3nica<\/td>\n<\/tr>\n<tr>\n<td width=\"138\">&nbsp;<\/p>\n<p>&nbsp;<\/p>\n<p>Newsletter<\/td>\n<td width=\"443\"><strong>Finalidad:<\/strong> Gesti\u00f3n de la suscripci\u00f3n a la newsletter, para realizar los env\u00edos correspondientes.<\/p>\n<p><strong>Plazo de conservaci\u00f3n: <\/strong>mientras se mantenga el consentimiento prestado.<\/p>\n<p><strong>Base<\/strong><strong> leg\u00edtima: <\/strong>El consentimiento del interesado.<\/p>\n<p><strong>Tipolog\u00eda<\/strong><strong> de Datos:<\/strong><\/p>\n<p><strong>Datos<\/strong><strong> b\u00e1sicos: <\/strong>Nombre y apellidos, Direcci\u00f3n electr\u00f3nica<\/td>\n<\/tr>\n<tr>\n<td width=\"138\">&nbsp;<\/p>\n<p>&nbsp;<\/p>\n<p>Instalaci\u00f3n de cookies<\/td>\n<td width=\"443\"><strong>Finalidad:<\/strong> Gesti\u00f3n e instalaci\u00f3n de las cookies.<\/p>\n<p><strong>Plazo de conservaci\u00f3n: <\/strong>mientras se mantenga el consentimiento prestado.<\/p>\n<p><strong>Base<\/strong><strong> leg\u00edtima: <\/strong>El consentimiento del interesado.<\/p>\n<p><strong>Tipolog\u00eda<\/strong><strong> de Datos:<\/strong><\/p>\n<p><strong>Datos<\/strong><strong> b\u00e1sicos: <\/strong>Direcci\u00f3n electr\u00f3nica, Direcci\u00f3n IP<\/td>\n<\/tr>\n<\/tbody>\n<\/table>\n<p>&nbsp;<\/p>\n<p>&nbsp;<\/p>\n<table>\n<tbody>\n<tr>\n<td width=\"138\">&nbsp;<\/p>\n<p>Gesti\u00f3n Formulario web<\/td>\n<td width=\"443\"><strong>Finalidad:<\/strong> Atender sus consultas y\/o solicitudes.<\/p>\n<p><strong>Plazo de conservaci\u00f3n: <\/strong>mientras se mantenga el consentimiento prestado.<\/p>\n<p><strong>Base<\/strong><strong> leg\u00edtima: <\/strong>El consentimiento del interesado.<\/p>\n<p><strong>Tipolog\u00eda<\/strong><strong> de Datos:<\/strong><\/p>\n<p><strong>Datos<\/strong><strong> b\u00e1sicos: <\/strong>Nombre y apellidos, Direcci\u00f3n electr\u00f3nica, Direcci\u00f3n IP<\/td>\n<\/tr>\n<tr>\n<td width=\"138\">&nbsp;<\/td>\n<td width=\"443\">&nbsp;<\/td>\n<\/tr>\n<\/tbody>\n<\/table>\n<p>&nbsp;<\/p>\n<p>&nbsp;<\/p>\n<p>&nbsp;<\/p>\n<table>\n<tbody>\n<tr>\n<td width=\"214\">\n<table width=\"100%\">\n<tbody>\n<tr>\n<td>&#8230;&#8230;&#8230;&#8230;&#8230;&#8230;&#8230;&#8230;&#8230;&#8230;&#8230;&#8230;&#8230;&#8230;&#8230;&#8230;&#8230;&#8230;&#8230;&#8230;.<\/td>\n<\/tr>\n<\/tbody>\n<\/table>\n<\/td>\n<\/tr>\n<\/tbody>\n<\/table>\n<p>A su vez, le informamos que puede contactar con el Delegado de Protecci\u00f3n de Datos, dirigi\u00e9ndose por<\/p>\n<p>&nbsp;<\/p>\n<table>\n<tbody>\n<tr>\n<td width=\"209\">\n<table width=\"100%\">\n<tbody>\n<tr>\n<td>&#8230;&#8230;&#8230;&#8230;&#8230;&#8230;&#8230;&#8230;&#8230;&#8230;&#8230;&#8230;&#8230;&#8230;&#8230;&#8230;&#8230;&#8230;&#8230;&#8230;.<\/td>\n<\/tr>\n<\/tbody>\n<\/table>\n<\/td>\n<\/tr>\n<\/tbody>\n<\/table>\n<p>escrito\u00a0\u00a0\u00a0\u00a0\u00a0 a\u00a0\u00a0\u00a0\u00a0\u00a0 la\u00a0\u00a0\u00a0\u00a0\u00a0 direcci\u00f3n\u00a0\u00a0\u00a0\u00a0 de\u00a0\u00a0\u00a0\u00a0\u00a0 correo<\/p>\n<p>POLIG. P-3 &#8211; C\/ SABATERS, 10,07360 LLOSETA(ILLES BALEARS)<\/p>\n<p>o\u00a0\u00a0\u00a0\u00a0\u00a0 al\u00a0\u00a0\u00a0\u00a0\u00a0 tel\u00e9fono<\/p>\n<p>&nbsp;<\/p>\n<p>&nbsp;<\/p>\n<p>&nbsp;<\/p>\n<h1>Derechos de los interesados<\/h1>\n<p><strong>\u00a0<\/strong><\/p>\n<p>MARMOLES MOYA E HIJOS SL informa a los Usuarios que, podr\u00e1 ejercer los derechos de acceso, rectificaci\u00f3n, limitaci\u00f3n, supresi\u00f3n, portabilidad, oposici\u00f3n al tratamiento de sus datos de car\u00e1cter personal y el derecho a no ser objeto de decisiones automatizadas, incluida la elaboraci\u00f3n de perfiles, ante el Responsable del Tratamiento, as\u00ed como a la retirada del consentimiento prestado.<\/p>\n<p>&nbsp;<\/p>\n<p><strong>Derecho \u00a0de \u00a0Acceso: \u00a0<\/strong>Es \u00a0el \u00a0derecho \u00a0del \u00a0usuario \u00a0a \u00a0obtener \u00a0confirmaci\u00f3n \u00a0sobre \u00a0si \u00a0se \u00a0est\u00e1n tratando sus datos y, en tal caso, los concretos datos personales tratados y la informaci\u00f3n legal del tratamiento (finalidades, base legitimadora, plazos de conservaci\u00f3n, cesiones, origen de los datos, etc.).<\/p>\n<p>&nbsp;<\/p>\n<p><strong>Derecho \u00a0de \u00a0Rectificaci\u00f3n: \u00a0<\/strong>Es \u00a0el \u00a0derecho \u00a0del \u00a0afectado \u00a0a \u00a0que \u00a0se \u00a0modifiquen \u00a0los \u00a0datos \u00a0que resulten ser inexactos o incompletos. En relaci\u00f3n a la p\u00e1gina web, s\u00f3lo podr\u00e1 satisfacerse en relaci\u00f3n a aquella informaci\u00f3n que se encuentre bajo el control del sitio \u00a0web, por ejemplo, eliminar comentarios publicados en la propia p\u00e1gina, im\u00e1genes o contenidos web donde consten datos de car\u00e1cter personal del usuario.<\/p>\n<p>&nbsp;<\/p>\n<p><strong>Derecho<\/strong> <strong>a la Limitaci\u00f3n de tratamiento: <\/strong>Es el derecho a que se limiten los fines del tratamiento previstos de forma original por el responsable del tratamiento en determinados supuestos.<\/p>\n<p>&nbsp;<\/p>\n<p><strong>Derecho de Supresi\u00f3n: <\/strong>Es el derecho a suprimir los datos de car\u00e1cter personal del usuario, a excepci\u00f3n de lo previsto en el propio RGPD (libertad de expresi\u00f3n e informaci\u00f3n, obligaciones de conservaci\u00f3n, formulaci\u00f3n, ejercicio o defensa de reclamaciones, etc.).<\/p>\n<p>&nbsp;<\/p>\n<p><strong>Derecho \u00a0a \u00a0la \u00a0Portabilidad: \u00a0<\/strong>El \u00a0derecho \u00a0a \u00a0recibir \u00a0los \u00a0datos \u00a0personales \u00a0que \u00a0el \u00a0usuario \u00a0haya facilitado, en un formato estructurado, de uso com\u00fan y lectura mec\u00e1nica, y a transmitirlos a otro responsable cuando el tratamiento est\u00e1 basado en el consentimiento o en la ejecuci\u00f3n \u00a0de un contrato y se efect\u00fae por medios automatizados.<\/p>\n<p>&nbsp;<\/p>\n<p><strong>Derecho de Oposici\u00f3n: <\/strong>Es el derecho del usuario a que no se lleve a cabo el tratamiento de sus datos de car\u00e1cter personal o se cese el tratamiento de los mismos por parte del sitio web cuando el tratamiento est\u00e9 basado en el inter\u00e9s leg\u00edtimo o el inter\u00e9s p\u00fablico o cuando se \u00a0trate de tratamientos de mercadotecnia directa.<\/p>\n<p>&nbsp;<\/p>\n<p><strong>Derecho a no ser objeto de decisiones automatizadas, incluida la elaboraci\u00f3n de perfiles: <\/strong>Cuando el tratamiento no es necesario para la celebraci\u00f3n o ejecuci\u00f3n de un contrato, ni est\u00e1 autorizada por el Derecho de la Uni\u00f3n Europea o de los Estados miembros \u00a0ni se basa en el consentimiento, tiene derecho a no ser objeto de una decisi\u00f3n basada \u00a0\u00fanicamente en el tratamiento automatizado, incluida la elaboraci\u00f3n de perfiles, que produzca efectos jur\u00eddicos o le afecte significativamente de modo similar.<\/p>\n<p>&nbsp;<\/p>\n<p><strong>Derecho<\/strong> <strong>a retirar el consentimiento: <\/strong>Para cualquier tratamiento basado en su consentimiento, tiene derecho a retirarlo, en cualquier momento y de manera gratuita.<\/p>\n<p>&nbsp;<\/p>\n<p>Para ejercer cualquiera de los derechos en materia de protecci\u00f3n de datos descritos anteriormente deber\u00e1 seguir las siguientes indicaciones:<\/p>\n<p>&nbsp;<\/p>\n<p>Presentaci\u00f3n\u00a0 \u00a0de\u00a0 \u00a0un\u00a0 \u00a0escrito\u00a0 \u00a0a\u00a0 \u00a0la\u00a0 \u00a0direcci\u00f3n\u00a0 \u00a0POLIG.\u00a0 \u00a0P-3\u00a0 \u00a0&#8211;\u00a0 \u00a0C\/\u00a0 \u00a0SABATERS,\u00a0 \u00a010,07360 LLOSETA(ILLES BALEARS) (a la atenci\u00f3n de MARMOLES MOYA E HIJOS SL) o bien a trav\u00e9s de correo electr\u00f3nico a por correo electr\u00f3nico a <a href=\"mailto:ADMINISTRACION@MARMOLESMOYA.COM\">ADMINISTRACION@MARMOLESMOYA.COM<\/a> .<\/p>\n<p>&nbsp;<\/p>\n<p>El escrito remitido por el titular de los datos personales (interesado\/a) que solicite el ejercicio de derechos deber\u00e1 tener en cuenta lo siguiente:<\/p>\n<p>&nbsp;<\/p>\n<ul>\n<li>Deber\u00e1 identificarse fehacientemente y, en el caso de que concurran dudas sobre la identidad del solicitante, se le solicitar\u00e1 que subsane la petici\u00f3n (p. solicitando m\u00e1s informaci\u00f3n, como el n\u00famero de DNI, el documento del DNI, el correo electr\u00f3nico que aport\u00f3, etc.)<\/li>\n<\/ul>\n<p>&nbsp;<\/p>\n<ul>\n<li>La solicitud puede realizarla el representante, legal o voluntario, cuando \u00e9ste est\u00e9 debidamente identificado y autorizado por el titular de los datos (mediante una autorizaci\u00f3n expresa del titular para ejercer los derechos personal\u00edsimos regulados en la normativa en materia de protecci\u00f3n de datos personales).<\/li>\n<\/ul>\n<p>&nbsp;<\/p>\n<ul>\n<li>Petici\u00f3n en que se concreta la solicitud (Derecho\/s que se pretende\/n ejercer). Si no hace referencia a un tratamiento concreto se le facilitar\u00e1 respuesta en relaci\u00f3n a todos los tratamientos que afectan a sus datos de car\u00e1cter Si solicita informaci\u00f3n de un tratamiento en concreto, s\u00f3lo la informaci\u00f3n de \u00e9ste. Si lo solicita por tel\u00e9fono se le indicar\u00e1 que lo haga por escrito y se le informar\u00e1 de c\u00f3mo lo puede hacer y la direcci\u00f3n a la que tiene que enviarlo. Nunca se le dar\u00e1 informaci\u00f3n por tel\u00e9fono.<\/li>\n<\/ul>\n<p>&nbsp;<\/p>\n<ul>\n<li>Direcci\u00f3n postal o electr\u00f3nica a efectos de<\/li>\n<\/ul>\n<p>&nbsp;<\/p>\n<ul>\n<li>Documentos acreditativos de la petici\u00f3n que formula, en caso de que sean<\/li>\n<\/ul>\n<p>&nbsp;<\/p>\n<ul>\n<li>La persona solicitante debe utilizar cualquier medio que permita acreditar el env\u00edo y la recepci\u00f3n de la<\/li>\n<\/ul>\n<p>&nbsp;<\/p>\n<p>Por \u00faltimo, le informamos que tiene derecho a presentar una reclamaci\u00f3n ante la Agencia Espa\u00f1ola de Protecci\u00f3n de Datos en caso de que tenga conocimiento o considere que un hecho pueda suponer un incumplimiento de la normativa aplicable en materia de protecci\u00f3n de datos.<\/p>\n<p>&nbsp;<\/p>\n<p>MARMOLES MOYA E HIJOS SL se compromete a adoptar las medidas t\u00e9cnicas y organizativas necesarias, acorde al nivel de riesgos que acompa\u00f1an los tratamientos realizados por \u00e9stas e indicados en el apartado de los t\u00e9rminos y condiciones de uso, de forma que garanticen su integridad, confidencialidad y disponibilidad.<\/p>\n<p>&nbsp;<\/p>\n<p><strong>\u00daltima actualizaci\u00f3n: <\/strong>5 de julio de 2023<\/p>\n<div id=\"gt-res-tools\"><\/div>\n<div id=\"gt-res-tools\"><\/div>\n<\/div><div class=\"fusion-clearfix\"><\/div><\/div><\/div><\/div><\/div>\n","protected":false},"excerpt":{"rendered":"","protected":false},"author":4,"featured_media":0,"parent":0,"menu_order":0,"comment_status":"closed","ping_status":"closed","template":"","meta":[],"yoast_head":"<!-- This site is optimized with the Yoast SEO plugin v16.3 - https:\/\/yoast.com\/wordpress\/plugins\/seo\/ -->\n<title>Aviso Legal | M\u00e1rmoles Moy\u00e0 | M\u00e1rmol Lloseta<\/title>\n<meta name=\"description\" content=\"Contamos con cantera propia de piedra mallorquina y 4000m2 de instalaciones con la mejor maquinaria. M\u00e1rmoles en Mallorca | M\u00e1rmol Lloseta | Marmoler\u00eda\" \/>\n<meta name=\"robots\" content=\"index, follow, max-snippet:-1, max-image-preview:large, max-video-preview:-1\" \/>\n<link rel=\"canonical\" href=\"https:\/\/marmolesmoya.com\/en\/privacy-policy\/\" \/>\n<meta property=\"og:locale\" content=\"en_US\" \/>\n<meta property=\"og:type\" content=\"article\" \/>\n<meta property=\"og:title\" content=\"Aviso Legal | M\u00e1rmoles Moy\u00e0 | M\u00e1rmol Lloseta\" \/>\n<meta property=\"og:description\" content=\"Contamos con cantera propia de piedra mallorquina y 4000m2 de instalaciones con la mejor maquinaria. M\u00e1rmoles en Mallorca | M\u00e1rmol Lloseta | Marmoler\u00eda\" \/>\n<meta property=\"og:url\" content=\"https:\/\/marmolesmoya.com\/en\/privacy-policy\/\" \/>\n<meta property=\"og:site_name\" content=\"Marmoles Moy\u00e1\" \/>\n<meta property=\"article:modified_time\" content=\"2024-05-23T14:59:15+00:00\" \/>\n<meta name=\"twitter:card\" content=\"summary\" \/>\n<meta name=\"twitter:label1\" content=\"Est. reading time\">\n\t<meta name=\"twitter:data1\" content=\"6 minutes\">\n<script type=\"application\/ld+json\" class=\"yoast-schema-graph\">{\"@context\":\"https:\/\/schema.org\",\"@graph\":[{\"@type\":\"WebSite\",\"@id\":\"https:\/\/marmolesmoya.com\/#website\",\"url\":\"https:\/\/marmolesmoya.com\/\",\"name\":\"Marmoles Moy\\u00e1\",\"description\":\"Materiales y suministros\",\"potentialAction\":[{\"@type\":\"SearchAction\",\"target\":\"https:\/\/marmolesmoya.com\/?s={search_term_string}\",\"query-input\":\"required name=search_term_string\"}],\"inLanguage\":\"en-US\"},{\"@type\":\"WebPage\",\"@id\":\"https:\/\/marmolesmoya.com\/en\/privacy-policy\/#webpage\",\"url\":\"https:\/\/marmolesmoya.com\/en\/privacy-policy\/\",\"name\":\"Aviso Legal | M\\u00e1rmoles Moy\\u00e0 | M\\u00e1rmol Lloseta\",\"isPartOf\":{\"@id\":\"https:\/\/marmolesmoya.com\/#website\"},\"datePublished\":\"2017-01-12T09:01:57+00:00\",\"dateModified\":\"2024-05-23T14:59:15+00:00\",\"description\":\"Contamos con cantera propia de piedra mallorquina y 4000m2 de instalaciones con la mejor maquinaria. M\\u00e1rmoles en Mallorca | M\\u00e1rmol Lloseta | Marmoler\\u00eda\",\"breadcrumb\":{\"@id\":\"https:\/\/marmolesmoya.com\/en\/privacy-policy\/#breadcrumb\"},\"inLanguage\":\"en-US\",\"potentialAction\":[{\"@type\":\"ReadAction\",\"target\":[\"https:\/\/marmolesmoya.com\/en\/privacy-policy\/\"]}]},{\"@type\":\"BreadcrumbList\",\"@id\":\"https:\/\/marmolesmoya.com\/en\/privacy-policy\/#breadcrumb\",\"itemListElement\":[{\"@type\":\"ListItem\",\"position\":1,\"item\":{\"@type\":\"WebPage\",\"@id\":\"https:\/\/marmolesmoya.com\/\",\"url\":\"https:\/\/marmolesmoya.com\/\",\"name\":\"Portada\"}},{\"@type\":\"ListItem\",\"position\":2,\"item\":{\"@id\":\"https:\/\/marmolesmoya.com\/en\/privacy-policy\/#webpage\"}}]}]}<\/script>\n<!-- \/ Yoast SEO plugin. -->","_links":{"self":[{"href":"https:\/\/marmolesmoya.com\/en\/wp-json\/wp\/v2\/pages\/1546"}],"collection":[{"href":"https:\/\/marmolesmoya.com\/en\/wp-json\/wp\/v2\/pages"}],"about":[{"href":"https:\/\/marmolesmoya.com\/en\/wp-json\/wp\/v2\/types\/page"}],"author":[{"embeddable":true,"href":"https:\/\/marmolesmoya.com\/en\/wp-json\/wp\/v2\/users\/4"}],"replies":[{"embeddable":true,"href":"https:\/\/marmolesmoya.com\/en\/wp-json\/wp\/v2\/comments?post=1546"}],"version-history":[{"count":4,"href":"https:\/\/marmolesmoya.com\/en\/wp-json\/wp\/v2\/pages\/1546\/revisions"}],"predecessor-version":[{"id":1702,"href":"https:\/\/marmolesmoya.com\/en\/wp-json\/wp\/v2\/pages\/1546\/revisions\/1702"}],"wp:attachment":[{"href":"https:\/\/marmolesmoya.com\/en\/wp-json\/wp\/v2\/media?parent=1546"}],"curies":[{"name":"wp","href":"https:\/\/api.w.org\/{rel}","templated":true}]}}