{"id":1374,"date":"2015-06-10T15:47:38","date_gmt":"2015-06-10T15:47:38","guid":{"rendered":"http:\/\/marmolesmoya.com\/politica-de-cookies-2\/"},"modified":"2024-06-03T14:40:22","modified_gmt":"2024-06-03T14:40:22","slug":"politica-de-cookies","status":"publish","type":"page","link":"https:\/\/marmolesmoya.com\/en\/politica-de-cookies\/","title":{"rendered":"Cookies policy"},"content":{"rendered":"<p><div class=\"fusion-fullwidth fullwidth-box fusion-builder-row-1 nonhundred-percent-fullwidth non-hundred-percent-height-scrolling\" style=\"background-color: rgba(255,255,255,0);background-position: left top;background-repeat: no-repeat;padding-top:20px;padding-right:0px;padding-bottom:20px;padding-left:0px;margin-bottom: 0px;margin-top: 0px;border-width: 0px 0px 0px 0px;border-color:#eae9e9;border-style:solid;\" ><div class=\"fusion-builder-row fusion-row\"><div class=\"fusion-layout-column fusion_builder_column fusion-builder-column-0 fusion_builder_column_1_1 1_1 fusion-one-full fusion-column-first fusion-column-last fusion-column-no-min-height\" style=\"margin-top:0px;margin-bottom:0px;\"><div class=\"fusion-column-wrapper fusion-flex-column-wrapper-legacy\" style=\"background-position:left top;background-repeat:no-repeat;-webkit-background-size:cover;-moz-background-size:cover;-o-background-size:cover;background-size:cover;padding: 0px 0px 0px 0px;\"><div class=\"fusion-text fusion-text-1\"><table>\n<tbody>\n<tr>\n<td rowspan=\"3\" width=\"135\"><\/td>\n<td width=\"148\"><\/td>\n<td width=\"298\">\n<p id=\"tw-target-text\" class=\"tw-data-text tw-text-large tw-ta\" dir=\"ltr\" data-placeholder=\"Traducci\u00f3n\" aria-label=\"Texto traducido\" data-ved=\"2ahUKEwjgqoOxw7-GAxWu-gIHHcCaBbcQ3ewLegQIChAU\"><span class=\"Y2IQFc\" lang=\"en\">analysis of usage data made by users of the service.<\/span><\/p>\n<\/td>\n<\/tr>\n<tr>\n<td width=\"148\">\n<p id=\"tw-target-text\" class=\"tw-data-text tw-text-large tw-ta\" dir=\"ltr\" data-placeholder=\"Traducci\u00f3n\" aria-label=\"Texto traducido\" data-ved=\"2ahUKEwjgqoOxw7-GAxWu-gIHHcCaBbcQ3ewLegQIChAU\"><span class=\"Y2IQFc\" lang=\"en\">ADVERTISING COOKIES<\/span><\/p>\n<\/td>\n<td width=\"298\">\n<p id=\"tw-target-text\" class=\"tw-data-text tw-text-large tw-ta\" dir=\"ltr\" data-placeholder=\"Traducci\u00f3n\" aria-label=\"Texto traducido\" data-ved=\"2ahUKEwjgqoOxw7-GAxWu-gIHHcCaBbcQ3ewLegQIChAU\"><span class=\"Y2IQFc\" lang=\"en\">They allow the editor to include advertising spaces on the website, according to the content of the website itself.<\/span><\/p>\n<\/td>\n<\/tr>\n<tr>\n<td width=\"148\">&nbsp;<\/p>\n<p id=\"tw-target-text\" class=\"tw-data-text tw-text-large tw-ta\" dir=\"ltr\" data-placeholder=\"Traducci\u00f3n\" aria-label=\"Texto traducido\" data-ved=\"2ahUKEwjgqoOxw7-GAxWu-gIHHcCaBbcQ3ewLegQIChAU\"><span class=\"Y2IQFc\" lang=\"en\">BEHAVIORAL ADVERTISING COOKIES\u00a0\u00a0\u00a0\u00a0\u00a0\u00a0<\/span><\/p>\n<\/td>\n<td width=\"298\">\n<p id=\"tw-target-text\" class=\"tw-data-text tw-text-large tw-ta\" dir=\"ltr\" data-placeholder=\"Traducci\u00f3n\" aria-label=\"Texto traducido\" data-ved=\"2ahUKEwjgqoOxw7-GAxWu-gIHHcCaBbcQ3ewLegQIChAU\"><span class=\"Y2IQFc\" lang=\"en\">They are those that store information on user behavior obtained through continuous observation of their browsing habits, which allows the development of a specific profile to display advertising based on it.<\/span><\/p>\n<\/td>\n<\/tr>\n<\/tbody>\n<\/table>\n<p>&nbsp;<\/p>\n<p>&nbsp;<\/p>\n<p>&nbsp;<\/p>\n<p id=\"tw-target-text\" class=\"tw-data-text tw-text-large tw-ta\" dir=\"ltr\" data-placeholder=\"Traducci\u00f3n\" aria-label=\"Texto traducido\" data-ved=\"2ahUKEwjgqoOxw7-GAxWu-gIHHcCaBbcQ3ewLegQIChAU\"><span class=\"Y2IQFc\" lang=\"en\">Additionally, MARMOLES MOYA E HIJOS SL informs in more detail about the cookies used by their owners, the specific use or purpose, the conservation periods, as well as the possible International Transfers of data of each of them used on our website. :<\/span><\/p>\n<p>&nbsp;<\/p>\n<p>&nbsp;<\/p>\n<p>&nbsp;<\/p>\n<table>\n<tbody>\n<tr>\n<td colspan=\"5\" width=\"576\"><strong>OWN COOKIES<\/strong><\/td>\n<\/tr>\n<tr>\n<td width=\"101\"><strong>Type<\/strong><\/td>\n<td width=\"121\"><strong>Holder<\/strong><\/td>\n<td width=\"121\"><strong>Cookie<\/strong><\/td>\n<td width=\"139\"><strong>Purpose<\/strong><\/td>\n<td width=\"94\"><strong>Conservation<\/strong><\/td>\n<\/tr>\n<tr>\n<td rowspan=\"3\" width=\"101\">&nbsp;<\/p>\n<p>&nbsp;<\/p>\n<p id=\"tw-target-text\" class=\"tw-data-text tw-text-large tw-ta\" dir=\"ltr\" data-placeholder=\"Traducci\u00f3n\" aria-label=\"Texto traducido\" data-ved=\"2ahUKEwjgqoOxw7-GAxWu-gIHHcCaBbcQ3ewLegQIChAU\"><span class=\"Y2IQFc\" lang=\"en\">Techniques<\/span><\/p>\n<\/td>\n<td width=\"121\"><\/td>\n<td width=\"121\"><\/td>\n<td width=\"139\"><\/td>\n<td width=\"94\"><\/td>\n<\/tr>\n<tr>\n<td width=\"121\"><\/td>\n<td width=\"121\"><\/td>\n<td width=\"139\"><\/td>\n<td width=\"94\"><\/td>\n<\/tr>\n<tr>\n<td width=\"121\"><\/td>\n<td width=\"121\"><\/td>\n<td width=\"139\"><\/td>\n<td width=\"94\"><\/td>\n<\/tr>\n<tr>\n<td rowspan=\"3\" width=\"101\">&nbsp;<\/p>\n<p>&nbsp;<\/p>\n<p id=\"tw-target-text\" class=\"tw-data-text tw-text-large tw-ta\" dir=\"ltr\" data-placeholder=\"Traducci\u00f3n\" aria-label=\"Texto traducido\" data-ved=\"2ahUKEwjgqoOxw7-GAxWu-gIHHcCaBbcQ3ewLegQIChAU\"><span class=\"Y2IQFc\" lang=\"en\">Personalization<\/span><\/p>\n<\/td>\n<td width=\"121\"><\/td>\n<td width=\"121\"><\/td>\n<td width=\"139\"><\/td>\n<td width=\"94\"><\/td>\n<\/tr>\n<tr>\n<td width=\"121\"><\/td>\n<td width=\"121\"><\/td>\n<td width=\"139\"><\/td>\n<td width=\"94\"><\/td>\n<\/tr>\n<tr>\n<td width=\"121\"><\/td>\n<td width=\"121\"><\/td>\n<td width=\"139\"><\/td>\n<td width=\"94\"><\/td>\n<\/tr>\n<tr>\n<td rowspan=\"3\" width=\"101\">&nbsp;<\/p>\n<p>&nbsp;<\/p>\n<p id=\"tw-target-text\" class=\"tw-data-text tw-text-large tw-ta\" dir=\"ltr\" data-placeholder=\"Traducci\u00f3n\" aria-label=\"Texto traducido\" data-ved=\"2ahUKEwjgqoOxw7-GAxWu-gIHHcCaBbcQ3ewLegQIChAU\"><span class=\"Y2IQFc\" lang=\"en\">Analysis<\/span><\/p>\n<\/td>\n<td width=\"121\"><\/td>\n<td width=\"121\"><\/td>\n<td width=\"139\"><\/td>\n<td width=\"94\"><\/td>\n<\/tr>\n<tr>\n<td width=\"121\"><\/td>\n<td width=\"121\"><\/td>\n<td width=\"139\"><\/td>\n<td width=\"94\"><\/td>\n<\/tr>\n<tr>\n<td width=\"121\"><\/td>\n<td width=\"121\"><\/td>\n<td width=\"139\"><\/td>\n<td width=\"94\"><\/td>\n<\/tr>\n<tr>\n<td rowspan=\"3\" width=\"101\">&nbsp;<\/p>\n<p id=\"tw-target-text\" class=\"tw-data-text tw-text-large tw-ta\" dir=\"ltr\" data-placeholder=\"Traducci\u00f3n\" aria-label=\"Texto traducido\" data-ved=\"2ahUKEwjgqoOxw7-GAxWu-gIHHcCaBbcQ3ewLegQIChAU\"><span class=\"Y2IQFc\" lang=\"en\">Advertising\/ Behavioral Advertising<\/span><\/p>\n<\/td>\n<td width=\"121\"><\/td>\n<td width=\"121\"><\/td>\n<td width=\"139\"><\/td>\n<td width=\"94\"><\/td>\n<\/tr>\n<tr>\n<td width=\"121\"><\/td>\n<td width=\"121\"><\/td>\n<td width=\"139\"><\/td>\n<td width=\"94\"><\/td>\n<\/tr>\n<tr>\n<td width=\"121\"><\/td>\n<td width=\"121\"><\/td>\n<td width=\"139\"><\/td>\n<td width=\"94\"><\/td>\n<\/tr>\n<\/tbody>\n<\/table>\n<p>&nbsp;<\/p>\n<p>&nbsp;<\/p>\n<p>&nbsp;<\/p>\n<p>&nbsp;<\/p>\n<table>\n<tbody>\n<tr>\n<td colspan=\"5\" width=\"576\"><strong>THIRD PARTY COOKIES<\/strong><\/td>\n<\/tr>\n<tr>\n<td width=\"101\"><strong>Type<\/strong><\/td>\n<td width=\"118\"><strong>Holder<\/strong><\/td>\n<td width=\"118\"><strong>Cookie<\/strong><\/td>\n<td width=\"146\"><strong>Purpose<\/strong><\/td>\n<td width=\"94\"><strong>Conservation<\/strong><\/td>\n<\/tr>\n<tr>\n<td rowspan=\"3\" width=\"101\">&nbsp;<\/p>\n<p>&nbsp;<\/p>\n<p><span class=\"Y2IQFc\" lang=\"en\">Techniques<\/span><\/td>\n<td width=\"118\"><\/td>\n<td width=\"118\"><\/td>\n<td width=\"146\"><\/td>\n<td width=\"94\"><\/td>\n<\/tr>\n<tr>\n<td width=\"118\"><\/td>\n<td width=\"118\"><\/td>\n<td width=\"146\"><\/td>\n<td width=\"94\"><\/td>\n<\/tr>\n<tr>\n<td width=\"118\"><\/td>\n<td width=\"118\"><\/td>\n<td width=\"146\"><\/td>\n<td width=\"94\"><\/td>\n<\/tr>\n<tr>\n<td rowspan=\"3\" width=\"101\">&nbsp;<\/p>\n<p>&nbsp;<\/p>\n<p><span class=\"Y2IQFc\" lang=\"en\">Personalization<\/span><\/td>\n<td width=\"118\"><\/td>\n<td width=\"118\"><\/td>\n<td width=\"146\"><\/td>\n<td width=\"94\"><\/td>\n<\/tr>\n<tr>\n<td width=\"118\"><\/td>\n<td width=\"118\"><\/td>\n<td width=\"146\"><\/td>\n<td width=\"94\"><\/td>\n<\/tr>\n<tr>\n<td width=\"118\"><\/td>\n<td width=\"118\"><\/td>\n<td width=\"146\"><\/td>\n<td width=\"94\"><\/td>\n<\/tr>\n<tr>\n<td rowspan=\"3\" width=\"101\">&nbsp;<\/p>\n<p>&nbsp;<\/p>\n<p><span class=\"Y2IQFc\" lang=\"en\">Analysis<\/span><\/td>\n<td width=\"118\"><\/td>\n<td width=\"118\"><\/td>\n<td width=\"146\"><\/td>\n<td width=\"94\"><\/td>\n<\/tr>\n<tr>\n<td width=\"118\"><\/td>\n<td width=\"118\"><\/td>\n<td width=\"146\"><\/td>\n<td width=\"94\"><\/td>\n<\/tr>\n<tr>\n<td width=\"118\"><\/td>\n<td width=\"118\"><\/td>\n<td width=\"146\"><\/td>\n<td width=\"94\"><\/td>\n<\/tr>\n<tr>\n<td rowspan=\"3\" width=\"101\">&nbsp;<\/p>\n<p><span class=\"Y2IQFc\" lang=\"en\">Advertising\/ Behavioral Advertising<\/span><\/td>\n<td width=\"118\"><\/td>\n<td width=\"118\"><\/td>\n<td width=\"146\"><\/td>\n<td width=\"94\"><\/td>\n<\/tr>\n<tr>\n<td width=\"118\"><\/td>\n<td width=\"118\"><\/td>\n<td width=\"146\"><\/td>\n<td width=\"94\"><\/td>\n<\/tr>\n<tr>\n<td width=\"118\"><\/td>\n<td width=\"118\"><\/td>\n<td width=\"146\"><\/td>\n<td width=\"94\"><\/td>\n<\/tr>\n<\/tbody>\n<\/table>\n<p>&nbsp;<\/p>\n<p>&nbsp;<\/p>\n<p>&nbsp;<\/p>\n<p id=\"tw-target-text\" class=\"tw-data-text tw-text-large tw-ta\" dir=\"ltr\" data-placeholder=\"Traducci\u00f3n\" aria-label=\"Texto traducido\" data-ved=\"2ahUKEwjgqoOxw7-GAxWu-gIHHcCaBbcQ3ewLegQIChAU\"><span class=\"Y2IQFc\" lang=\"en\">You can find out about international transfers to third countries that, where applicable, are carried out by THIRD PARTIES, identified in this cookie policy, in their corresponding policies (click on the cookie owner).<\/span><\/p>\n<p>&nbsp;<\/p>\n<p id=\"tw-target-text\" class=\"tw-data-text tw-text-large tw-ta\" dir=\"ltr\" data-placeholder=\"Traducci\u00f3n\" aria-label=\"Texto traducido\" data-ved=\"2ahUKEwjgqoOxw7-GAxWu-gIHHcCaBbcQ3ewLegQIChAU\"><span class=\"Y2IQFc\" lang=\"en\">MARMOLES MOYA E HIJOS SL informs in a more exhaustive manner the information related to international transfers derived from the use of its own cookies:<\/span><\/p>\n<p>&nbsp;<\/p>\n<p>&nbsp;<\/p>\n<p>&nbsp;<\/p>\n<table>\n<tbody>\n<tr>\n<td colspan=\"4\" width=\"582\">&nbsp;<\/p>\n<p><b>INTERNATIONAL TRANSFERS<\/b><\/td>\n<\/tr>\n<tr>\n<td width=\"80\"><strong>Holder<\/strong><\/td>\n<td width=\"85\"><strong>Cookie<\/strong><\/td>\n<td width=\"233\"><strong>Transfer country<\/strong><\/td>\n<td width=\"183\"><b>Applied regime<\/b><\/td>\n<\/tr>\n<tr>\n<td width=\"80\"><\/td>\n<td width=\"85\"><\/td>\n<td width=\"233\"><\/td>\n<td width=\"183\"><\/td>\n<\/tr>\n<tr>\n<td width=\"80\"><\/td>\n<td width=\"85\"><\/td>\n<td width=\"233\"><\/td>\n<td width=\"183\"><\/td>\n<\/tr>\n<tr>\n<td width=\"80\"><\/td>\n<td width=\"85\"><\/td>\n<td width=\"233\"><\/td>\n<td width=\"183\"><\/td>\n<\/tr>\n<tr>\n<td width=\"80\"><\/td>\n<td width=\"85\"><\/td>\n<td width=\"233\"><\/td>\n<td width=\"183\"><\/td>\n<\/tr>\n<tr>\n<td width=\"80\"><\/td>\n<td width=\"85\"><\/td>\n<td width=\"233\"><\/td>\n<td width=\"183\"><\/td>\n<\/tr>\n<tr>\n<td width=\"80\"><\/td>\n<td width=\"85\"><\/td>\n<td width=\"233\"><\/td>\n<td width=\"183\"><\/td>\n<\/tr>\n<\/tbody>\n<\/table>\n<p>&nbsp;<\/p>\n<p>&nbsp;<\/p>\n<p>&nbsp;<\/p>\n<p id=\"tw-target-text\" class=\"tw-data-text tw-text-large tw-ta\" dir=\"ltr\" data-placeholder=\"Traducci\u00f3n\" aria-label=\"Texto traducido\" data-ved=\"2ahUKEwjgqoOxw7-GAxWu-gIHHcCaBbcQ3ewLegQIChAU\"><span class=\"Y2IQFc\" lang=\"en\">Please note that, if you accept third-party cookies, you must delete them from the browser options or from the system offered by the third party itself.<\/span><\/p>\n<p>&nbsp;<\/p>\n<p id=\"tw-target-text\" class=\"tw-data-text tw-text-large tw-ta\" dir=\"ltr\" data-placeholder=\"Traducci\u00f3n\" aria-label=\"Texto traducido\" data-ved=\"2ahUKEwjgqoOxw7-GAxWu-gIHHcCaBbcQ3ewLegQIChAU\"><span class=\"Y2IQFc\" lang=\"en\">Below, we provide you with links to various browsers, through which you can modify your browser settings regarding the use of cookies:<\/span><\/p>\n<p>&nbsp;<\/p>\n<p><strong>Firefox: <\/strong><u>https:\/\/support.mozilla.org\/es\/kb\/cookies-informacion-que-los-sitios-web-guardan-en-<\/u><\/p>\n<p>&nbsp;<\/p>\n<p><strong>Chrome<\/strong>: <a href=\"http:\/\/support.google.com\/chrome\/bin\/answer.py?hl=es&amp;amp;answer=95647\">http:\/\/support.google.com\/chrome\/bin\/answer.py?hl=es&amp;answer=95647<\/a><\/p>\n<p>&nbsp;<\/p>\n<p><strong>Internet\u00a0\u00a0\u00a0\u00a0\u00a0\u00a0\u00a0\u00a0 Explorer:\u00a0\u00a0\u00a0\u00a0\u00a0\u00a0\u00a0\u00a0\u00a0 <\/strong><a href=\"http:\/\/windows.microsoft.com\/es-es\/internet-explorer\/delete-manage-\">http:\/\/windows.microsoft.com\/es-es\/internet-explorer\/delete-manage-<\/a> <u>cookies#ie=ie-10<\/u><\/p>\n<p>&nbsp;<\/p>\n<p><strong>Microsoft\u00a0\u00a0\u00a0\u00a0 Edge:\u00a0\u00a0\u00a0\u00a0\u00a0\u00a0 <\/strong><u>https:\/\/support.microsoft.com\/es-es\/microsoft-edge\/eliminar-las-cookies-en-<\/u> <u>microsoft-edge-63947406-40ac-c3b8-57b9-2a946a29ae09<\/u><\/p>\n<p>&nbsp;<\/p>\n<p><strong>Safari: <\/strong><u>https:\/\/support.apple.com\/kb\/ph17191?locale=es_ES<\/u><\/p>\n<p>&nbsp;<\/p>\n<p><strong>Opera: <\/strong><u>https:\/\/help.opera.com\/en\/latest\/web-preferences\/#cookies<\/u><\/p>\n<p>&nbsp;<\/p>\n<p id=\"tw-target-text\" class=\"tw-data-text tw-text-large tw-ta\" dir=\"ltr\" data-placeholder=\"Traducci\u00f3n\" aria-label=\"Texto traducido\" data-ved=\"2ahUKEwjgqoOxw7-GAxWu-gIHHcCaBbcQ3ewLegQIChAU\"><span class=\"Y2IQFc\" lang=\"en\">To learn more information about the processing of personal data, we recommend that you visit our \u201cPrivacy Policy\u201d section.<\/span><\/p>\n<p>&nbsp;<\/p>\n<pre id=\"tw-target-text\" class=\"tw-data-text tw-text-large tw-ta\" dir=\"ltr\" data-placeholder=\"Traducci\u00f3n\" aria-label=\"Texto traducido\" data-ved=\"2ahUKEwjgqoOxw7-GAxWu-gIHHcCaBbcQ3ewLegQIChAU\"><span class=\"Y2IQFc\" lang=\"en\"><strong>Last update:<\/strong> July 5, 2023<\/span><\/pre>\n<\/div><div class=\"fusion-clearfix\"><\/div><\/div><\/div><\/div><\/div><div class=\"fusion-fullwidth fullwidth-box fusion-builder-row-2 hundred-percent-fullwidth non-hundred-percent-height-scrolling\" style=\"background-color: rgba(255,255,255,0);background-position: center center;background-repeat: no-repeat;padding-top:0px;padding-right:0px;padding-bottom:0px;padding-left:0px;margin-bottom: 0px;margin-top: 0px;border-width: 0px 0px 0px 0px;border-color:#eae9e9;border-style:solid;\" ><div class=\"fusion-builder-row fusion-row\"><div class=\"fusion-layout-column fusion_builder_column fusion-builder-column-1 fusion_builder_column_1_1 1_1 fusion-one-full fusion-column-first fusion-column-last fusion-column-no-min-height\" style=\"margin-top:0px;margin-bottom:0px;\"><div class=\"fusion-column-wrapper fusion-flex-column-wrapper-legacy\" style=\"background-position:left top;background-repeat:no-repeat;-webkit-background-size:cover;-moz-background-size:cover;-o-background-size:cover;background-size:cover;padding: 0px 0px 0px 0px;\"><div class=\"fusion-menu-anchor\" id=\"cookies\"><\/div><div class=\"fusion-text fusion-text-2\"><div class=\"page\" title=\"Page 6\">\n<div class=\"layoutArea\">\n<div class=\"column\">\n<p id=\"tw-target-text\" class=\"tw-data-text tw-text-large tw-ta\" dir=\"ltr\" data-placeholder=\"Traducci\u00f3n\" aria-label=\"Texto traducido\" data-ved=\"2ahUKEwjgqoOxw7-GAxWu-gIHHcCaBbcQ3ewLegQIChAU\"><strong><span class=\"Y2IQFc\" lang=\"en\">How to configure?<\/span><\/strong><\/p>\n<p id=\"tw-target-text\" class=\"tw-data-text tw-text-large tw-ta\" dir=\"ltr\" data-placeholder=\"Traducci\u00f3n\" aria-label=\"Texto traducido\" data-ved=\"2ahUKEwjgqoOxw7-GAxWu-gIHHcCaBbcQ3ewLegQIChAU\"><span class=\"Y2IQFc\" lang=\"en\">Likewise, MARMOLES MOYA E HIJOS SL informs the user that they have the possibility of configuring their browser so that they are informed of the receipt of cookies, being able, if they wish, to prevent them from being installed on their hard drive.<\/span><\/p>\n<p id=\"tw-target-text\" class=\"tw-data-text tw-text-large tw-ta\" dir=\"ltr\" data-placeholder=\"Traducci\u00f3n\" aria-label=\"Texto traducido\" data-ved=\"2ahUKEwjgqoOxw7-GAxWu-gIHHcCaBbcQ3ewLegQIChAU\"><span class=\"Y2IQFc\" lang=\"en\">Below we provide links to various browsers, through which you can make this configuration:<\/span><\/p>\n<p>Firefox from here: http:\/\/support.mozilla.org\/es\/kb\/habilitar-y-deshabilitar-cookies-que-los- sitios-we<br \/>\nChrome from here: http:\/\/support.google.com\/chrome\/bin\/answer.py?hl=es&amp;answer=95647 Explorer desde aqui\u0301: http:\/\/windows.microsoft.com\/es-es\/internet-explorer\/delete-manage- cookies#ie=ie-10<\/p>\n<p>Safari from here: https:\/\/support.apple.com\/kb\/ph17191?locale=es_ES<br \/>\nOpera from here: http:\/\/help.opera.com\/Windows\/11.50\/es-ES\/cookies.html\u201d.<\/p>\n<p>Moy\u00e0 Marbles Marbles in Mallorca Lloseta Marble<\/p>\n<\/div>\n<\/div>\n<\/div>\n<\/div><div class=\"fusion-clearfix\"><\/div><\/div><\/div><\/div><style type=\"text\/css\">.fusion-fullwidth.fusion-builder-row-2 { overflow:visible; }<\/style><\/div><\/p>\n","protected":false},"excerpt":{"rendered":"","protected":false},"author":4,"featured_media":0,"parent":0,"menu_order":0,"comment_status":"closed","ping_status":"closed","template":"","meta":[],"yoast_head":"<!-- This site is optimized with the Yoast SEO plugin v16.3 - https:\/\/yoast.com\/wordpress\/plugins\/seo\/ -->\n<title>Cookies Policy | M\u00e1rmoles Moy\u00e0 | M\u00e1rmol Lloseta<\/title>\n<meta name=\"description\" content=\"Factory and office in Lloseta. We have our own Mallorcan stone quarry and 4000m2 of facilities with the best machinery. Lloseta Marble Marble Shop\" \/>\n<meta name=\"robots\" content=\"index, follow, max-snippet:-1, max-image-preview:large, max-video-preview:-1\" \/>\n<link rel=\"canonical\" href=\"https:\/\/marmolesmoya.com\/en\/politica-de-cookies\/\" \/>\n<meta property=\"og:locale\" content=\"en_US\" \/>\n<meta property=\"og:type\" content=\"article\" \/>\n<meta property=\"og:title\" content=\"Cookies Policy | M\u00e1rmoles Moy\u00e0 | M\u00e1rmol Lloseta\" \/>\n<meta property=\"og:description\" content=\"Factory and office in Lloseta. We have our own Mallorcan stone quarry and 4000m2 of facilities with the best machinery. Lloseta Marble Marble Shop\" \/>\n<meta property=\"og:url\" content=\"https:\/\/marmolesmoya.com\/politica-de-cookies\/\" \/>\n<meta property=\"og:site_name\" content=\"Marmoles Moy\u00e1\" \/>\n<meta property=\"article:modified_time\" content=\"2024-06-03T14:40:22+00:00\" \/>\n<meta name=\"twitter:card\" content=\"summary\" \/>\n<meta name=\"twitter:label1\" content=\"Est. reading time\">\n\t<meta name=\"twitter:data1\" content=\"4 minutes\">\n<script type=\"application\/ld+json\" class=\"yoast-schema-graph\">{\"@context\":\"https:\/\/schema.org\",\"@graph\":[{\"@type\":\"WebSite\",\"@id\":\"https:\/\/marmolesmoya.com\/#website\",\"url\":\"https:\/\/marmolesmoya.com\/\",\"name\":\"Marmoles Moy\\u00e1\",\"description\":\"Materiales y suministros\",\"potentialAction\":[{\"@type\":\"SearchAction\",\"target\":\"https:\/\/marmolesmoya.com\/?s={search_term_string}\",\"query-input\":\"required name=search_term_string\"}],\"inLanguage\":\"en-US\"},{\"@type\":\"WebPage\",\"@id\":\"https:\/\/marmolesmoya.com\/politica-de-cookies\/#webpage\",\"url\":\"https:\/\/marmolesmoya.com\/politica-de-cookies\/\",\"name\":\"Cookies Policy | M\\u00e1rmoles Moy\\u00e0 | M\\u00e1rmol Lloseta\",\"isPartOf\":{\"@id\":\"https:\/\/marmolesmoya.com\/#website\"},\"datePublished\":\"2015-06-10T15:47:38+00:00\",\"dateModified\":\"2024-06-03T14:40:22+00:00\",\"description\":\"Factory and office in Lloseta. We have our own Mallorcan stone quarry and 4000m2 of facilities with the best machinery. Lloseta Marble Marble Shop\",\"breadcrumb\":{\"@id\":\"https:\/\/marmolesmoya.com\/politica-de-cookies\/#breadcrumb\"},\"inLanguage\":\"en-US\",\"potentialAction\":[{\"@type\":\"ReadAction\",\"target\":[\"https:\/\/marmolesmoya.com\/politica-de-cookies\/\"]}]},{\"@type\":\"BreadcrumbList\",\"@id\":\"https:\/\/marmolesmoya.com\/politica-de-cookies\/#breadcrumb\",\"itemListElement\":[{\"@type\":\"ListItem\",\"position\":1,\"item\":{\"@type\":\"WebPage\",\"@id\":\"https:\/\/marmolesmoya.com\/\",\"url\":\"https:\/\/marmolesmoya.com\/\",\"name\":\"Portada\"}},{\"@type\":\"ListItem\",\"position\":2,\"item\":{\"@id\":\"https:\/\/marmolesmoya.com\/politica-de-cookies\/#webpage\"}}]}]}<\/script>\n<!-- \/ Yoast SEO plugin. -->","_links":{"self":[{"href":"https:\/\/marmolesmoya.com\/en\/wp-json\/wp\/v2\/pages\/1374"}],"collection":[{"href":"https:\/\/marmolesmoya.com\/en\/wp-json\/wp\/v2\/pages"}],"about":[{"href":"https:\/\/marmolesmoya.com\/en\/wp-json\/wp\/v2\/types\/page"}],"author":[{"embeddable":true,"href":"https:\/\/marmolesmoya.com\/en\/wp-json\/wp\/v2\/users\/4"}],"replies":[{"embeddable":true,"href":"https:\/\/marmolesmoya.com\/en\/wp-json\/wp\/v2\/comments?post=1374"}],"version-history":[{"count":5,"href":"https:\/\/marmolesmoya.com\/en\/wp-json\/wp\/v2\/pages\/1374\/revisions"}],"predecessor-version":[{"id":1975,"href":"https:\/\/marmolesmoya.com\/en\/wp-json\/wp\/v2\/pages\/1374\/revisions\/1975"}],"wp:attachment":[{"href":"https:\/\/marmolesmoya.com\/en\/wp-json\/wp\/v2\/media?parent=1374"}],"curies":[{"name":"wp","href":"https:\/\/api.w.org\/{rel}","templated":true}]}}