{"id":1372,"date":"2015-06-10T15:55:11","date_gmt":"2015-06-10T15:55:11","guid":{"rendered":"http:\/\/marmolesmoya.com\/aviso-legal-marmol-lloseta-2\/"},"modified":"2024-06-03T14:27:41","modified_gmt":"2024-06-03T14:27:41","slug":"aviso-legal-marmol-lloseta","status":"publish","type":"page","link":"https:\/\/marmolesmoya.com\/en\/aviso-legal-marmol-lloseta\/","title":{"rendered":"Legal Warning"},"content":{"rendered":"<div class=\"fusion-fullwidth fullwidth-box fusion-builder-row-1 nonhundred-percent-fullwidth non-hundred-percent-height-scrolling\" style=\"background-color: rgba(255,255,255,0);background-position: left top;background-repeat: no-repeat;padding-top:20px;padding-right:0px;padding-bottom:20px;padding-left:0px;margin-bottom: 0px;margin-top: 0px;border-width: 0px 0px 0px 0px;border-color:#eae9e9;border-style:solid;\" ><div class=\"fusion-builder-row fusion-row\"><div class=\"fusion-layout-column fusion_builder_column fusion-builder-column-0 fusion_builder_column_1_1 1_1 fusion-one-full fusion-column-first fusion-column-last fusion-column-no-min-height\" style=\"margin-top:0px;margin-bottom:0px;\"><div class=\"fusion-column-wrapper fusion-flex-column-wrapper-legacy\" style=\"background-position:left top;background-repeat:no-repeat;-webkit-background-size:cover;-moz-background-size:cover;-o-background-size:cover;background-size:cover;padding: 0px 0px 0px 0px;\"><div class=\"fusion-text fusion-text-1\"><div class=\"page\" title=\"Page 1\">\n<div class=\"section\">\n<div class=\"layoutArea\">\n<div class=\"column\" style=\"text-align: center;\">\n<p style=\"text-align: center;\"><strong>\u00a0<\/strong><\/p>\n<p style=\"text-align: center;\"><strong>Introduction<\/strong><\/p>\n<p style=\"text-align: center;\"><strong>\u00a0<\/strong><\/p>\n<p id=\"tw-target-text\" class=\"tw-data-text tw-text-large tw-ta\" dir=\"ltr\" data-placeholder=\"Traducci\u00f3n\" aria-label=\"Texto traducido\" data-ved=\"2ahUKEwjgqoOxw7-GAxWu-gIHHcCaBbcQ3ewLegQIChAU\"><span class=\"Y2IQFc\" lang=\"en\">In compliance with Law 34\/2002, of July 11, on Information Society Services and Electronic Commerce (LSSI-CE), MARMOLES MOYA E HIJOS SL informs that it is the owner of the website. In accordance with the requirements of article 10 of the aforementioned Law, MARMOLES MOYA E HIJOS SL reports the following data:<\/span><\/p>\n<table class=\" aligncenter\" style=\"height: 332px;\" width=\"807\">\n<tbody>\n<tr>\n<td width=\"174\"><strong><strong>LEGAL REPRESENTATIVE<\/strong><\/strong><\/td>\n<td width=\"407\">MARMOLES MOYA E HIJOS SL<\/td>\n<\/tr>\n<tr>\n<td width=\"174\"><strong>NIF<\/strong><\/td>\n<td width=\"407\">B57226128<\/td>\n<\/tr>\n<tr>\n<td width=\"174\"><strong>DOMAIN<\/strong><\/td>\n<td width=\"407\"><a href=\"http:\/\/marmolesmoya.com\/\">http:\/\/marmolesmoya.com\/<\/a><\/td>\n<\/tr>\n<tr>\n<td width=\"174\"><b>ADDRESS<\/b><\/td>\n<td width=\"407\">POLIG. P-3 &#8211; C\/ SABATERS, 10,07360 LLOSETA(ILLES BALEARS)<\/td>\n<\/tr>\n<tr>\n<td width=\"174\"><b>MAIL<\/b><\/td>\n<td width=\"407\"><a href=\"mailto:ADMINISTRACION@MARMOLESMOYA.COM\">ADMINISTRACION@MARMOLESMOYA.COM<\/a><\/td>\n<\/tr>\n<tr>\n<td width=\"174\"><strong>PHONES<\/strong><\/td>\n<td width=\"407\">971514323<\/td>\n<\/tr>\n<tr>\n<td width=\"174\"><strong>REGISTRATION NO.\/ADDITIONAL DATA<\/strong><\/td>\n<td width=\"407\"><\/td>\n<\/tr>\n<\/tbody>\n<\/table>\n<h1 id=\"tw-target-text\" class=\"tw-data-text tw-text-large tw-ta\" dir=\"ltr\" style=\"text-align: center;\" data-placeholder=\"Traducci\u00f3n\" aria-label=\"Texto traducido\" data-ved=\"2ahUKEwjgqoOxw7-GAxWu-gIHHcCaBbcQ3ewLegQIChAU\"><span class=\"Y2IQFc\" lang=\"en\">User and responsibilities regime<\/span><\/h1>\n<p style=\"text-align: left;\"><strong>\u00a0<\/strong><\/p>\n<p id=\"tw-target-text\" class=\"tw-data-text tw-text-large tw-ta\" dir=\"ltr\" style=\"text-align: left;\" data-placeholder=\"Traducci\u00f3n\" aria-label=\"Texto traducido\" data-ved=\"2ahUKEwjgqoOxw7-GAxWu-gIHHcCaBbcQ3ewLegQIChAU\"><span class=\"Y2IQFc\" lang=\"en\">Navigation, access and use of the MARMOLES MOYA E HIJOS SL website confers the status of user. <\/span><\/p>\n<p class=\"tw-data-text tw-text-large tw-ta\" dir=\"ltr\" style=\"text-align: left;\" data-placeholder=\"Traducci\u00f3n\" aria-label=\"Texto traducido\" data-ved=\"2ahUKEwjgqoOxw7-GAxWu-gIHHcCaBbcQ3ewLegQIChAU\"><span class=\"Y2IQFc\" lang=\"en\">The MARMOLES MOYA E HIJOS SL website provides a wide variety of information, services and data. The user assumes responsibility for the correct use of the website. This responsibility will extend to: <\/span><\/p>\n<p class=\"tw-data-text tw-text-large tw-ta\" dir=\"ltr\" style=\"text-align: left;\" data-placeholder=\"Traducci\u00f3n\" aria-label=\"Texto traducido\" data-ved=\"2ahUKEwjgqoOxw7-GAxWu-gIHHcCaBbcQ3ewLegQIChAU\"><span class=\"Y2IQFc\" lang=\"en\">The veracity and legality of the information provided by the user in the forms issued by MARMOLES MOYA E HIJOS SL for access to certain content or services offered by the website. <\/span><\/p>\n<p class=\"tw-data-text tw-text-large tw-ta\" dir=\"ltr\" style=\"text-align: left;\" data-placeholder=\"Traducci\u00f3n\" aria-label=\"Texto traducido\" data-ved=\"2ahUKEwjgqoOxw7-GAxWu-gIHHcCaBbcQ3ewLegQIChAU\"><span class=\"Y2IQFc\" lang=\"en\">The use of the information, services and data offered by MARMOLES MOYA E HIJOS SL contrary to the provisions of these conditions, the Law, morality, good customs or public order, or that in any other way may cause harm to the rights of third parties or the operation of the website itself.<\/span><\/p>\n<h1 id=\"tw-target-text\" class=\"tw-data-text tw-text-large tw-ta\" dir=\"ltr\" data-placeholder=\"Traducci\u00f3n\" aria-label=\"Texto traducido\" data-ved=\"2ahUKEwjgqoOxw7-GAxWu-gIHHcCaBbcQ3ewLegQIChAU\"><span class=\"Y2IQFc\" lang=\"en\">Link Policy and Disclaimers<\/span><\/h1>\n<p><strong>\u00a0<\/strong><\/p>\n<p id=\"tw-target-text\" class=\"tw-data-text tw-text-large tw-ta\" dir=\"ltr\" style=\"text-align: left;\" data-placeholder=\"Traducci\u00f3n\" aria-label=\"Texto traducido\" data-ved=\"2ahUKEwjgqoOxw7-GAxWu-gIHHcCaBbcQ3ewLegQIChAU\"><span class=\"Y2IQFc\" lang=\"en\">MARMOLES MOYA E HIJOS SL is not responsible for the content of the websites that the user can access through the links established on its website, provided that it has no effective knowledge that the activity or information to which it refers or recommends is illegal or that it damages property or rights of a third party susceptible to compensation, or, if so, act diligently to delete or disable the corresponding link.<\/span><\/p>\n<p id=\"tw-target-text\" class=\"tw-data-text tw-text-large tw-ta\" dir=\"ltr\" style=\"text-align: left;\" data-placeholder=\"Traducci\u00f3n\" aria-label=\"Texto traducido\" data-ved=\"2ahUKEwjgqoOxw7-GAxWu-gIHHcCaBbcQ3ewLegQIChAU\"><span class=\"Y2IQFc\" lang=\"en\">It will be understood that MARMOLES MOYA E HIJOS SL has the effective knowledge referred to in the previous paragraph when a competent body has declared the illegality of the data, ordered its withdrawal or that access to it is impossible, or the existence has been declared. of the injury, and MARMOLES MOYA E HIJOS SL would be aware of the corresponding resolution, without prejudice to the content detection and removal procedures that MARMOLES MOYA E HIJOS SL applies by virtue of voluntary agreements and other means of effective knowledge that may be established.<\/span><\/p>\n<p id=\"tw-target-text\" class=\"tw-data-text tw-text-large tw-ta\" dir=\"ltr\" style=\"text-align: left;\" data-placeholder=\"Traducci\u00f3n\" aria-label=\"Texto traducido\" data-ved=\"2ahUKEwjgqoOxw7-GAxWu-gIHHcCaBbcQ3ewLegQIChAU\"><span class=\"Y2IQFc\" lang=\"en\">MARMOLES MOYA E HIJOS SL declares that it has adopted all necessary measures to avoid any harm to the users of its website, which may arise from browsing its website. Consequently, MARMOLES MOYA E HIJOS SL is not responsible, in any case, for any damage that the user may suffer due to Internet browsing. Likewise, it will not guarantee the technical availability, accuracy, veracity, validity or legality of sites other than its property that can be accessed through the links.<\/span><\/p>\n<h1 style=\"text-align: center;\">Modifications<\/h1>\n<p><strong>\u00a0<\/strong><\/p>\n<p id=\"tw-target-text\" class=\"tw-data-text tw-text-large tw-ta\" dir=\"ltr\" style=\"text-align: left;\" data-placeholder=\"Traducci\u00f3n\" aria-label=\"Texto traducido\" data-ved=\"2ahUKEwjgqoOxw7-GAxWu-gIHHcCaBbcQ3ewLegQIChAU\"><span class=\"Y2IQFc\" lang=\"en\">MARMOLES MOYA E HIJOS SL reserves the right to make any modifications it deems appropriate, without prior notice, to the content of its website. Both in relation to the contents of the website, as well as in its conditions of use, or in the general contracting conditions. The changes referred to in this section will not affect contracts made prior to their publication date.<\/span><\/p>\n<p id=\"tw-target-text\" class=\"tw-data-text tw-text-large tw-ta\" dir=\"ltr\" style=\"text-align: left;\" data-placeholder=\"Traducci\u00f3n\" aria-label=\"Texto traducido\" data-ved=\"2ahUKEwjgqoOxw7-GAxWu-gIHHcCaBbcQ3ewLegQIChAU\"><span class=\"Y2IQFc\" lang=\"en\">These modifications may be made through its website in any manner admissible by law and will be mandatory during the time in which they are published on the website and until they are validly modified by subsequent ones.<\/span><\/p>\n<h1 style=\"text-align: center;\">Price indication<\/h1>\n<p><strong>\u00a0<\/strong><\/p>\n<p id=\"tw-target-text\" class=\"tw-data-text tw-text-large tw-ta\" dir=\"ltr\" style=\"text-align: left;\" data-placeholder=\"Traducci\u00f3n\" aria-label=\"Texto traducido\" data-ved=\"2ahUKEwjgqoOxw7-GAxWu-gIHHcCaBbcQ3ewLegQIChAU\"><span class=\"Y2IQFc\" lang=\"en\">If prices of products and\/or services are shown, those indicated on the screen will be those in force at all times. Prices will be indicated in euros and will include Value Added Tax (VAT). If VAT is not included in the price, it will be expressly indicated and the user will be allowed to view the complete final price.<\/span><\/p>\n<p id=\"tw-target-text\" class=\"tw-data-text tw-text-large tw-ta\" dir=\"ltr\" style=\"text-align: left;\" data-placeholder=\"Traducci\u00f3n\" aria-label=\"Texto traducido\" data-ved=\"2ahUKEwjgqoOxw7-GAxWu-gIHHcCaBbcQ3ewLegQIChAU\"><span class=\"Y2IQFc\" lang=\"en\">Likewise, if any other tax were applicable, this would be indicated, including, where applicable, the amount of increases or discounts that apply to the offer and any additional expenses that may be passed on to the consumer or user.<\/span><\/p>\n<h1 style=\"text-align: center;\">Intellectual and industrial property<\/h1>\n<p><strong>\u00a0<\/strong><\/p>\n<p id=\"tw-target-text\" class=\"tw-data-text tw-text-large tw-ta\" dir=\"ltr\" style=\"text-align: left;\" data-placeholder=\"Traducci\u00f3n\" aria-label=\"Texto traducido\" data-ved=\"2ahUKEwjgqoOxw7-GAxWu-gIHHcCaBbcQ3ewLegQIChAU\"><span class=\"Y2IQFc\" lang=\"en\">MARMOLES MOYA E HIJOS SL, by itself or as an assignee, is the owner of all the intellectual and industrial property rights of its website, as well as the elements contained therein (by way of example, images, sound, audio, video, software or texts; brands or logos, color combinations, structure and design, selection of materials used, computer programs necessary for its operation, access and use, etc.), owned by MARMOLES MOYA E HIJOS SL. They will, therefore, be works protected as intellectual property by the Spanish legal system, with both Spanish and Community regulations in this field, as well as international treaties related to the matter and signed by Spain, being applicable to them.<\/span><\/p>\n<p id=\"tw-target-text\" class=\"tw-data-text tw-text-large tw-ta\" dir=\"ltr\" style=\"text-align: left;\" data-placeholder=\"Traducci\u00f3n\" aria-label=\"Texto traducido\" data-ved=\"2ahUKEwjgqoOxw7-GAxWu-gIHHcCaBbcQ3ewLegQIChAU\"><span class=\"Y2IQFc\" lang=\"en\">All rights reserved. By virtue of the provisions of the Intellectual Property Law, the reproduction, distribution and public communication, including the method of making available, of all or part of the contents of this website, for commercial purposes, are expressly prohibited. on any medium and by any technical means, without the authorization of MARMOLES MOYA E HIJOS SL.<\/span><\/p>\n<p class=\"tw-data-text tw-text-large tw-ta\" dir=\"ltr\" style=\"text-align: left;\" data-placeholder=\"Traducci\u00f3n\" aria-label=\"Texto traducido\" data-ved=\"2ahUKEwjgqoOxw7-GAxWu-gIHHcCaBbcQ3ewLegQIChAU\"><span class=\"Y2IQFc\" lang=\"en\">The user agrees to respect the Intellectual and Industrial Property rights owned by MARMOLES MOYA E HIJOS SL. You may view the elements of the portal and even print, copy and store them on the hard drive of your computer or on any other physical medium as long as it is, solely and exclusively, for your personal and private use. The user must refrain from deleting, altering, <\/span><span class=\"Y2IQFc\" lang=\"en\">evade or manipulate any protection device or security system that was installed on the pages of MARMOLES MOYA E HIJOS SL.<\/span><\/p>\n<h1 id=\"tw-target-text\" class=\"tw-data-text tw-text-large tw-ta\" dir=\"ltr\" data-placeholder=\"Traducci\u00f3n\" aria-label=\"Texto traducido\" data-ved=\"2ahUKEwjgqoOxw7-GAxWu-gIHHcCaBbcQ3ewLegQIChAU\"><span class=\"Y2IQFc\" lang=\"en\">Legal actions, applicable legislation and jurisdiction<\/span><\/h1>\n<p><strong>\u00a0<\/strong><\/p>\n<p id=\"tw-target-text\" class=\"tw-data-text tw-text-large tw-ta\" dir=\"ltr\" style=\"text-align: left;\" data-placeholder=\"Traducci\u00f3n\" aria-label=\"Texto traducido\" data-ved=\"2ahUKEwjgqoOxw7-GAxWu-gIHHcCaBbcQ3ewLegQIChAU\"><span class=\"Y2IQFc\" lang=\"en\">If the user wishes to file a claim, they must contact by email ADMINISTRATION@MARMOLESMOYA.COM. Likewise, MARMOLES MOYA E HIJOS SL has Official complaint forms available to consumers and users.<\/span><\/p>\n<p id=\"tw-target-text\" class=\"tw-data-text tw-text-large tw-ta\" dir=\"ltr\" style=\"text-align: left;\" data-placeholder=\"Traducci\u00f3n\" aria-label=\"Texto traducido\" data-ved=\"2ahUKEwjgqoOxw7-GAxWu-gIHHcCaBbcQ3ewLegQIChAU\"><span class=\"Y2IQFc\" lang=\"en\">MARMOLES MOYA E HIJOS SL reserves the right to file civil or criminal actions that it deems appropriate for the improper use of its website and content, or for non-compliance with these conditions.<\/span><\/p>\n<p id=\"tw-target-text\" class=\"tw-data-text tw-text-large tw-ta\" dir=\"ltr\" style=\"text-align: left;\" data-placeholder=\"Traducci\u00f3n\" aria-label=\"Texto traducido\" data-ved=\"2ahUKEwjgqoOxw7-GAxWu-gIHHcCaBbcQ3ewLegQIChAU\"><span class=\"Y2IQFc\" lang=\"en\">The relationship between the user and the provider will be governed by the regulations in force and applicable in Spanish territory. If any controversy arises, the parties may submit their conflicts to arbitration or resort to ordinary jurisdiction, complying with the rules on jurisdiction and competence in this regard. MARMOLES MOYA E HIJOS SL is domiciled in ILLES BALEARS, Spain.<\/span><\/p>\n<pre id=\"tw-target-text\" class=\"tw-data-text tw-text-large tw-ta\" dir=\"ltr\" data-placeholder=\"Traducci\u00f3n\" aria-label=\"Texto traducido\" data-ved=\"2ahUKEwjgqoOxw7-GAxWu-gIHHcCaBbcQ3ewLegQIChAU\"><span class=\"Y2IQFc\" lang=\"en\"><strong>Last update:<\/strong> July 5, 2023<\/span><\/pre>\n<\/div>\n<\/div>\n<\/div>\n<\/div>\n<div class=\"page\" title=\"Page 13\"><\/div>\n<pre id=\"tw-target-text\" class=\"tw-data-text tw-text-large tw-ta\" dir=\"ltr\" data-placeholder=\"Traducci\u00f3n\" aria-label=\"Texto traducido\" data-ved=\"2ahUKEwjgqoOxw7-GAxWu-gIHHcCaBbcQ3ewLegQIChAU\"><span class=\"Y2IQFc\" lang=\"en\">Moy\u00e0 Marbles Marbles in Mallorca Lloseta Marble<\/span><\/pre>\n<\/div><div class=\"fusion-clearfix\"><\/div><\/div><\/div><\/div><\/div>\n","protected":false},"excerpt":{"rendered":"","protected":false},"author":4,"featured_media":0,"parent":0,"menu_order":0,"comment_status":"closed","ping_status":"closed","template":"","meta":[],"yoast_head":"<!-- This site is optimized with the Yoast SEO plugin v16.3 - https:\/\/yoast.com\/wordpress\/plugins\/seo\/ -->\n<title>Legal | M\u00e1rmoles Moy\u00e0 | M\u00e1rmol Lloseta<\/title>\n<meta name=\"description\" content=\"We have our own Mallorcan stone quarry and 4000m2 of facilities with the best machinery. Marbles in Mallorca | Lloseta Marble | Marble\" \/>\n<meta name=\"robots\" content=\"index, follow, max-snippet:-1, max-image-preview:large, max-video-preview:-1\" \/>\n<link rel=\"canonical\" href=\"https:\/\/marmolesmoya.com\/en\/aviso-legal-marmol-lloseta\/\" \/>\n<meta property=\"og:locale\" content=\"en_US\" \/>\n<meta property=\"og:type\" content=\"article\" \/>\n<meta property=\"og:title\" content=\"Legal | M\u00e1rmoles Moy\u00e0 | M\u00e1rmol Lloseta\" \/>\n<meta property=\"og:description\" content=\"We have our own Mallorcan stone quarry and 4000m2 of facilities with the best machinery. Marbles in Mallorca | Lloseta Marble | Marble\" \/>\n<meta property=\"og:url\" content=\"https:\/\/marmolesmoya.com\/aviso-legal-marmol-lloseta\/\" \/>\n<meta property=\"og:site_name\" content=\"Marmoles Moy\u00e1\" \/>\n<meta property=\"article:modified_time\" content=\"2024-06-03T14:27:41+00:00\" \/>\n<meta name=\"twitter:card\" content=\"summary\" \/>\n<meta name=\"twitter:label1\" content=\"Est. reading time\">\n\t<meta name=\"twitter:data1\" content=\"6 minutes\">\n<script type=\"application\/ld+json\" class=\"yoast-schema-graph\">{\"@context\":\"https:\/\/schema.org\",\"@graph\":[{\"@type\":\"WebSite\",\"@id\":\"https:\/\/marmolesmoya.com\/#website\",\"url\":\"https:\/\/marmolesmoya.com\/\",\"name\":\"Marmoles Moy\\u00e1\",\"description\":\"Materiales y suministros\",\"potentialAction\":[{\"@type\":\"SearchAction\",\"target\":\"https:\/\/marmolesmoya.com\/?s={search_term_string}\",\"query-input\":\"required name=search_term_string\"}],\"inLanguage\":\"en-US\"},{\"@type\":\"WebPage\",\"@id\":\"https:\/\/marmolesmoya.com\/aviso-legal-marmol-lloseta\/#webpage\",\"url\":\"https:\/\/marmolesmoya.com\/aviso-legal-marmol-lloseta\/\",\"name\":\"Legal | M\\u00e1rmoles Moy\\u00e0 | M\\u00e1rmol Lloseta\",\"isPartOf\":{\"@id\":\"https:\/\/marmolesmoya.com\/#website\"},\"datePublished\":\"2015-06-10T15:55:11+00:00\",\"dateModified\":\"2024-06-03T14:27:41+00:00\",\"description\":\"We have our own Mallorcan stone quarry and 4000m2 of facilities with the best machinery. Marbles in Mallorca | Lloseta Marble | Marble\",\"breadcrumb\":{\"@id\":\"https:\/\/marmolesmoya.com\/aviso-legal-marmol-lloseta\/#breadcrumb\"},\"inLanguage\":\"en-US\",\"potentialAction\":[{\"@type\":\"ReadAction\",\"target\":[\"https:\/\/marmolesmoya.com\/aviso-legal-marmol-lloseta\/\"]}]},{\"@type\":\"BreadcrumbList\",\"@id\":\"https:\/\/marmolesmoya.com\/aviso-legal-marmol-lloseta\/#breadcrumb\",\"itemListElement\":[{\"@type\":\"ListItem\",\"position\":1,\"item\":{\"@type\":\"WebPage\",\"@id\":\"https:\/\/marmolesmoya.com\/\",\"url\":\"https:\/\/marmolesmoya.com\/\",\"name\":\"Portada\"}},{\"@type\":\"ListItem\",\"position\":2,\"item\":{\"@id\":\"https:\/\/marmolesmoya.com\/aviso-legal-marmol-lloseta\/#webpage\"}}]}]}<\/script>\n<!-- \/ Yoast SEO plugin. -->","_links":{"self":[{"href":"https:\/\/marmolesmoya.com\/en\/wp-json\/wp\/v2\/pages\/1372"}],"collection":[{"href":"https:\/\/marmolesmoya.com\/en\/wp-json\/wp\/v2\/pages"}],"about":[{"href":"https:\/\/marmolesmoya.com\/en\/wp-json\/wp\/v2\/types\/page"}],"author":[{"embeddable":true,"href":"https:\/\/marmolesmoya.com\/en\/wp-json\/wp\/v2\/users\/4"}],"replies":[{"embeddable":true,"href":"https:\/\/marmolesmoya.com\/en\/wp-json\/wp\/v2\/comments?post=1372"}],"version-history":[{"count":25,"href":"https:\/\/marmolesmoya.com\/en\/wp-json\/wp\/v2\/pages\/1372\/revisions"}],"predecessor-version":[{"id":1973,"href":"https:\/\/marmolesmoya.com\/en\/wp-json\/wp\/v2\/pages\/1372\/revisions\/1973"}],"wp:attachment":[{"href":"https:\/\/marmolesmoya.com\/en\/wp-json\/wp\/v2\/media?parent=1372"}],"curies":[{"name":"wp","href":"https:\/\/api.w.org\/{rel}","templated":true}]}}