{"id":2013,"date":"2025-12-11T10:03:12","date_gmt":"2025-12-11T10:03:12","guid":{"rendered":"https:\/\/marmolesmoya.com\/?page_id=2013"},"modified":"2025-12-11T11:45:47","modified_gmt":"2025-12-11T11:45:47","slug":"contacto-marmoles-en-mallorca-2","status":"publish","type":"page","link":"https:\/\/marmolesmoya.com\/de\/contacto-marmoles-en-mallorca-2\/","title":{"rendered":"Nachhaltigkeitsplan"},"content":{"rendered":"<div class=\"fusion-fullwidth fullwidth-box fusion-builder-row-1 fusion-parallax-none nonhundred-percent-fullwidth non-hundred-percent-height-scrolling\" style=\"background-color: rgba(255,255,255,0);background-image: url(&quot;http:\/\/marmolesmoya.com\/wp-content\/uploads\/2025\/12\/FOTO-PLACAS-TALLER.jpg&quot;);background-position: center center;background-repeat: no-repeat;padding-top:110px;padding-right:6%;padding-bottom:140px;padding-left:6%;margin-bottom: 0px;margin-top: 0px;border-width: 0px 0px 0px 0px;border-color:#eae9e9;border-style:solid;-webkit-background-size:cover;-moz-background-size:cover;-o-background-size:cover;background-size:cover;\" ><\/p>\n<p>    <div class=\"fusion-builder-row fusion-row\">\n<p>        <div class=\"fusion-layout-column fusion_builder_column fusion-builder-column-0 fusion_builder_column_1_1 1_1 fusion-one-full fusion-column-first fusion-column-last\" style=\"margin-top:0px;margin-bottom:20px;\"><div class=\"fusion-column-wrapper fusion-flex-column-wrapper-legacy\" style=\"background-position:left top;background-repeat:no-repeat;-webkit-background-size:cover;-moz-background-size:cover;-o-background-size:cover;background-size:cover;padding: 0px 0px 0px 0px;\">\n<p>            <div class=\"fusion-text fusion-text-1\"><h1 style=\"text-align: center;\">Nachhaltigkeitsplan<\/h1>\n<p>\n<\/div>\n<p>            <div class=\"fusion-sep-clear\"><\/div><div class=\"fusion-separator hrleft\" style=\"margin-left: auto;margin-right: auto;margin-top:20px;margin-bottom:20px;width:100%;max-width:170px;\"><div class=\"fusion-separator-border sep-single sep-solid\" style=\"border-color:#e69efa;border-top-width:1px;\"><\/div><\/div><div class=\"fusion-sep-clear\"><\/div>\n<p>        <div class=\"fusion-clearfix\"><\/div><\/div><\/div>\n<p>    <\/div>\n<p><\/div>\n<div class=\"fusion-builder-row fusion-row\"><\/p>\n<p>    <div class=\"fusion-layout-column fusion_builder_column fusion-builder-column-1 fusion_builder_column_1_1 1_1 fusion-one-full fusion-column-first fusion-column-last\" style=\"width:100%;margin-top:0px;margin-bottom:20px;\"><div class=\"fusion-column-wrapper fusion-flex-column-wrapper-legacy\" style=\"background-position:left top;background-repeat:no-repeat;-webkit-background-size:cover;-moz-background-size:cover;-o-background-size:cover;background-size:cover;padding: 0px 0px 0px 0px;\"><div class=\"fusion-column-content-centered\"><div class=\"fusion-column-content\">\n<p>        <div class=\"fusion-text fusion-text-2\"><div style=\"text-align: left;\">\n<p>Im Rahmen unseres kontinuierlichen Engagements f\u00fcr Nachhaltigkeit und Umweltschutz haben wir zwei Anlagen errichtet, die sich an folgenden Standorten befinden:<\/p>\n<ul style=\"display: inline-block; text-align: left;\">\n<li>Calle Fusters, Grundst\u00fccke 59\u201360. Lokal 1 \u2013 Lloseta. Mit 74 Solarmodulen \u00e0 595 Wp erzeugen wir insgesamt 44.030 Wp saubere Energie. Dieses Projekt wurde durch eine Investition von 34.447,00 \u20ac erm\u00f6glicht, die teilweise mit 19.750,20 \u20ac subventioniert wurde.<\/li>\n<li>Calle Sabaters, Grundst\u00fcck 56 \u2013 Lloseta. Mit 168 Solarmodulen \u00e0 595 Wp erzeugen wir insgesamt 99.960 Wp saubere Energie. Dieses Projekt wurde durch eine Investition von 71.005,00 \u20ac erm\u00f6glicht, die teilweise mit 41.982,00 \u20ac subventioniert wurde.<\/li>\n<\/ul>\n<p>Mit dieser Ma\u00dfnahme kommen wir der Reduzierung unseres CO\u2082-Fu\u00dfabdrucks und der verantwortungsvollen Nutzung von Energieressourcen einen Schritt n\u00e4her.<\/p>\n<\/div>\n<div style=\"text-align:center; margin-top:25px;\">\n    <a href=\"http:\/\/marmolesmoya.com\/wp-content\/uploads\/2025\/12\/AF_CARTEL_Illes_Balears_v2_20242.pdf\" target=\"_blank\" style=\"color:#e69efa; font-size:18px; text-decoration:none;\" rel=\"noopener\"><br \/>\n        \ud83d\udcc4 Dokument 1 anzeigen (PDF)<br \/>\n    <\/a><\/p>\n<p>    <a href=\"http:\/\/marmolesmoya.com\/wp-content\/uploads\/2025\/12\/AF_CARTEL_Illes_Balears_v2_2024.pdf\" target=\"_blank\" style=\"color:#e69efa; font-size:18px; text-decoration:none;\" rel=\"noopener\"><br \/>\n        \ud83d\udcc4 Dokument 2 anzeigen (PDF)<br \/>\n    <\/a>\n<\/div>\n<p>\n<\/div>\n<p>    <\/div><\/div><div class=\"fusion-clearfix\"><\/div><\/div><\/div>\n<p><\/div>\n","protected":false},"excerpt":{"rendered":"","protected":false},"author":4,"featured_media":0,"parent":0,"menu_order":0,"comment_status":"closed","ping_status":"closed","template":"100-width.php","meta":[],"yoast_head":"<!-- This site is optimized with the Yoast SEO plugin v16.3 - https:\/\/yoast.com\/wordpress\/plugins\/seo\/ -->\n<title>Nachhaltigkeitsplan | M\u00e1rmoles Moy\u00e0 | M\u00e1rmoles en Mallorca M\u00e1rmol<\/title>\n<meta name=\"description\" content=\"Fabrik und B\u00fcro in Lloseta. Wir verf\u00fcgen \u00fcber einen eigenen Natursteinbruch mit mallorquinischem Stein und 4000 m\u00b2 Einrichtungen mit der besten Maschinen Ausstattung. Marmor auf Mallorca\" \/>\n<meta name=\"robots\" content=\"index, follow, max-snippet:-1, max-image-preview:large, max-video-preview:-1\" \/>\n<link rel=\"canonical\" href=\"https:\/\/marmolesmoya.com\/de\/contacto-marmoles-en-mallorca-2\/\" \/>\n<meta property=\"og:locale\" content=\"de_DE\" \/>\n<meta property=\"og:type\" content=\"article\" \/>\n<meta property=\"og:title\" content=\"Nachhaltigkeitsplan | M\u00e1rmoles Moy\u00e0 | M\u00e1rmoles en Mallorca M\u00e1rmol\" \/>\n<meta property=\"og:description\" content=\"Fabrik und B\u00fcro in Lloseta. Wir verf\u00fcgen \u00fcber einen eigenen Natursteinbruch mit mallorquinischem Stein und 4000 m\u00b2 Einrichtungen mit der besten Maschinen Ausstattung. Marmor auf Mallorca\" \/>\n<meta property=\"og:url\" content=\"https:\/\/marmolesmoya.com\/de\/contacto-marmoles-en-mallorca-2\/\" \/>\n<meta property=\"og:site_name\" content=\"Marmoles Moy\u00e1\" \/>\n<meta property=\"article:modified_time\" content=\"2025-12-11T11:45:47+00:00\" \/>\n<meta name=\"twitter:card\" content=\"summary\" \/>\n<meta name=\"twitter:label1\" content=\"Gesch\u00e4tzte Lesezeit\">\n\t<meta name=\"twitter:data1\" content=\"1 Minute\">\n<script type=\"application\/ld+json\" class=\"yoast-schema-graph\">{\"@context\":\"https:\/\/schema.org\",\"@graph\":[{\"@type\":\"WebSite\",\"@id\":\"https:\/\/marmolesmoya.com\/#website\",\"url\":\"https:\/\/marmolesmoya.com\/\",\"name\":\"Marmoles Moy\\u00e1\",\"description\":\"Materiales y suministros\",\"potentialAction\":[{\"@type\":\"SearchAction\",\"target\":\"https:\/\/marmolesmoya.com\/?s={search_term_string}\",\"query-input\":\"required name=search_term_string\"}],\"inLanguage\":\"de-DE\"},{\"@type\":\"WebPage\",\"@id\":\"https:\/\/marmolesmoya.com\/de\/contacto-marmoles-en-mallorca-2\/#webpage\",\"url\":\"https:\/\/marmolesmoya.com\/de\/contacto-marmoles-en-mallorca-2\/\",\"name\":\"Nachhaltigkeitsplan | M\\u00e1rmoles Moy\\u00e0 | M\\u00e1rmoles en Mallorca M\\u00e1rmol\",\"isPartOf\":{\"@id\":\"https:\/\/marmolesmoya.com\/#website\"},\"datePublished\":\"2025-12-11T10:03:12+00:00\",\"dateModified\":\"2025-12-11T11:45:47+00:00\",\"description\":\"Fabrik und B\\u00fcro in Lloseta. Wir verf\\u00fcgen \\u00fcber einen eigenen Natursteinbruch mit mallorquinischem Stein und 4000 m\\u00b2 Einrichtungen mit der besten Maschinen Ausstattung. Marmor auf Mallorca\",\"breadcrumb\":{\"@id\":\"https:\/\/marmolesmoya.com\/de\/contacto-marmoles-en-mallorca-2\/#breadcrumb\"},\"inLanguage\":\"de-DE\",\"potentialAction\":[{\"@type\":\"ReadAction\",\"target\":[\"https:\/\/marmolesmoya.com\/de\/contacto-marmoles-en-mallorca-2\/\"]}]},{\"@type\":\"BreadcrumbList\",\"@id\":\"https:\/\/marmolesmoya.com\/de\/contacto-marmoles-en-mallorca-2\/#breadcrumb\",\"itemListElement\":[{\"@type\":\"ListItem\",\"position\":1,\"item\":{\"@type\":\"WebPage\",\"@id\":\"https:\/\/marmolesmoya.com\/de\/\",\"url\":\"https:\/\/marmolesmoya.com\/de\/\",\"name\":\"Portada\"}},{\"@type\":\"ListItem\",\"position\":2,\"item\":{\"@id\":\"https:\/\/marmolesmoya.com\/de\/contacto-marmoles-en-mallorca-2\/#webpage\"}}]}]}<\/script>\n<!-- \/ Yoast SEO plugin. -->","_links":{"self":[{"href":"https:\/\/marmolesmoya.com\/de\/wp-json\/wp\/v2\/pages\/2013"}],"collection":[{"href":"https:\/\/marmolesmoya.com\/de\/wp-json\/wp\/v2\/pages"}],"about":[{"href":"https:\/\/marmolesmoya.com\/de\/wp-json\/wp\/v2\/types\/page"}],"author":[{"embeddable":true,"href":"https:\/\/marmolesmoya.com\/de\/wp-json\/wp\/v2\/users\/4"}],"replies":[{"embeddable":true,"href":"https:\/\/marmolesmoya.com\/de\/wp-json\/wp\/v2\/comments?post=2013"}],"version-history":[{"count":27,"href":"https:\/\/marmolesmoya.com\/de\/wp-json\/wp\/v2\/pages\/2013\/revisions"}],"predecessor-version":[{"id":2087,"href":"https:\/\/marmolesmoya.com\/de\/wp-json\/wp\/v2\/pages\/2013\/revisions\/2087"}],"wp:attachment":[{"href":"https:\/\/marmolesmoya.com\/de\/wp-json\/wp\/v2\/media?parent=2013"}],"curies":[{"name":"wp","href":"https:\/\/api.w.org\/{rel}","templated":true}]}}