{"id":1548,"date":"2017-01-12T09:01:57","date_gmt":"2017-01-12T09:01:57","guid":{"rendered":"http:\/\/marmolesmoya.com\/privacy-policy-2\/"},"modified":"2021-05-19T08:53:33","modified_gmt":"2021-05-19T08:53:33","slug":"datenschutz-soziale-netzwerke","status":"publish","type":"page","link":"https:\/\/marmolesmoya.com\/de\/datenschutz-soziale-netzwerke\/","title":{"rendered":"Datenschutz soziale Netzwerke"},"content":{"rendered":"<div class=\"fusion-fullwidth fullwidth-box fusion-builder-row-1 nonhundred-percent-fullwidth non-hundred-percent-height-scrolling\" style=\"background-color: rgba(255,255,255,0);background-position: left top;background-repeat: no-repeat;padding-top:20px;padding-right:0px;padding-bottom:20px;padding-left:0px;margin-bottom: 0px;margin-top: 0px;border-width: 0px 0px 0px 0px;border-color:#eae9e9;border-style:solid;\" ><div class=\"fusion-builder-row fusion-row\"><div class=\"fusion-layout-column fusion_builder_column fusion-builder-column-0 fusion_builder_column_1_1 1_1 fusion-one-full fusion-column-first fusion-column-last fusion-column-no-min-height\" style=\"margin-top:0px;margin-bottom:0px;\"><div class=\"fusion-column-wrapper fusion-flex-column-wrapper-legacy\" style=\"background-position:left top;background-repeat:no-repeat;-webkit-background-size:cover;-moz-background-size:cover;-o-background-size:cover;background-size:cover;padding: 0px 0px 0px 0px;\"><div class=\"fusion-text fusion-text-1\"><div id=\"gt-res-content\">\n<div dir=\"ltr\"><span id=\"result_box\" class=\"\" lang=\"de\"><span title=\"De conformidad con lo establecido en la normativa vigente en Proteccio\u0301n de Datos de Cara\u0301cter Personal y la Ley 34\/2002, de 11 de julio, de Servicios de la Sociedad de la Informacio\u0301n y de Comercio Electro\u0301nico (LSSI-CE), MARMOLES MOYA E HIJOS\">In \u00dcbereinstimmung mit den Bestimmungen der geltenden Rechtsvorschriften \u00fcber den Schutz personenbezogener Daten und dem Gesetz 34\/2002, vom 11. Juli, Dienstleistungen der Informationsgesellschaft und des elektronischen Handels (LSSI-CE), MARMOLES MOYA AND SONS <\/span><span title=\"SL informa a los usuarios, que ha procedido a crear un perfil en la Red Social Facebook, con la finalidad principal de publicitar sus productos y servicios. \">SL informiert den Anwender, die ein Profil auf dem sozialen Netzwerk Facebook, mit dem Hauptziel zu schaffen fortgeschritten ist, ihre Produkte und Dienstleistungen zu werben.<br \/>\n<\/span><span title=\"Datos de MARMOLES MOYA E HIJOS SL: \">Fakten MARMOLES MOYA E HIJOS SL:<br \/>\n<\/span><span title=\"B57226128 \">B57226128<br \/>\n<\/span><span title=\"POLIG.\">Polig. <\/span><span title=\"P-3 - C\/ SABATERS, 10 07360, LLOSETA (ILLES BALEARS) administracion@marmolesmoya.com \">P-3 &#8211; C \/ Sabaters 10 07360, LLOSETA (Balearen) administracion@marmolesmoya.com<br \/>\n<\/span><span title=\"www.marmolesmoya.com \">www.marmolesmoya.com<br \/>\n<\/span><span title=\"El usuario dispone de un perfil en la misma Red Social y ha decidido unirse a la pa\u0301gina creada por MARMOLES MOYA E HIJOS SL, mostrando asi\u0301 intere\u0301s en la informacio\u0301n que se publicite en la Red. Al unirse a nuestra pa\u0301gina, nos facilita su consentimiento para\">Der Benutzer hat ein Profil auf dem gleichen sozialen Netzwerk und hat beschlossen, die Seite von MARMOLES MOYA AND SONS SL, zeigt Interesse an den Informationen erstellt zu verbinden, die \u00fcber das Internet beworben wird. Durch die Nutzung unserer Seite verbinden Sie uns Ihre Zustimmung zu <\/span><span title=\"el tratamiento de aquellos datos personales publicados en su perfil. \">die Behandlung der pers\u00f6nlichen in Ihrem Profil ver\u00f6ffentlichten Daten.<br \/>\n<\/span><span title=\"El usuario puede acceder en todo momento a las poli\u0301ticas de privacidad de la propia Red Social, asi\u0301 como configurar su perfil para garantizar su privacidad. \">Der Benutzer kann jederzeit den Datenschutzrichtlinien des eigenen Social Network zugreifen und stellen Sie Ihr Profil, Ihre Privatsph\u00e4re zu gew\u00e4hrleisten.<br \/>\n<\/span><span title=\"MARMOLES MOYA E HIJOS SL tiene acceso y trata aquella informacio\u0301n pu\u0301blica del usuario, en especial, su nombre de contacto.\">MARMOLES MOYA AND SONS SL hat Zugriff auf und die \u00f6ffentlichen Informationen \u00fcber den Benutzer, vor allem Ihre Kontaktnamen. <\/span><span title=\"Estos datos, so\u0301lo son utilizados dentro de la propia Red Social.\">Diese Daten werden nur innerhalb des eigenen Social Network. <\/span><span title=\"No son incorporados a ningu\u0301n fichero. \">Sie sind nicht in einer Datei enthalten.<br \/>\n<\/span><span title=\"En relacio\u0301n a los derechos de acceso, rectificacio\u0301n, cancelacio\u0301n y oposicio\u0301n, de los que usted dispone y que pueden ser ejercitados ante MARMOLES MOYA E HIJOS SL, de acuerdo con la LOPD, debe tener en cuenta los siguientes matices: \">Im Hinblick auf die Rechte auf Auskunft, Berichtigung, L\u00f6schung und Widerspruch, von dem Sie haben und welche ausge\u00fcbt werden kann, bevor MARMOLES MOYA AND SONS SL in \u00dcbereinstimmung mit dem Datenschutzgesetz, m\u00fcssen Sie die folgenden Nuancen ber\u00fccksichtigen:<br \/>\n<\/span><span title=\"Acceso: Vendra\u0301 definido por la funcionalidad de la Red Social y la capacidad de acceso a la informacio\u0301n de los perfiles de los usuarios. \">Zugang: wird durch die Funktionalit\u00e4t des Social Network und die M\u00f6glichkeit, den Zugriff auf Informationen von Benutzerprofilen definiert werden.<br \/>\n<\/span><span title=\"Rectificacio\u0301n: So\u0301lo podra\u0301 satisfacerse en relacio\u0301n a aquella informacio\u0301n que se encuentre bajo el control de MARMOLES MOYA E HIJOS SL, por ejemplo, eliminar comentarios publicados en la propia pa\u0301gina.\">L\u00f6sung: Sie k\u00f6nnen nur zufrieden sein, in Bezug auf Informationen, die unter der Kontrolle von MARMOLES MOYA AND SONS SL ist zum Beispiel Kommentare auf der Seite ver\u00f6ffentlicht selbst entfernen. <\/span><span title=\"Normalmente, este derecho debera\u0301 ejercerlo ante la Red Social. \">Typischerweise muss dieses Recht vor dem Social Network ausge\u00fcbt werden.<br \/>\n<\/span><span title=\"Cancelacio\u0301n y\/u Oposicio\u0301n: Como en el caso anterior, so\u0301lo podra\u0301 satisfacerse en relacio\u0301n a aquella informacio\u0301n que se encuentre bajo el control de MARMOLES MOYA E HIJOS SL, por ejemplo, dejar de estar unido al perfil. \">Stornierung und \/ oder Opposition: Wie im vorherigen Fall, Sie k\u00f6nnen nur in Bezug auf Informationen erf\u00fcllt werden, die unter der Kontrolle von MARMOLES MOYA AND SONS SL ist zum Beispiel aufh\u00f6ren Profil wird angebracht.<br \/>\n<\/span><span title=\"MARMOLES MOYA E HIJOS SL realizara\u0301 las siguientes actuaciones: \">MARMOLES MOYA UND S\u00d6HNE SL werden die folgenden Aktionen ausf\u00fchren:<br \/>\n<\/span><span title=\"Acceso a la informacio\u0301n pu\u0301blica del perfil. \">Der Zugang der \u00d6ffentlichkeit Profilinformationen.<br \/>\n<\/span><span title=\"Publicacio\u0301n en el perfil del usuario de toda aquella informacio\u0301n ya publicada en la pa\u0301gina de MARMOLES MOYA E HIJOS SL. \">Die Ver\u00f6ffentlichung im Benutzerprofil aller Informationen bereits auf der Website von MARMOLES MOYA AND SONS SL ver\u00f6ffentlicht.<br \/>\n<\/span><span title=\"Enviar mensajes personales e individuales a trave\u0301s de los canales de la Red Social.\">Senden Sie pers\u00f6nliche und individuelle Nachrichten, die \u00fcber die Kan\u00e4le des Social Network. <\/span><span title=\"Actualizaciones del estado de la pa\u0301gina que se publicara\u0301n en el perfil del usuario. \">Statusaktualisierungen Seite werden in dem Profil des Benutzers ver\u00f6ffentlicht.<br \/>\n<\/span><span title=\"El usuario siempre puede controlar sus conexiones, eliminar los contenidos que dejen de interesarle y restringir con quie\u0301n comparte sus conexiones, para ello debera\u0301 acceder a su configuracio\u0301n de privacidad.\">Sie k\u00f6nnen jederzeit Ihre Verbindungen zu \u00fcberpr\u00fcfen, l\u00f6schen Sie den Inhalt Interesse zu stoppen und zu beschr\u00e4nken, wer Sie Ihre Verbindungen teilen, denn es ist Ihre Privatsph\u00e4re-Einstellungen zugreifen m\u00fcssen.<\/span><\/span><\/div>\n<\/div>\n<div id=\"gt-res-tools\">\n<div id=\"gt-res-content\">\n<div dir=\"ltr\"><span id=\"result_box\" class=\"\" lang=\"de\"><span title=\"Publicaciones \">Publikationen<br \/>\n<\/span><span title=\"El usuario, una vez unido a la pa\u0301gina de MARMOLES MOYA E HIJOS SL, podra\u0301 publicar en e\u0301sta u\u0301ltima comentarios, enlaces, ima\u0301genes o fotografi\u0301as o cualquier otro tipo de contenido multimedia soportado por la Red Social.\">Der Benutzer befestigt einmal auf die Seite MARMOLES MOYA AND SONS SL kann auf den letzten Kommentare, Links, Bilder oder Fotografien oder jede andere Art von Medien durch das Social Network unterst\u00fctzt ver\u00f6ffentlichen. <\/span><span title=\"El usuario, en todos los casos, debe ser el titular de los mismos, gozar de los derechos de autor y de propiedad intelectual o contar con el consentimiento de los terceros afectados.\">Der Benutzer, in allen F\u00e4llen muss der Urheberrechtsinhaber sein, genie\u00dfen Sie das Urheberrecht und geistiges Eigentum oder haben die Zustimmung der betroffenen Dritten. <\/span><span title=\"Se prohi\u0301be expresamente cualquier publicacio\u0301n en la pa\u0301gina, ya sean textos, gra\u0301ficos, fotografi\u0301as, vi\u0301deos, etc.\">ausdr\u00fccklich verbietet jede Ver\u00f6ffentlichung auf der Seite, ob Text, Grafiken, Fotos, Videos, etc. <\/span><span title=\"que atenten o sean susceptibles de atentar contra la moral, la e\u0301tica, el buen gusto o el decoro, y\/o que infrinjan, violen o quebranten los derechos de propiedad intelectual o industrial, el derecho a la imagen o la Ley. En estos casos\">dass bedrohen oder geeignet sind, die Moral, Ethik, guten Geschmack oder Anstand und \/ oder verletzen, verletzen oder verletzen die Rechte des geistigen Eigentums, das Recht auf das Bild oder das Gesetz. In solchen F\u00e4llen zu untergraben <\/span><span title=\", MARMOLES MOYA E HIJOS SL se reserva el derecho a retirar de inmediato el contenido, pudiendo solicitar el bloqueo permanente del usuario. \">MARMOLES MOYA AND SONS SL beh\u00e4lt sich das Recht vor, den Inhalt zu entfernen und kann die permanente Benutzersperre beantragen.<br \/>\n<\/span><span title=\"MARMOLES MOYA E HIJOS SL no se hara\u0301 responsable de los contenidos que libremente ha publicado un usuario. \">MARMOLES MOYA AND SONS SL nicht f\u00fcr den Inhalt verantwortlich, die ein Benutzer frei ver\u00f6ffentlicht hat.<br \/>\n<\/span><span title=\"El usuario debe tener presente que sus publicaciones sera\u0301n conocidas por los otros usuarios, por lo que e\u0301l mismo es el principal responsable de su privacidad. \">Der Benutzer sollte sich bewusst sein, dass ihre Ver\u00f6ffentlichungen anderen Nutzern bekannt gegeben werden, damit er sich f\u00fcr ihre Privatsph\u00e4re in erster Linie verantwortlich ist.<br \/>\n<\/span><span title=\"Las ima\u0301genes que puedan publicarse en la pa\u0301gina no sera\u0301n almacenadas en ningu\u0301n fichero por parte de MARMOLES MOYA E HIJOS SL, pero si\u0301 que permanecera\u0301n en la Red Social. \">Die Bilder k\u00f6nnen auf der Seite ver\u00f6ffentlicht werden, werden nicht in jeder Datei von MARMOLES MOYA AND SONS SL gespeichert werden, aber es wird im sozialen Netzwerk bleiben.<br \/>\n<\/span><span title=\"Concursos y promociones \">Wettbewerbe und Aktionen<br \/>\n<\/span><span title=\"MARMOLES MOYA E HIJOS SL se reserva el derecho a realizar concursos y promociones, en los que podra\u0301 participar el usuario unido a su pa\u0301gina.\">MARMOLES MOYA AND SONS SL beh\u00e4lt sich das Recht Wettbewerbe und Aktionen zu machen, in denen der Benutzer auf Ihre Seite aufgef\u00fchrten teilnehmen. <\/span><span title=\"Las bases de cada uno de ellos, cuando se utilice para ello la plataforma de la Red Social, sera\u0301n publicadas en la misma.\">Die Basen eines jeden von ihnen, wenn es f\u00fcr die Plattform des sozialen Netzwerks verwendet wird, wird in ihm ver\u00f6ffentlicht. <\/span><span title=\"Cumpliendo siempre con la LSSI-CE y con cualquier otra norma que le sea de aplicacio\u0301n. \">immer in \u00dcbereinstimmung mit LSSI-CE und alle anderen Standard, der gilt.<br \/>\n<\/span><span title=\"La Red Social no patrocina, avala ni administra, de modo alguno, ninguna de nuestras promociones, ni esta\u0301 asociada a ninguna de ellas. \">Das soziale Netzwerk nicht sponsern, zu empfehlen oder verwaltet, in irgendeiner Weise, einer unserer Promotionen, oder mit einem von ihnen verbunden.<br \/>\n<\/span><span title=\"Publicidad \">Werbung<br \/>\n<\/span><span title=\"MARMOLES MOYA E HIJOS SL utilizara\u0301 la Red Social para publicitar sus productos y servicios, en todo caso, si decide tratar sus datos de contacto para realizar acciones directas de prospeccio\u0301n comercial, sera\u0301 siempre, cumpliendo con las exigencias legales de la LOPD y de la LSSI\">MARMOLES MOYA UND S\u00d6HNE SL wird das soziale Netzwerk nutzen, um ihre Produkte und Dienstleistungen zu werben, in jedem Fall, wenn Sie sich entscheiden, Ihr Ansprechpartner f\u00fcr direkte Aktionen der kommerziellen Prospektierung zu versuchen, werden immer mit den gesetzlichen Bestimmungen des Datenschutzgesetzes und LSSI konform sein <\/span><span title=\"-CE. \">-CE.<br \/>\n<\/span><span title=\"No se considerara\u0301 publicidad el hecho de recomendar a otros usuarios la pa\u0301gina de MARMOLES MOYA E HIJOS SL para que tambie\u0301n ellos puedan disfrutar de las promociones o estar informados de su actividad. \">Nicht ber\u00fccksichtigt werden die Werbung die Tatsache, f\u00fcr die Nutzer Seite MARMOLES MOYA AND SONS SL empfehlen, so dass auch sie k\u00f6nnen Aktionen genie\u00dfen oder ihrer T\u00e4tigkeit informiert.<br \/>\n<\/span><span title=\"A continuacio\u0301n detallamos el enlace a la poli\u0301tica de privacidad de la Red Social: Facebook: https:\/\/www.facebook.com\/help\/323540651073243\/\">Hier ist ein Link zu den Datenschutzbestimmungen des Social Network: Facebook: https:\/\/www.facebook.com\/help\/323540651073243\/<\/span><\/span><\/div>\n<\/div>\n<\/div>\n<div id=\"gt-res-tools\"><\/div>\n<\/div><div class=\"fusion-clearfix\"><\/div><\/div><\/div><\/div><\/div>\n","protected":false},"excerpt":{"rendered":"","protected":false},"author":4,"featured_media":0,"parent":0,"menu_order":0,"comment_status":"closed","ping_status":"closed","template":"","meta":[],"yoast_head":"<!-- This site is optimized with the Yoast SEO plugin v16.3 - https:\/\/yoast.com\/wordpress\/plugins\/seo\/ -->\n<title>Aviso Legal | M\u00e1rmoles Moy\u00e0 | M\u00e1rmol Lloseta<\/title>\n<meta name=\"description\" content=\"Contamos con cantera propia de piedra mallorquina y 4000m2 de instalaciones con la mejor maquinaria. M\u00e1rmoles en Mallorca | M\u00e1rmol Lloseta | Marmoler\u00eda\" \/>\n<meta name=\"robots\" content=\"index, follow, max-snippet:-1, max-image-preview:large, max-video-preview:-1\" \/>\n<link rel=\"canonical\" href=\"https:\/\/marmolesmoya.com\/de\/datenschutz-soziale-netzwerke\/\" \/>\n<meta property=\"og:locale\" content=\"de_DE\" \/>\n<meta property=\"og:type\" content=\"article\" \/>\n<meta property=\"og:title\" content=\"Aviso Legal | M\u00e1rmoles Moy\u00e0 | M\u00e1rmol Lloseta\" \/>\n<meta property=\"og:description\" content=\"Contamos con cantera propia de piedra mallorquina y 4000m2 de instalaciones con la mejor maquinaria. M\u00e1rmoles en Mallorca | M\u00e1rmol Lloseta | Marmoler\u00eda\" \/>\n<meta property=\"og:url\" content=\"https:\/\/marmolesmoya.com\/de\/datenschutz-soziale-netzwerke\/\" \/>\n<meta property=\"og:site_name\" content=\"Marmoles Moy\u00e1\" \/>\n<meta property=\"article:modified_time\" content=\"2021-05-19T08:53:33+00:00\" \/>\n<meta name=\"twitter:card\" content=\"summary\" \/>\n<meta name=\"twitter:label1\" content=\"Gesch\u00e4tzte Lesezeit\">\n\t<meta name=\"twitter:data1\" content=\"5 Minuten\">\n<script type=\"application\/ld+json\" class=\"yoast-schema-graph\">{\"@context\":\"https:\/\/schema.org\",\"@graph\":[{\"@type\":\"WebSite\",\"@id\":\"https:\/\/marmolesmoya.com\/#website\",\"url\":\"https:\/\/marmolesmoya.com\/\",\"name\":\"Marmoles Moy\\u00e1\",\"description\":\"Materiales y suministros\",\"potentialAction\":[{\"@type\":\"SearchAction\",\"target\":\"https:\/\/marmolesmoya.com\/?s={search_term_string}\",\"query-input\":\"required name=search_term_string\"}],\"inLanguage\":\"de-DE\"},{\"@type\":\"WebPage\",\"@id\":\"https:\/\/marmolesmoya.com\/de\/datenschutz-soziale-netzwerke\/#webpage\",\"url\":\"https:\/\/marmolesmoya.com\/de\/datenschutz-soziale-netzwerke\/\",\"name\":\"Aviso Legal | M\\u00e1rmoles Moy\\u00e0 | M\\u00e1rmol Lloseta\",\"isPartOf\":{\"@id\":\"https:\/\/marmolesmoya.com\/#website\"},\"datePublished\":\"2017-01-12T09:01:57+00:00\",\"dateModified\":\"2021-05-19T08:53:33+00:00\",\"description\":\"Contamos con cantera propia de piedra mallorquina y 4000m2 de instalaciones con la mejor maquinaria. M\\u00e1rmoles en Mallorca | M\\u00e1rmol Lloseta | Marmoler\\u00eda\",\"breadcrumb\":{\"@id\":\"https:\/\/marmolesmoya.com\/de\/datenschutz-soziale-netzwerke\/#breadcrumb\"},\"inLanguage\":\"de-DE\",\"potentialAction\":[{\"@type\":\"ReadAction\",\"target\":[\"https:\/\/marmolesmoya.com\/de\/datenschutz-soziale-netzwerke\/\"]}]},{\"@type\":\"BreadcrumbList\",\"@id\":\"https:\/\/marmolesmoya.com\/de\/datenschutz-soziale-netzwerke\/#breadcrumb\",\"itemListElement\":[{\"@type\":\"ListItem\",\"position\":1,\"item\":{\"@type\":\"WebPage\",\"@id\":\"https:\/\/marmolesmoya.com\/de\/\",\"url\":\"https:\/\/marmolesmoya.com\/de\/\",\"name\":\"Portada\"}},{\"@type\":\"ListItem\",\"position\":2,\"item\":{\"@id\":\"https:\/\/marmolesmoya.com\/de\/datenschutz-soziale-netzwerke\/#webpage\"}}]}]}<\/script>\n<!-- \/ Yoast SEO plugin. -->","_links":{"self":[{"href":"https:\/\/marmolesmoya.com\/de\/wp-json\/wp\/v2\/pages\/1548"}],"collection":[{"href":"https:\/\/marmolesmoya.com\/de\/wp-json\/wp\/v2\/pages"}],"about":[{"href":"https:\/\/marmolesmoya.com\/de\/wp-json\/wp\/v2\/types\/page"}],"author":[{"embeddable":true,"href":"https:\/\/marmolesmoya.com\/de\/wp-json\/wp\/v2\/users\/4"}],"replies":[{"embeddable":true,"href":"https:\/\/marmolesmoya.com\/de\/wp-json\/wp\/v2\/comments?post=1548"}],"version-history":[{"count":3,"href":"https:\/\/marmolesmoya.com\/de\/wp-json\/wp\/v2\/pages\/1548\/revisions"}],"predecessor-version":[{"id":1610,"href":"https:\/\/marmolesmoya.com\/de\/wp-json\/wp\/v2\/pages\/1548\/revisions\/1610"}],"wp:attachment":[{"href":"https:\/\/marmolesmoya.com\/de\/wp-json\/wp\/v2\/media?parent=1548"}],"curies":[{"name":"wp","href":"https:\/\/api.w.org\/{rel}","templated":true}]}}