{"id":1396,"date":"2015-02-02T19:40:48","date_gmt":"2015-02-02T19:40:48","guid":{"rendered":"http:\/\/marmolesmoya.com\/contacto-marmoles-en-mallorca-2\/"},"modified":"2021-05-19T08:53:34","modified_gmt":"2021-05-19T08:53:34","slug":"contacto-marmoles-en-mallorca","status":"publish","type":"page","link":"https:\/\/marmolesmoya.com\/de\/contacto-marmoles-en-mallorca\/","title":{"rendered":"Kontakt"},"content":{"rendered":"<p><div class=\"fusion-fullwidth fullwidth-box fusion-builder-row-1 fusion-parallax-none nonhundred-percent-fullwidth non-hundred-percent-height-scrolling\" style=\"background-color: rgba(255,255,255,0);background-image: url(&quot;http:\/\/marmolesmoya.com\/wp-content\/uploads\/2015\/02\/007b1.jpg&quot;);background-position: center center;background-repeat: no-repeat;padding-top:110px;padding-right:6%;padding-bottom:140px;padding-left:6%;margin-bottom: 0px;margin-top: 0px;border-width: 0px 0px 0px 0px;border-color:#eae9e9;border-style:solid;-webkit-background-size:cover;-moz-background-size:cover;-o-background-size:cover;background-size:cover;\" ><div class=\"fusion-builder-row fusion-row\"><div class=\"fusion-layout-column fusion_builder_column fusion-builder-column-0 fusion_builder_column_1_1 1_1 fusion-one-full fusion-column-first fusion-column-last fusion-column-no-min-height\" style=\"margin-top:0px;margin-bottom:0px;\"><div class=\"fusion-column-wrapper fusion-flex-column-wrapper-legacy\" style=\"background-position:left top;background-repeat:no-repeat;-webkit-background-size:cover;-moz-background-size:cover;-o-background-size:cover;background-size:cover;padding: 0px 0px 0px 0px;\"><div class=\"fusion-text fusion-text-1\"><h1 style=\"text-align: center;\">KONTAKT<\/h1>\n<\/div><div class=\"fusion-sep-clear\"><\/div><div class=\"fusion-separator hrleft\" style=\"margin-left: auto;margin-right: auto;margin-top:20px;margin-bottom:20px;width:100%;max-width:170px;\"><div class=\"fusion-separator-border sep-single sep-solid\" style=\"border-color:#e69efa;border-top-width:1px;\"><\/div><\/div><div class=\"fusion-sep-clear\"><\/div><div class=\"fusion-clearfix\"><\/div><\/div><\/div><\/div><\/div><div class=\"fusion-fullwidth fullwidth-box fusion-builder-row-2 nonhundred-percent-fullwidth non-hundred-percent-height-scrolling fusion-equal-height-columns\" style=\"background-color: #313539;background-position: left top;background-repeat: no-repeat;padding-top:130px;padding-right:6%;padding-bottom:130px;padding-left:6%;margin-bottom: 0px;margin-top: 0px;border-width: 0px 0px 0px 0px;border-color:#eae9e9;border-style:solid;\" ><div class=\"fusion-builder-row fusion-row\"><div class=\"fusion-layout-column fusion_builder_column fusion-builder-column-1 fusion_builder_column_1_2 1_2 fusion-one-half fusion-column-first\" style=\"width:48%; margin-right: 4%;margin-top:0px;margin-bottom:20px;\"><div class=\"fusion-column-wrapper fusion-flex-column-wrapper-legacy\" style=\"background-position:left top;background-repeat:no-repeat;-webkit-background-size:cover;-moz-background-size:cover;-o-background-size:cover;background-size:cover;padding: 0px 0px 0px 0px;\"><div class=\"fusion-text fusion-text-2\"><h3>Werks und B\u00fcroanschrift<\/h3>\n<\/div><div class=\"fusion-sep-clear\"><\/div><div class=\"fusion-separator fusion-clearfix hrleft\" style=\"float:left;margin-top:20px;margin-bottom:20px;width:100%;max-width:170px;\"><div class=\"fusion-separator-border sep-single sep-solid\" style=\"border-color:#e69efa;border-top-width:1px;\"><\/div><\/div><div class=\"fusion-sep-clear\"><\/div><div class=\"fusion-text fusion-text-3\"><p class=\"address\">Poligon P3- Sabaters, n\u00ba 10<br \/>\n07360 Lloseta (Mallorca \u2013 Islas Baleares)<\/p>\n<p class=\"address\">P: 971.514.323<br \/>\nM: 649.818.935<\/p>\n<p class=\"address\">administracion@marmolesmoya.com<\/p>\n<p class=\"address\">presupuestos@marmolesmoya.com<\/p>\n<\/div><div class=\"fusion-text fusion-text-4\"><h5><a href=\"https:\/\/www.google.com\/maps\/place\/M%C3%A1rmoles+Moy%C3%A1\/@39.70442,2.8666223,17z\/data=!3m1!4b1!4m5!3m4!1s0x1297930ac98c45d1:0xd1e0908984dca051!8m2!3d39.70442!4d2.868811\" target=\"_blank\" rel=\"noopener\">GOOGLE MAPS ROUTE<\/a><\/h5>\n<p><img class=\"alignleft size-full wp-image-1569\" src=\"http:\/\/marmolesmoya.com\/wp-content\/uploads\/2015\/02\/QR-Localizacio\u0301n-Marmoles-Moya.png\" alt=\"QR Localizacio\u0301n Marmoles Moya\" width=\"132\" height=\"132\" srcset=\"https:\/\/marmolesmoya.com\/wp-content\/uploads\/2015\/02\/QR-Localizacio\u0301n-Marmoles-Moya-66x66.png 66w, https:\/\/marmolesmoya.com\/wp-content\/uploads\/2015\/02\/QR-Localizacio\u0301n-Marmoles-Moya.png 132w\" sizes=\"(max-width: 132px) 100vw, 132px\" \/><\/p>\n<\/div><div class=\"fusion-clearfix\"><\/div><\/div><\/div><div class=\"fusion-layout-column fusion_builder_column fusion-builder-column-2 fusion_builder_column_1_2 1_2 fusion-one-half fusion-column-last\" style=\"width:48%;margin-top:0px;margin-bottom:20px;\"><div class=\"fusion-column-wrapper fusion-flex-column-wrapper-legacy\" style=\"background-position:left top;background-repeat:no-repeat;-webkit-background-size:cover;-moz-background-size:cover;-o-background-size:cover;background-size:cover;padding: 0px 0px 0px 0px;\"><div class=\"fusion-sep-clear\"><\/div><div class=\"fusion-separator fusion-full-width-sep\" style=\"margin-left: auto;margin-right: auto;margin-top:20px;width:100%;\"><\/div><div class=\"fusion-sep-clear\"><\/div><div class=\"fusion-text fusion-text-5\"><div role=\"form\" class=\"wpcf7\" id=\"wpcf7-f1395-o1\" lang=\"es-ES\" dir=\"ltr\">\n<div class=\"screen-reader-response\"><p role=\"status\" aria-live=\"polite\" aria-atomic=\"true\"><\/p> <ul><\/ul><\/div>\n<form action=\"\/de\/wp-json\/wp\/v2\/pages\/1396#wpcf7-f1395-o1\" method=\"post\" class=\"wpcf7-form init\" novalidate=\"novalidate\" data-status=\"init\">\n<div style=\"display: none;\">\n<input type=\"hidden\" name=\"_wpcf7\" value=\"1395\" \/>\n<input type=\"hidden\" name=\"_wpcf7_version\" value=\"5.4.1\" \/>\n<input type=\"hidden\" name=\"_wpcf7_locale\" value=\"es_ES\" \/>\n<input type=\"hidden\" name=\"_wpcf7_unit_tag\" value=\"wpcf7-f1395-o1\" \/>\n<input type=\"hidden\" name=\"_wpcf7_container_post\" value=\"0\" \/>\n<input type=\"hidden\" name=\"_wpcf7_posted_data_hash\" value=\"\" \/>\n<\/div>\n<p>Ihr Name (erforderlich)<br \/>\n    <span class=\"wpcf7-form-control-wrap your-name\"><input type=\"text\" name=\"your-name\" value=\"\" size=\"40\" class=\"wpcf7-form-control wpcf7-text wpcf7-validates-as-required\" aria-required=\"true\" aria-invalid=\"false\" \/><\/span> <\/p>\n<p>Ihre E-Mail-Adresse (erforderlich)<br \/>\n    <span class=\"wpcf7-form-control-wrap your-email\"><input type=\"email\" name=\"your-email\" value=\"\" size=\"40\" class=\"wpcf7-form-control wpcf7-text wpcf7-email wpcf7-validates-as-required wpcf7-validates-as-email\" aria-required=\"true\" aria-invalid=\"false\" \/><\/span> <\/p>\n<p>Betreff<br \/>\n    <span class=\"wpcf7-form-control-wrap your-subject\"><input type=\"text\" name=\"your-subject\" value=\"\" size=\"40\" class=\"wpcf7-form-control wpcf7-text\" aria-invalid=\"false\" \/><\/span> <\/p>\n<p>Ihre Nachricht<br \/>\n    <span class=\"wpcf7-form-control-wrap your-message\"><textarea name=\"your-message\" cols=\"40\" rows=\"10\" class=\"wpcf7-form-control wpcf7-textarea\" aria-invalid=\"false\"><\/textarea><\/span> <\/p>\n<p><input type=\"submit\" value=\"Senden\" class=\"wpcf7-form-control wpcf7-submit\" \/><\/p>\n<p>Nutzungsbedingungen akzeptieren und die Antwort auf die E-Mail zu senden.<\/p>\n<p><span class=\"wpcf7-form-control-wrap acceptance-470\"><span class=\"wpcf7-form-control wpcf7-acceptance\"><span class=\"wpcf7-list-item\"><input type=\"checkbox\" name=\"acceptance-470\" value=\"1\" aria-invalid=\"false\" \/><\/span><\/span><\/span> Ich habe die Bedingungen der <a href=\"http:\/\/marmolesmoya.com\/de\/condiciones-lopd-marmol-lloseta\/\">Datenschutzgesetz gelesen und akzeptiert<\/a><br \/>\n<span class=\"wpcf7-form-control-wrap acceptance-477\"><span class=\"wpcf7-form-control wpcf7-acceptance\"><span class=\"wpcf7-list-item\"><input type=\"checkbox\" name=\"acceptance-477\" value=\"1\" aria-invalid=\"false\" \/><\/span><\/span><\/span> Ich habe gelesen und akzeptiere die kommerzielle Kommunikation durch MARMOLES MOYA AND SONS SL erhalten<br \/>\nSie m\u00fcssen die Frage zu beantworten, die per E-Mail:<br \/>\n<span class=\"wpcf7-form-control-wrap quiz-140\"><label><span class=\"wpcf7-quiz-label\">1+1=?<\/span> <input type=\"text\" name=\"quiz-140\" size=\"40\" class=\"wpcf7-form-control wpcf7-quiz\" autocomplete=\"off\" aria-required=\"true\" aria-invalid=\"false\" \/><\/label><input type=\"hidden\" name=\"_wpcf7_quiz_answer_quiz-140\" value=\"fd190609f2c1ff0df2f22922f1a1ecb3\" \/><\/span><\/p>\n<div class=\"fusion-alert alert custom alert-custom fusion-alert-center wpcf7-response-output alert-dismissable\" style=\"border-width:1px;\"><button type=\"button\" class=\"close toggle-alert\" data-dismiss=\"alert\" aria-hidden=\"true\">&times;<\/button><div class=\"fusion-alert-content-wrapper\"><span class=\"fusion-alert-content\"><\/span><\/div><\/div><\/form><\/div>\n<\/div><div class=\"fusion-clearfix\"><\/div><\/div><\/div><\/div><\/div><div class=\"fusion-fullwidth fullwidth-box fusion-builder-row-3 hundred-percent-fullwidth non-hundred-percent-height-scrolling fusion-equal-height-columns\" style=\"background-color: rgba(255,255,255,0);background-position: left top;background-repeat: no-repeat;padding-top:0px;padding-right:0px;padding-bottom:0px;padding-left:0px;margin-bottom: 0px;margin-top: 0px;border-width: 0px 0px 0px 0px;border-color:#eae9e9;border-style:solid;\" ><div class=\"fusion-builder-row fusion-row\"><div class=\"fusion-layout-column fusion_builder_column fusion-builder-column-3 fusion_builder_column_1_1 1_1 fusion-one-full fusion-column-first fusion-column-last fusion-column-no-min-height\" style=\"margin-top:0px;margin-bottom:0px;\"><div class=\"fusion-column-wrapper fusion-flex-column-wrapper-legacy\" style=\"background-position:left top;background-repeat:no-repeat;-webkit-background-size:cover;-moz-background-size:cover;-o-background-size:cover;background-size:cover;padding: 0px 0px 0px 0px;\"><iframe src=\"https:\/\/www.google.com\/maps\/embed?pb=!1m18!1m12!1m3!1d3069.5678266148534!2d2.8666223153744044!3d39.70441997945449!2m3!1f0!2f0!3f0!3m2!1i1024!2i768!4f13.1!3m3!1m2!1s0x1297930ac98c45d1%3A0xd1e0908984dca051!2zTcOhcm1vbGVzIE1vecOh!5e0!3m2!1ses!2ses!4v1535534556892\" width=\"100%\" height=\"450\" frameborder=\"0\" style=\"border:0\" allowfullscreen><\/iframe><div class=\"fusion-clearfix\"><\/div><\/div><\/div><\/div><\/div><\/p>\n","protected":false},"excerpt":{"rendered":"","protected":false},"author":4,"featured_media":0,"parent":0,"menu_order":0,"comment_status":"closed","ping_status":"open","template":"100-width.php","meta":[],"yoast_head":"<!-- This site is optimized with the Yoast SEO plugin v16.3 - https:\/\/yoast.com\/wordpress\/plugins\/seo\/ -->\n<title>Kontakt | M\u00e1rmoles Moy\u00e0 | M\u00e1rmoles en Mallorca M\u00e1rmol<\/title>\n<meta name=\"description\" content=\"F\u00e1brica y oficina en Lloseta. Contamos con cantera propia de piedra mallorquina y 4000m2 de instalaciones con la mejor maquinaria. M\u00e1rmoles en Mallorca\" \/>\n<meta name=\"robots\" content=\"index, follow, max-snippet:-1, max-image-preview:large, max-video-preview:-1\" \/>\n<link rel=\"canonical\" href=\"https:\/\/marmolesmoya.com\/de\/contacto-marmoles-en-mallorca\/\" \/>\n<meta property=\"og:locale\" content=\"de_DE\" \/>\n<meta property=\"og:type\" content=\"article\" \/>\n<meta property=\"og:title\" content=\"Kontakt | M\u00e1rmoles Moy\u00e0 | M\u00e1rmoles en Mallorca M\u00e1rmol\" \/>\n<meta property=\"og:description\" content=\"F\u00e1brica y oficina en Lloseta. Contamos con cantera propia de piedra mallorquina y 4000m2 de instalaciones con la mejor maquinaria. M\u00e1rmoles en Mallorca\" \/>\n<meta property=\"og:url\" content=\"https:\/\/marmolesmoya.com\/de\/contacto-marmoles-en-mallorca\/\" \/>\n<meta property=\"og:site_name\" content=\"Marmoles Moy\u00e1\" \/>\n<meta property=\"article:modified_time\" content=\"2021-05-19T08:53:34+00:00\" \/>\n<meta property=\"og:image\" content=\"http:\/\/marmolesmoya.com\/wp-content\/uploads\/2015\/02\/QR-Localizacio\u0301n-Marmoles-Moya.png\" \/>\n<meta name=\"twitter:card\" content=\"summary\" \/>\n<meta name=\"twitter:label1\" content=\"Gesch\u00e4tzte Lesezeit\">\n\t<meta name=\"twitter:data1\" content=\"3 Minuten\">\n<script type=\"application\/ld+json\" class=\"yoast-schema-graph\">{\"@context\":\"https:\/\/schema.org\",\"@graph\":[{\"@type\":\"WebSite\",\"@id\":\"https:\/\/marmolesmoya.com\/#website\",\"url\":\"https:\/\/marmolesmoya.com\/\",\"name\":\"Marmoles Moy\\u00e1\",\"description\":\"Materiales y suministros\",\"potentialAction\":[{\"@type\":\"SearchAction\",\"target\":\"https:\/\/marmolesmoya.com\/?s={search_term_string}\",\"query-input\":\"required name=search_term_string\"}],\"inLanguage\":\"de-DE\"},{\"@type\":\"ImageObject\",\"@id\":\"https:\/\/marmolesmoya.com\/de\/contacto-marmoles-en-mallorca\/#primaryimage\",\"inLanguage\":\"de-DE\",\"url\":\"http:\/\/marmolesmoya.com\/wp-content\/uploads\/2015\/02\/QR-Localizacio\\u0301n-Marmoles-Moya.png\",\"contentUrl\":\"http:\/\/marmolesmoya.com\/wp-content\/uploads\/2015\/02\/QR-Localizacio\\u0301n-Marmoles-Moya.png\"},{\"@type\":\"WebPage\",\"@id\":\"https:\/\/marmolesmoya.com\/de\/contacto-marmoles-en-mallorca\/#webpage\",\"url\":\"https:\/\/marmolesmoya.com\/de\/contacto-marmoles-en-mallorca\/\",\"name\":\"Kontakt | M\\u00e1rmoles Moy\\u00e0 | M\\u00e1rmoles en Mallorca M\\u00e1rmol\",\"isPartOf\":{\"@id\":\"https:\/\/marmolesmoya.com\/#website\"},\"primaryImageOfPage\":{\"@id\":\"https:\/\/marmolesmoya.com\/de\/contacto-marmoles-en-mallorca\/#primaryimage\"},\"datePublished\":\"2015-02-02T19:40:48+00:00\",\"dateModified\":\"2021-05-19T08:53:34+00:00\",\"description\":\"F\\u00e1brica y oficina en Lloseta. Contamos con cantera propia de piedra mallorquina y 4000m2 de instalaciones con la mejor maquinaria. M\\u00e1rmoles en Mallorca\",\"breadcrumb\":{\"@id\":\"https:\/\/marmolesmoya.com\/de\/contacto-marmoles-en-mallorca\/#breadcrumb\"},\"inLanguage\":\"de-DE\",\"potentialAction\":[{\"@type\":\"ReadAction\",\"target\":[\"https:\/\/marmolesmoya.com\/de\/contacto-marmoles-en-mallorca\/\"]}]},{\"@type\":\"BreadcrumbList\",\"@id\":\"https:\/\/marmolesmoya.com\/de\/contacto-marmoles-en-mallorca\/#breadcrumb\",\"itemListElement\":[{\"@type\":\"ListItem\",\"position\":1,\"item\":{\"@type\":\"WebPage\",\"@id\":\"https:\/\/marmolesmoya.com\/de\/\",\"url\":\"https:\/\/marmolesmoya.com\/de\/\",\"name\":\"Portada\"}},{\"@type\":\"ListItem\",\"position\":2,\"item\":{\"@id\":\"https:\/\/marmolesmoya.com\/de\/contacto-marmoles-en-mallorca\/#webpage\"}}]}]}<\/script>\n<!-- \/ Yoast SEO plugin. -->","_links":{"self":[{"href":"https:\/\/marmolesmoya.com\/de\/wp-json\/wp\/v2\/pages\/1396"}],"collection":[{"href":"https:\/\/marmolesmoya.com\/de\/wp-json\/wp\/v2\/pages"}],"about":[{"href":"https:\/\/marmolesmoya.com\/de\/wp-json\/wp\/v2\/types\/page"}],"author":[{"embeddable":true,"href":"https:\/\/marmolesmoya.com\/de\/wp-json\/wp\/v2\/users\/4"}],"replies":[{"embeddable":true,"href":"https:\/\/marmolesmoya.com\/de\/wp-json\/wp\/v2\/comments?post=1396"}],"version-history":[{"count":12,"href":"https:\/\/marmolesmoya.com\/de\/wp-json\/wp\/v2\/pages\/1396\/revisions"}],"predecessor-version":[{"id":1625,"href":"https:\/\/marmolesmoya.com\/de\/wp-json\/wp\/v2\/pages\/1396\/revisions\/1625"}],"wp:attachment":[{"href":"https:\/\/marmolesmoya.com\/de\/wp-json\/wp\/v2\/media?parent=1396"}],"curies":[{"name":"wp","href":"https:\/\/api.w.org\/{rel}","templated":true}]}}