{"id":1390,"date":"2015-06-08T09:05:12","date_gmt":"2015-06-08T09:05:12","guid":{"rendered":"http:\/\/marmolesmoya.com\/trabajos-marmoles-en-mallorca-2\/"},"modified":"2021-05-19T08:53:34","modified_gmt":"2021-05-19T08:53:34","slug":"trabajos-marmoles-en-mallorca","status":"publish","type":"page","link":"https:\/\/marmolesmoya.com\/de\/trabajos-marmoles-en-mallorca\/","title":{"rendered":"Arbeiten"},"content":{"rendered":"<div class=\"fusion-fullwidth fullwidth-box fusion-builder-row-1 hundred-percent-fullwidth non-hundred-percent-height-scrolling\" style=\"background-color: rgba(255,255,255,0);background-position: center center;background-repeat: no-repeat;padding-top:0px;padding-right:0px;padding-bottom:0px;padding-left:0px;margin-bottom: 0px;margin-top: 0px;border-width: 0px 0px 0px 0px;border-color:#eae9e9;border-style:solid;\" ><div class=\"fusion-builder-row fusion-row\"><div class=\"fusion-layout-column fusion_builder_column fusion-builder-column-0 fusion_builder_column_1_1 1_1 fusion-one-full fusion-column-first fusion-column-last fusion-column-no-min-height\" style=\"margin-top:0px;margin-bottom:0px;\"><div class=\"fusion-column-wrapper fusion-flex-column-wrapper-legacy\" style=\"background-position:left top;background-repeat:no-repeat;-webkit-background-size:cover;-moz-background-size:cover;-o-background-size:cover;background-size:cover;padding: 0px 0px 0px 0px;\"><style type=\"text\/css\">.fusion-portfolio-wrapper#fusion-portfolio-1 .fusion-portfolio-content{  text-align: left; }<\/style><div class=\"fusion-recent-works fusion-portfolio-element fusion-portfolio fusion-portfolio-1 fusion-portfolio-grid fusion-portfolio-paging-pagination fusion-portfolio-three fusion-portfolio-unboxed fusion-portfolio-text\" data-id=\"-rw-1\" data-columns=\"three\"><style type=\"text\/css\">.fusion-portfolio-1 .fusion-portfolio-wrapper .fusion-col-spacing{padding:6px;}<\/style><div class=\"fusion-portfolio-wrapper\" id=\"fusion-portfolio-1\" data-picturesize=\"auto\" data-pages=\"1\" style=\"margin:-6px;\"><article id=\"portfolio-1-post-1428\" class=\"fusion-portfolio-post skulpturen fusion-col-spacing post-1428\"><div class=\"fusion-portfolio-content-wrapper\" style=\"border:none;\">\n\n<div  class=\"fusion-image-wrapper\" aria-haspopup=\"true\">\n\t\n\t\n\t\t\t\n\t\t\t\t<a href=\"https:\/\/marmolesmoya.com\/de\/portfolio-items\/escultura-tony-cragg\/\" aria-label=\"Skulptur Tony Cragg\">\n\t\t\n\t\t\n\t\t\t\t\t<img width=\"480\" height=\"640\" src=\"https:\/\/marmolesmoya.com\/wp-content\/uploads\/2015\/06\/25.jpg\" class=\"attachment-full size-full wp-post-image\" alt=\"Esculturas M\u00e1rmoles en Mallorca M\u00e1rmol Lloseta\" \/>\n\t\n\n\n\t\t\t\t<\/a>\n\t\t\n\t\n<\/div>\n<div class=\"fusion-portfolio-content\"><h2 class=\"fusion-post-title\"><a href=\"https:\/\/marmolesmoya.com\/de\/portfolio-items\/escultura-tony-cragg\/\">Skulptur Tony Cragg<\/a><\/h2><div class=\"fusion-portfolio-meta\"><a href=\"https:\/\/marmolesmoya.com\/de\/portfolio_category\/skulpturen\/\" rel=\"tag\">Skulpturen<\/a><\/div><div class=\"fusion-post-content\"><p>           Zur\u00fcck    <\/p><\/div><\/div><\/div><\/article><article id=\"portfolio-1-post-1431\" class=\"fusion-portfolio-post verschiedenes fusion-col-spacing post-1431\"><div class=\"fusion-portfolio-content-wrapper\" style=\"border:none;\">\n\n<div  class=\"fusion-image-wrapper\" aria-haspopup=\"true\">\n\t\n\t\n\t\t\t\n\t\t\t\t<a href=\"https:\/\/marmolesmoya.com\/de\/portfolio-items\/barra-granito-hotel-don-jaime\/\" aria-label=\"Au\u00dfentheke f\u00fcr Hotel\">\n\t\t\n\t\t\n\t\t\t\t\t<img width=\"800\" height=\"600\" src=\"https:\/\/marmolesmoya.com\/wp-content\/uploads\/2015\/06\/0121.jpg\" class=\"attachment-full size-full wp-post-image\" alt=\"\" \/>\n\t\n\n\n\t\t\t\t<\/a>\n\t\t\n\t\n<\/div>\n<div class=\"fusion-portfolio-content\"><h2 class=\"fusion-post-title\"><a href=\"https:\/\/marmolesmoya.com\/de\/portfolio-items\/barra-granito-hotel-don-jaime\/\">Au\u00dfentheke f\u00fcr Hotel<\/a><\/h2><div class=\"fusion-portfolio-meta\"><a href=\"https:\/\/marmolesmoya.com\/de\/portfolio_category\/verschiedenes\/\" rel=\"tag\">Verschiedenes<\/a><\/div><div class=\"fusion-post-content\"><p>Au\u00dfentheke aus schwarzem Granit Sud\u00e1frica mit abgestumpften Kanten und Blende f\u00fcr das Hotel Viva Rey Don Jaime in Santa Ponsa (Mallorca)         Zur\u00fcck    <\/p><\/div><\/div><\/div><\/article><article id=\"portfolio-1-post-1437\" class=\"fusion-portfolio-post buffets-de fusion-col-spacing post-1437\"><div class=\"fusion-portfolio-content-wrapper\" style=\"border:none;\">\n\n<div  class=\"fusion-image-wrapper\" aria-haspopup=\"true\">\n\t\n\t\n\t\t\t\n\t\t\t\t<a href=\"https:\/\/marmolesmoya.com\/de\/portfolio-items\/buffet-hotel-viva-rey-don-jaime\/\" aria-label=\"Buffet f\u00fcr Hotel\">\n\t\t\n\t\t\n\t\t\t\t\t<img width=\"800\" height=\"600\" src=\"https:\/\/marmolesmoya.com\/wp-content\/uploads\/2015\/06\/001.jpg\" class=\"attachment-full size-full wp-post-image\" alt=\"\" \/>\n\t\n\n\n\t\t\t\t<\/a>\n\t\t\n\t\n<\/div>\n<div class=\"fusion-portfolio-content\"><h2 class=\"fusion-post-title\"><a href=\"https:\/\/marmolesmoya.com\/de\/portfolio-items\/buffet-hotel-viva-rey-don-jaime\/\">Buffet f\u00fcr Hotel<\/a><\/h2><div class=\"fusion-portfolio-meta\"><a href=\"https:\/\/marmolesmoya.com\/de\/portfolio_category\/buffets-de\/\" rel=\"tag\">Buffets<\/a><\/div><div class=\"fusion-post-content\"><p>Buffet und Buffet-Frontelemente f\u00fcr das Hotel Viva Rey Don Jaime in Santa Pon\u00e7a (Mallorca) aus wei\u00dfem Quarz mit auf Gehrung ges\u00e4gten Kanten, durch die das Erscheinungsbild von Bl\u00f6cken entsteht.          Zur\u00fcck    <\/p><\/div><\/div><\/div><\/article><\/div><\/div><div class=\"fusion-clearfix\"><\/div><\/div><\/div><\/div><style type=\"text\/css\">.fusion-fullwidth.fusion-builder-row-1 { overflow:visible; }<\/style><\/div>\n","protected":false},"excerpt":{"rendered":"","protected":false},"author":4,"featured_media":0,"parent":0,"menu_order":0,"comment_status":"closed","ping_status":"closed","template":"","meta":[],"yoast_head":"<!-- This site is optimized with the Yoast SEO plugin v16.3 - https:\/\/yoast.com\/wordpress\/plugins\/seo\/ -->\n<title>Arbeiten | M\u00e1rmoles Moy\u00e0 | M\u00e1rmoles en Mallorca Proyectos<\/title>\n<meta name=\"description\" content=\"Lavabos, fregaderos, encimeras y escaleras, realizados con materiales de \u00faltima generaci\u00f3n o artesanalmente sobre piedra natural con m\u00e1rmoles en Mallorca\" \/>\n<meta name=\"robots\" content=\"index, follow, max-snippet:-1, max-image-preview:large, max-video-preview:-1\" \/>\n<link rel=\"canonical\" href=\"https:\/\/marmolesmoya.com\/de\/trabajos-marmoles-en-mallorca\/\" \/>\n<meta property=\"og:locale\" content=\"de_DE\" \/>\n<meta property=\"og:type\" content=\"article\" \/>\n<meta property=\"og:title\" content=\"Arbeiten | M\u00e1rmoles Moy\u00e0 | M\u00e1rmoles en Mallorca Proyectos\" \/>\n<meta property=\"og:description\" content=\"Lavabos, fregaderos, encimeras y escaleras, realizados con materiales de \u00faltima generaci\u00f3n o artesanalmente sobre piedra natural con m\u00e1rmoles en Mallorca\" \/>\n<meta property=\"og:url\" content=\"https:\/\/marmolesmoya.com\/de\/trabajos-marmoles-en-mallorca\/\" \/>\n<meta property=\"og:site_name\" content=\"Marmoles Moy\u00e1\" \/>\n<meta property=\"article:modified_time\" content=\"2021-05-19T08:53:34+00:00\" \/>\n<meta name=\"twitter:card\" content=\"summary\" \/>\n<meta name=\"twitter:label1\" content=\"Gesch\u00e4tzte Lesezeit\">\n\t<meta name=\"twitter:data1\" content=\"1 Minute\">\n<script type=\"application\/ld+json\" class=\"yoast-schema-graph\">{\"@context\":\"https:\/\/schema.org\",\"@graph\":[{\"@type\":\"WebSite\",\"@id\":\"https:\/\/marmolesmoya.com\/#website\",\"url\":\"https:\/\/marmolesmoya.com\/\",\"name\":\"Marmoles Moy\\u00e1\",\"description\":\"Materiales y suministros\",\"potentialAction\":[{\"@type\":\"SearchAction\",\"target\":\"https:\/\/marmolesmoya.com\/?s={search_term_string}\",\"query-input\":\"required name=search_term_string\"}],\"inLanguage\":\"de-DE\"},{\"@type\":\"WebPage\",\"@id\":\"https:\/\/marmolesmoya.com\/de\/trabajos-marmoles-en-mallorca\/#webpage\",\"url\":\"https:\/\/marmolesmoya.com\/de\/trabajos-marmoles-en-mallorca\/\",\"name\":\"Arbeiten | M\\u00e1rmoles Moy\\u00e0 | M\\u00e1rmoles en Mallorca Proyectos\",\"isPartOf\":{\"@id\":\"https:\/\/marmolesmoya.com\/#website\"},\"datePublished\":\"2015-06-08T09:05:12+00:00\",\"dateModified\":\"2021-05-19T08:53:34+00:00\",\"description\":\"Lavabos, fregaderos, encimeras y escaleras, realizados con materiales de \\u00faltima generaci\\u00f3n o artesanalmente sobre piedra natural con m\\u00e1rmoles en Mallorca\",\"breadcrumb\":{\"@id\":\"https:\/\/marmolesmoya.com\/de\/trabajos-marmoles-en-mallorca\/#breadcrumb\"},\"inLanguage\":\"de-DE\",\"potentialAction\":[{\"@type\":\"ReadAction\",\"target\":[\"https:\/\/marmolesmoya.com\/de\/trabajos-marmoles-en-mallorca\/\"]}]},{\"@type\":\"BreadcrumbList\",\"@id\":\"https:\/\/marmolesmoya.com\/de\/trabajos-marmoles-en-mallorca\/#breadcrumb\",\"itemListElement\":[{\"@type\":\"ListItem\",\"position\":1,\"item\":{\"@type\":\"WebPage\",\"@id\":\"https:\/\/marmolesmoya.com\/de\/\",\"url\":\"https:\/\/marmolesmoya.com\/de\/\",\"name\":\"Portada\"}},{\"@type\":\"ListItem\",\"position\":2,\"item\":{\"@id\":\"https:\/\/marmolesmoya.com\/de\/trabajos-marmoles-en-mallorca\/#webpage\"}}]}]}<\/script>\n<!-- \/ Yoast SEO plugin. -->","_links":{"self":[{"href":"https:\/\/marmolesmoya.com\/de\/wp-json\/wp\/v2\/pages\/1390"}],"collection":[{"href":"https:\/\/marmolesmoya.com\/de\/wp-json\/wp\/v2\/pages"}],"about":[{"href":"https:\/\/marmolesmoya.com\/de\/wp-json\/wp\/v2\/types\/page"}],"author":[{"embeddable":true,"href":"https:\/\/marmolesmoya.com\/de\/wp-json\/wp\/v2\/users\/4"}],"replies":[{"embeddable":true,"href":"https:\/\/marmolesmoya.com\/de\/wp-json\/wp\/v2\/comments?post=1390"}],"version-history":[{"count":2,"href":"https:\/\/marmolesmoya.com\/de\/wp-json\/wp\/v2\/pages\/1390\/revisions"}],"predecessor-version":[{"id":1622,"href":"https:\/\/marmolesmoya.com\/de\/wp-json\/wp\/v2\/pages\/1390\/revisions\/1622"}],"wp:attachment":[{"href":"https:\/\/marmolesmoya.com\/de\/wp-json\/wp\/v2\/media?parent=1390"}],"curies":[{"name":"wp","href":"https:\/\/api.w.org\/{rel}","templated":true}]}}