{"id":1388,"date":"2015-06-10T15:47:38","date_gmt":"2015-06-10T15:47:38","guid":{"rendered":"http:\/\/marmolesmoya.com\/politica-de-cookies-2\/"},"modified":"2021-05-19T08:53:34","modified_gmt":"2021-05-19T08:53:34","slug":"politica-de-cookies","status":"publish","type":"page","link":"https:\/\/marmolesmoya.com\/de\/politica-de-cookies\/","title":{"rendered":"Cookies Politik"},"content":{"rendered":"<div class=\"fusion-fullwidth fullwidth-box fusion-builder-row-1 nonhundred-percent-fullwidth non-hundred-percent-height-scrolling\" style=\"background-color: rgba(255,255,255,0);background-position: left top;background-repeat: no-repeat;padding-top:20px;padding-right:0px;padding-bottom:20px;padding-left:0px;margin-bottom: 0px;margin-top: 0px;border-width: 0px 0px 0px 0px;border-color:#eae9e9;border-style:solid;\" ><div class=\"fusion-builder-row fusion-row\"><div class=\"fusion-layout-column fusion_builder_column fusion-builder-column-0 fusion_builder_column_1_1 1_1 fusion-one-full fusion-column-first fusion-column-last fusion-column-no-min-height\" style=\"margin-top:0px;margin-bottom:0px;\"><div class=\"fusion-column-wrapper fusion-flex-column-wrapper-legacy\" style=\"background-position:left top;background-repeat:no-repeat;-webkit-background-size:cover;-moz-background-size:cover;-o-background-size:cover;background-size:cover;padding: 0px 0px 0px 0px;\"><div class=\"fusion-text fusion-text-1\"><p><span id=\"result_box\" class=\"\" lang=\"de\"><span title=\"Cookie es un fichero que se descarga en su ordenador al acceder a determinadas p\u00e1ginas web.\">Cookie ist eine Datei, die auf Ihren Computer heruntergeladen wird, um bestimmte Webseiten u. <\/span><span title=\"Las cookies permiten a una p\u00e1gina web, entre otras cosas, almacenar y recuperar informaci\u00f3n sobre los h\u00e1bitos de navegaci\u00f3n de un usuario o de su equipo y, dependiendo de la informaci\u00f3n que contengan y de la forma en que utilice su equipo, pueden utilizarse para reconocer\">Cookies erlauben es eine Website, unter anderem, speichern und abrufen Informationen \u00fcber Surfgewohnheiten eines Benutzers oder ihre Ausr\u00fcstung und, abh\u00e4ngig von der darin enthaltenen Informationen und die Art und Weise Sie Ihren Computer verwenden, k\u00f6nnen verwendet werden, um zu erkennen <\/span><span title=\"al usuario.. El navegador del usuario memoriza cookies en el disco duro solamente durante la sesi\u00f3n actual ocupando un espacio de memoria m\u00ednimo y no perjudicando al ordenador.\">der Benutzer .. Der Browser des Benutzers speichert Cookies auf Ihrer Festplatte nur w\u00e4hrend der aktuellen Sitzung besetzen einen minimalen Raum der Erinnerung und den Computer nicht zu besch\u00e4digen. <\/span><span title=\"Las cookies no contienen ninguna clase de informaci\u00f3n personal espec\u00edfica, y la mayor\u00eda de las mismas se borran del disco duro al finalizar la sesi\u00f3n de navegador (las denominadas cookies de sesi\u00f3n). \">Die Cookies enthalten im Speziellen keine pers\u00f6nlichen Daten enthalten, und die meisten von ihnen werden von der Festplatte am Ende der Browser-Session (so genannte Session-Cookies) gel\u00f6scht.<\/span><\/span><\/p>\n<p><span title=\"La mayor\u00eda de los navegadores aceptan como est\u00e1ndar a las cookies y, con independencia de las mismas, permiten o impiden en los ajustes de seguridad las cookies temporales o memorizadas. \">Die meisten Browser akzeptieren Cookies standardm\u00e4\u00dfig und unabh\u00e4ngig davon, zu erm\u00f6glichen oder die Sicherheitseinstellungen zu verhindern, in vor\u00fcbergehenden oder gespeicherte Cookies.<\/span><\/p>\n<p><span title=\"Sin su expreso consentimiento \u2013mediante la activaci\u00f3n de las cookies en su navegador\u2013&quot;M\u00e1rmoles Moy\u00e1&quot; no enlazar\u00e1 en las cookies los datos memorizados con sus datos personales proporcionados en el momento del registro o la compra.. \">Ohne ihre Zustimmung, durch die Aktivierung von Cookies in Ihrem Browser- &#8222;Marbles Moya&#8220; werden nicht in Cookies gespeicherten Daten mit pers\u00f6nlichen Daten bei der Registrierung oder Kauf bereitgestellt verkn\u00fcpfen ..<\/span><\/p>\n<p><span title=\"\u00bfQu\u00e9 tipos de cookies utiliza esta p\u00e1gina web? \">Welche Arten von Cookies verwendet dieser Seite?<\/span><\/p>\n<p><span title=\"- Cookies de personalizaci\u00f3n: Son aqu\u00e9llas que permiten al usuario acceder al servicio con algunas caracter\u00edsticas de car\u00e1cter general predefinidas en funci\u00f3n de una serie de criterios en el terminal del usuario como por ejemplo serian el idioma, el tipo de navegador a trav\u00e9s del cual accede al\">&#8211; Cookies Customization: diejenigen, die Benutzer, um den Dienst mit einigen Funktionen von allgemeiner Natur das Benutzerendger\u00e4t, wie beispielsweise auf der Basis eines vordefinierten Satz von Kriterien Zugriff erlauben w\u00fcrde, die Sprache, die Art der Browser \u00fcber die der Zugang zu sein <\/span><span title=\"servicio, la configuraci\u00f3n regional desde donde accede al servicio, etc. \">Service, locale von der aus Sie den Service usw.<\/span><\/p>\n<p><span title=\"- Cookies de an\u00e1lisis: Son aqu\u00e9llas que bien tratadas por nosotros o por terceros, nos permiten cuantificar el n\u00famero de usuarios y as\u00ed realizar la medici\u00f3n y an\u00e1lisis estad\u00edstico de la utilizaci\u00f3n que hacen los usuarios del servicio ofertado.\">&#8211; Analyse Cookies: Diese sind gut durch uns oder durch Dritte behandelt, es uns erm\u00f6glichen, die Anzahl der Benutzer und damit die Messung und statistische Analyse der Verwendung durch Nutzer vom Service vorgenommen quantifizieren. <\/span><span title=\"Para ello se analiza su navegaci\u00f3n en nuestra p\u00e1gina web con el fin de mejorar la oferta de productos o servicios que le ofrecemos. \">Um dieses Surfen auf unserer Website, um die Lieferung von Waren oder Dienstleistungen, die wir anbieten, zu verbessern analysieren.<\/span><\/p>\n<p><span title=\"Cookies de terceros: La Web de &quot;M\u00e1rmoles Moy\u00e1&quot; puede utilizar servicios de terceros que, por cuenta de &quot;M\u00e1rmoles Moy\u00e1&quot;, recopilaran informaci\u00f3n con fines estad\u00edsticos, de uso del Site por parte del usuario y para la prestacion de otros servicios relacionados con la\">Third Party Cookies: Das Netz der &#8222;Marbles Moya&#8220; k\u00f6nnen Fremdleistungen im Namen der &#8222;Marbles Moya&#8220; verwenden kompilieren Informationen zu statistischen Zwecken, um die Website durch den Anwender bedienen und f\u00fcr die Erbringung von anderen verwandten Dienstleistungen <\/span><span title=\"actividad del Website y otros servicios de Internet. \">Website-Aktivit\u00e4t und andere Internet-Dienste.<\/span><\/p>\n<p><span title=\"En particular, este sitio Web utiliza Google Analytics, un servicio anal\u00edtico de web prestado por Google, Inc. con domicilio en los Estados Unidos con sede central en 1600 Amphitheatre Parkway, Mountain View, California 94043. Para la prestaci\u00f3n de estos servicios, estos utilizan\">Insbesondere verwendet diese Website Google Analytics, einen Webanalysedienst der Google Inc. in den Vereinigten Staaten mit Sitz in 1600 Amphitheatre Parkway, Mountain View, California 94043. registriert Um diese Dienste bereitstellen, die sie verwenden <\/span><span title=\"cookies que recopilan la informaci\u00f3n, incluida la direcci\u00f3n IP del usuario, que ser\u00e1 transmitida, tratada y almacenada por Google en los t\u00e9rminos fijados en la Web Google.com.\">Cookies, die Informationen zu sammeln, einschlie\u00dflich der IP-Adresse des Benutzers, die \u00fcbertragen werden wird, verarbeitet und von Google auf den im Google.com Web festgelegten Bedingungen gelagert. <\/span><span title=\"Incluyendo la posible transmisi\u00f3n de dicha informaci\u00f3n a terceros por razones de exigencia legal o cuando dichos terceros procesen la informaci\u00f3n por cuenta de Google. \">Einschlie\u00dflich der m\u00f6glichen \u00dcbertragung dieser Daten an Dritte aus Gr\u00fcnden der Rechtspflicht oder soweit Dritte diese Daten im Auftrag von Google verarbeiten.<\/span><\/p>\n<p><span title=\"El Usuario acepta expresamente, por la utilizaci\u00f3n de este Site, el tratamiento de la informaci\u00f3n recabada en la forma y con los fines anteriormente mencionados.\">Sie stimmen ausdr\u00fccklich zu, durch die Nutzung dieser Website, die Behandlung von Informationen in der Art und Weise und f\u00fcr die oben genannten Zwecke erhalten. <\/span><span title=\"Y asimismo reconoce conocer la posibilidad de rechazar el tratamiento de tales datos o informaci\u00f3n rechazando el uso de Cookies mediante la selecci\u00f3n de la configuraci\u00f3n apropiada a tal fin en su navegador.\">Und auch er erkennt sein Potenzial, um die Verarbeitung derartiger Daten oder Informationen durch die Ablehnung der Installation der Cookies durch eine entsprechende Einstellung f\u00fcr diesen Zweck in Ihrem Browser ablehnen. <\/span><span title=\"Si bien esta opci\u00f3n de bloqueo de Cookies en su navegador puede no permitirle el uso pleno de todas las funcionalidades del Website. \">W\u00e4hrend diese Option zum Blockieren von Cookies auf Ihrem Browser kann vollen Gebrauch von allen Funktionen der Website nicht zulassen.<\/span><\/p>\n<p><span title=\"Puede usted permitir, bloquear o eliminar las cookies instaladas en su equipo mediante la configuraci\u00f3n de las opciones del navegador instalado en su ordenador: \u00a0\u00a0\u00a0\u00a0\">K\u00f6nnen Sie zulassen, blockieren oder Cookies auf Ihrem Computer installiert zu l\u00f6schen, indem Sie Ihre Browser-Optionen auf Ihrem Computer installiert:<\/span><\/p>\n<p><span title=\"Chrome \u00a0\u00a0\u00a0\u00a0\">Chrom<br \/>\n<\/span><span title=\"Explorer \u00a0\u00a0\u00a0\u00a0\">Forscher<br \/>\n<\/span><span title=\"Firefox \u00a0\u00a0\u00a0\u00a0\">Firefox<br \/>\n<\/span><span title=\"Safari \">Safari<\/span><\/p>\n<p><span title=\"Si tiene dudas sobre esta pol\u00edtica de cookies, puede contactar con nosotros en administracion@marmolesmoya.com \">Wenn Sie Fragen zu dieser Politik der Cookies haben, k\u00f6nnen Sie uns dies administracion@marmolesmoya.com kontaktieren<\/span><\/p>\n<p><span title=\"M\u00e1rmoles Moy\u00e0 M\u00e1rmoles en Mallorca M\u00e1rmol Lloseta\">Moya Marbles Marbles Marble Mallorca Lloseta<\/span><\/p>\n<\/div><div class=\"fusion-clearfix\"><\/div><\/div><\/div><\/div><\/div>\n","protected":false},"excerpt":{"rendered":"","protected":false},"author":4,"featured_media":0,"parent":0,"menu_order":0,"comment_status":"closed","ping_status":"closed","template":"","meta":[],"yoast_head":"<!-- This site is optimized with the Yoast SEO plugin v16.3 - https:\/\/yoast.com\/wordpress\/plugins\/seo\/ -->\n<title>Cookies Politik | M\u00e1rmoles Moy\u00e0 | M\u00e1rmol Lloseta<\/title>\n<meta name=\"description\" content=\"F\u00e1brica y oficina en Lloseta. Contamos con cantera propia de piedra mallorquina y 4000m2 de instalaciones con la mejor maquinaria. M\u00e1rmol Lloseta Marmoler\u00eda\" \/>\n<meta name=\"robots\" content=\"index, follow, max-snippet:-1, max-image-preview:large, max-video-preview:-1\" \/>\n<link rel=\"canonical\" href=\"https:\/\/marmolesmoya.com\/de\/politica-de-cookies\/\" \/>\n<meta property=\"og:locale\" content=\"de_DE\" \/>\n<meta property=\"og:type\" content=\"article\" \/>\n<meta property=\"og:title\" content=\"Cookies Politik | M\u00e1rmoles Moy\u00e0 | M\u00e1rmol Lloseta\" \/>\n<meta property=\"og:description\" content=\"F\u00e1brica y oficina en Lloseta. Contamos con cantera propia de piedra mallorquina y 4000m2 de instalaciones con la mejor maquinaria. M\u00e1rmol Lloseta Marmoler\u00eda\" \/>\n<meta property=\"og:url\" content=\"https:\/\/marmolesmoya.com\/de\/politica-de-cookies\/\" \/>\n<meta property=\"og:site_name\" content=\"Marmoles Moy\u00e1\" \/>\n<meta property=\"article:modified_time\" content=\"2021-05-19T08:53:34+00:00\" \/>\n<meta name=\"twitter:card\" content=\"summary\" \/>\n<meta name=\"twitter:label1\" content=\"Gesch\u00e4tzte Lesezeit\">\n\t<meta name=\"twitter:data1\" content=\"3 Minuten\">\n<script type=\"application\/ld+json\" class=\"yoast-schema-graph\">{\"@context\":\"https:\/\/schema.org\",\"@graph\":[{\"@type\":\"WebSite\",\"@id\":\"https:\/\/marmolesmoya.com\/#website\",\"url\":\"https:\/\/marmolesmoya.com\/\",\"name\":\"Marmoles Moy\\u00e1\",\"description\":\"Materiales y suministros\",\"potentialAction\":[{\"@type\":\"SearchAction\",\"target\":\"https:\/\/marmolesmoya.com\/?s={search_term_string}\",\"query-input\":\"required name=search_term_string\"}],\"inLanguage\":\"de-DE\"},{\"@type\":\"WebPage\",\"@id\":\"https:\/\/marmolesmoya.com\/de\/politica-de-cookies\/#webpage\",\"url\":\"https:\/\/marmolesmoya.com\/de\/politica-de-cookies\/\",\"name\":\"Cookies Politik | M\\u00e1rmoles Moy\\u00e0 | M\\u00e1rmol Lloseta\",\"isPartOf\":{\"@id\":\"https:\/\/marmolesmoya.com\/#website\"},\"datePublished\":\"2015-06-10T15:47:38+00:00\",\"dateModified\":\"2021-05-19T08:53:34+00:00\",\"description\":\"F\\u00e1brica y oficina en Lloseta. Contamos con cantera propia de piedra mallorquina y 4000m2 de instalaciones con la mejor maquinaria. M\\u00e1rmol Lloseta Marmoler\\u00eda\",\"breadcrumb\":{\"@id\":\"https:\/\/marmolesmoya.com\/de\/politica-de-cookies\/#breadcrumb\"},\"inLanguage\":\"de-DE\",\"potentialAction\":[{\"@type\":\"ReadAction\",\"target\":[\"https:\/\/marmolesmoya.com\/de\/politica-de-cookies\/\"]}]},{\"@type\":\"BreadcrumbList\",\"@id\":\"https:\/\/marmolesmoya.com\/de\/politica-de-cookies\/#breadcrumb\",\"itemListElement\":[{\"@type\":\"ListItem\",\"position\":1,\"item\":{\"@type\":\"WebPage\",\"@id\":\"https:\/\/marmolesmoya.com\/de\/\",\"url\":\"https:\/\/marmolesmoya.com\/de\/\",\"name\":\"Portada\"}},{\"@type\":\"ListItem\",\"position\":2,\"item\":{\"@id\":\"https:\/\/marmolesmoya.com\/de\/politica-de-cookies\/#webpage\"}}]}]}<\/script>\n<!-- \/ Yoast SEO plugin. -->","_links":{"self":[{"href":"https:\/\/marmolesmoya.com\/de\/wp-json\/wp\/v2\/pages\/1388"}],"collection":[{"href":"https:\/\/marmolesmoya.com\/de\/wp-json\/wp\/v2\/pages"}],"about":[{"href":"https:\/\/marmolesmoya.com\/de\/wp-json\/wp\/v2\/types\/page"}],"author":[{"embeddable":true,"href":"https:\/\/marmolesmoya.com\/de\/wp-json\/wp\/v2\/users\/4"}],"replies":[{"embeddable":true,"href":"https:\/\/marmolesmoya.com\/de\/wp-json\/wp\/v2\/comments?post=1388"}],"version-history":[{"count":2,"href":"https:\/\/marmolesmoya.com\/de\/wp-json\/wp\/v2\/pages\/1388\/revisions"}],"predecessor-version":[{"id":1619,"href":"https:\/\/marmolesmoya.com\/de\/wp-json\/wp\/v2\/pages\/1388\/revisions\/1619"}],"wp:attachment":[{"href":"https:\/\/marmolesmoya.com\/de\/wp-json\/wp\/v2\/media?parent=1388"}],"curies":[{"name":"wp","href":"https:\/\/api.w.org\/{rel}","templated":true}]}}